{"id":21946,"date":"2023-08-24T10:37:44","date_gmt":"2023-08-24T10:37:44","guid":{"rendered":"https:\/\/aclinicadrpedromota.pt\/equipe\/sofia-monteiro\/"},"modified":"2026-03-20T13:17:54","modified_gmt":"2026-03-20T13:17:54","slug":"sofia-monteiro","status":"publish","type":"page","link":"https:\/\/aclinicadrpedromota.pt\/fr\/equipe\/sofia-monteiro\/","title":{"rendered":"Sofia Monteiro"},"content":{"rendered":"\t\t<div data-elementor-type=\"wp-page\" data-elementor-id=\"21946\" class=\"elementor elementor-21946 elementor-3585\" data-elementor-post-type=\"page\">\n\t\t\t\t\t\t<section class=\"elementor-section elementor-top-section elementor-element elementor-element-26ca84e elementor-section-boxed elementor-section-height-default elementor-section-height-default\" data-id=\"26ca84e\" data-element_type=\"section\" data-e-type=\"section\">\n\t\t\t\t\t\t<div class=\"elementor-container elementor-column-gap-wider\">\n\t\t\t\t\t<div class=\"elementor-column elementor-col-33 elementor-top-column elementor-element elementor-element-0881383\" data-id=\"0881383\" data-element_type=\"column\" data-e-type=\"column\">\n\t\t\t<div class=\"elementor-widget-wrap elementor-element-populated\">\n\t\t\t\t\t\t<div class=\"elementor-element elementor-element-d7fad7f elementor-widget elementor-widget-image\" data-id=\"d7fad7f\" data-element_type=\"widget\" data-e-type=\"widget\" data-widget_type=\"image.default\">\n\t\t\t\t<div class=\"elementor-widget-container\">\n\t\t\t\t\t\t\t\t\t\t\t\t\t\t\t<img fetchpriority=\"high\" decoding=\"async\" width=\"400\" height=\"400\" src=\"https:\/\/aclinicadrpedromota.pt\/wp-content\/uploads\/2023\/12\/SOFIAMONTEIRO_PERFIL.webp\" class=\"attachment-large size-large wp-image-21313\" alt=\"\" srcset=\"https:\/\/aclinicadrpedromota.pt\/wp-content\/uploads\/2023\/12\/SOFIAMONTEIRO_PERFIL.webp 400w, https:\/\/aclinicadrpedromota.pt\/wp-content\/uploads\/2023\/12\/SOFIAMONTEIRO_PERFIL-300x300.webp 300w, https:\/\/aclinicadrpedromota.pt\/wp-content\/uploads\/2023\/12\/SOFIAMONTEIRO_PERFIL-150x150.webp 150w\" sizes=\"(max-width: 400px) 100vw, 400px\" \/>\t\t\t\t\t\t\t\t\t\t\t\t\t\t\t<\/div>\n\t\t\t\t<\/div>\n\t\t\t\t<div class=\"elementor-element elementor-element-4488993 elementor-widget elementor-widget-heading\" data-id=\"4488993\" data-element_type=\"widget\" data-e-type=\"widget\" data-widget_type=\"heading.default\">\n\t\t\t\t<div class=\"elementor-widget-container\">\n\t\t\t\t\t<h1 class=\"elementor-heading-title elementor-size-default\">Sofia Monteiro<\/h1>\t\t\t\t<\/div>\n\t\t\t\t<\/div>\n\t\t\t\t<div class=\"elementor-element elementor-element-9b6cea1 elementor-widget elementor-widget-heading\" data-id=\"9b6cea1\" data-element_type=\"widget\" data-e-type=\"widget\" data-widget_type=\"heading.default\">\n\t\t\t\t<div class=\"elementor-widget-container\">\n\t\t\t\t\t<h2 class=\"elementor-heading-title elementor-size-default\">Gestionnaire de patients<\/h2>\t\t\t\t<\/div>\n\t\t\t\t<\/div>\n\t\t\t\t\t<\/div>\n\t\t<\/div>\n\t\t\t\t<div class=\"elementor-column elementor-col-66 elementor-top-column elementor-element elementor-element-f5781e1\" data-id=\"f5781e1\" data-element_type=\"column\" data-e-type=\"column\">\n\t\t\t<div class=\"elementor-widget-wrap elementor-element-populated\">\n\t\t\t\t\t\t<div class=\"elementor-element elementor-element-db73329 elementor-blockquote--skin-quotation elementor-blockquote--button-color-official elementor-widget elementor-widget-blockquote\" data-id=\"db73329\" data-element_type=\"widget\" data-e-type=\"widget\" data-widget_type=\"blockquote.default\">\n\t\t\t\t<div class=\"elementor-widget-container\">\n\t\t\t\t\t\t\t<blockquote class=\"elementor-blockquote\">\n\t\t\t<p class=\"elementor-blockquote__content\">\n\t\t\t\tJe suis le lien entre le dentiste et le patient \t\t\t<\/p>\n\t\t\t\t\t<\/blockquote>\n\t\t\t\t\t\t<\/div>\n\t\t\t\t<\/div>\n\t\t\t\t<div class=\"elementor-element elementor-element-622c5e9 elementor-widget elementor-widget-text-editor\" data-id=\"622c5e9\" data-element_type=\"widget\" data-e-type=\"widget\" data-widget_type=\"text-editor.default\">\n\t\t\t\t<div class=\"elementor-widget-container\">\n\t\t\t\t\t\t\t\t\t<p><span data-contrast=\"auto\">Gestora de Pacientes n&rsquo; A Cl\u00ednica Dr. Pedro Mota depuis un an, elle poss\u00e8de d\u00e9j\u00e0 une d\u00e9cennie d\u2019exp\u00e9rience dans le domaine de la sant\u00e9 et de la gestion des patients. Communicative par nature, elle a abandonn\u00e9 son premier m\u00e9tier, d\u2019auxiliaire d\u2019action \u00e9ducative, parce qu\u2019elle ne se sentait pas compl\u00e8tement remplie. Et je n\u2019aurais pas pu prendre une meilleure d\u00e9cision, car c\u2019est dans cette zone, o\u00f9 elle est tomb\u00e9e en parachute, mais qui allie communication et sant\u00e9, qu\u2019elle se sent accomplie.   <\/span><span data-ccp-props=\"{\"201341983\":0,\"335551550\":6,\"335551620\":6,\"335559739\":0,\"335559740\":276}\"> <\/span><\/p><p><span data-contrast=\"auto\">Il est le lien entre le dentiste et le patient, en assurant un suivi personnalis\u00e9 et permanent tout au long du processus de traitement. \u00c0 cette fin, il est pr\u00e9sent d\u00e8s la premi\u00e8re consultation, o\u00f9 le plan de traitement complet est \u00e9labor\u00e9, qui sera ensuite pr\u00e9sent\u00e9 en d\u00e9tail au patient, ainsi que les facilit\u00e9s de paiement. Elle a \u00e9galement la responsabilit\u00e9 de suivre le patient chaque fois qu\u2019il visite son dentiste et d\u2019\u00e9valuer l\u2019\u00e9volution des traitements. Il est toujours \u00e0 distance d\u2019un appel t\u00e9l\u00e9phonique, pour clarifier tout type de doute.    <\/span><span data-ccp-props=\"{\"201341983\":0,\"335551550\":6,\"335551620\":6,\"335559739\":0,\"335559740\":276}\"> <\/span><\/p>\t\t\t\t\t\t\t\t<\/div>\n\t\t\t\t<\/div>\n\t\t\t\t\t<\/div>\n\t\t<\/div>\n\t\t\t\t\t<\/div>\n\t\t<\/section>\n\t\t\t\t<section class=\"elementor-section elementor-top-section elementor-element elementor-element-9c0c57b elementor-section-boxed elementor-section-height-default elementor-section-height-default\" data-id=\"9c0c57b\" data-element_type=\"section\" data-e-type=\"section\">\n\t\t\t\t\t\t<div class=\"elementor-container elementor-column-gap-default\">\n\t\t\t\t\t<div class=\"elementor-column elementor-col-50 elementor-top-column elementor-element elementor-element-bb62f78\" data-id=\"bb62f78\" data-element_type=\"column\" data-e-type=\"column\">\n\t\t\t<div class=\"elementor-widget-wrap elementor-element-populated\">\n\t\t\t\t\t\t<div class=\"elementor-element elementor-element-dc3de5f elementor-blockquote--skin-quotation elementor-blockquote--button-color-official elementor-widget elementor-widget-blockquote\" data-id=\"dc3de5f\" data-element_type=\"widget\" data-e-type=\"widget\" data-widget_type=\"blockquote.default\">\n\t\t\t\t<div class=\"elementor-widget-container\">\n\t\t\t\t\t\t\t<blockquote class=\"elementor-blockquote\">\n\t\t\t<p class=\"elementor-blockquote__content\">\n\t\t\t\tJe suis un peu ennuyeux avec ce soin \t\t\t<\/p>\n\t\t\t\t\t<\/blockquote>\n\t\t\t\t\t\t<\/div>\n\t\t\t\t<\/div>\n\t\t\t\t<div class=\"elementor-element elementor-element-a0884ae elementor-widget elementor-widget-text-editor\" data-id=\"a0884ae\" data-element_type=\"widget\" data-e-type=\"widget\" data-widget_type=\"text-editor.default\">\n\t\t\t\t<div class=\"elementor-widget-container\">\n\t\t\t\t\t\t\t\t\t<p><span data-contrast=\"none\">Responsable de la gestion administrative de l\u2019accueil, il a pour mission d\u2019am\u00e9liorer les soins dans la fa\u00e7on dont on re\u00e7oit le patient, et il avoue \u00eatre tr\u00e8s exigeant dans ce domaine. Son objectif est de faire en sorte que le patient ressente le plus grand confort lors de la visite \u00e0 la clinique, qu\u2019il se sente entendu, compris et \u00e9clair\u00e9. Parmi les nombreux cas qui lui passent quotidiennement par la main, il rappelle ceux o\u00f9 le traitement n\u2019est pas viable pour le patient d\u2019un point de vue financier, mais il s\u2019assure de ne jamais perdre de vue ces cas et il ne se repose pas tant qu\u2019une solution n\u2019a pas \u00e9t\u00e9 trouv\u00e9e.   <\/span><span data-ccp-props=\"{\"201341983\":0,\"335551550\":6,\"335551620\":6,\"335559739\":0,\"335559740\":276}\"> <\/span><span data-ccp-props=\"{\"201341983\":0,\"335551550\":6,\"335551620\":6,\"335559739\":0,\"335559740\":276}\"> <\/span><\/p><p><span data-contrast=\"auto\">En dehors du contexte professionnel, elle appr\u00e9cie le temps pass\u00e9 en famille, est \u00e0 la maison et prend soin d\u2019elle-m\u00eame !<\/span><span data-ccp-props=\"{\"201341983\":0,\"335551550\":6,\"335551620\":6,\"335559739\":0,\"335559740\":276}\"> <\/span><span data-ccp-props=\"{\"201341983\":0,\"335551550\":6,\"335551620\":6,\"335559739\":0,\"335559740\":276}\"> <\/span><\/p>\t\t\t\t\t\t\t\t<\/div>\n\t\t\t\t<\/div>\n\t\t\t\t\t<\/div>\n\t\t<\/div>\n\t\t\t\t<div class=\"elementor-column elementor-col-50 elementor-top-column elementor-element elementor-element-df68ac9\" data-id=\"df68ac9\" data-element_type=\"column\" data-e-type=\"column\">\n\t\t\t<div class=\"elementor-widget-wrap elementor-element-populated\">\n\t\t\t\t\t\t<div class=\"elementor-element elementor-element-014252c elementor-widget elementor-widget-image\" data-id=\"014252c\" data-element_type=\"widget\" data-e-type=\"widget\" data-widget_type=\"image.default\">\n\t\t\t\t<div class=\"elementor-widget-container\">\n\t\t\t\t\t\t\t\t\t\t\t\t\t\t\t<img decoding=\"async\" width=\"800\" height=\"1000\" src=\"https:\/\/aclinicadrpedromota.pt\/wp-content\/uploads\/2024\/02\/sofia-paciente.webp\" class=\"attachment-large size-large wp-image-21936\" alt=\"\" srcset=\"https:\/\/aclinicadrpedromota.pt\/wp-content\/uploads\/2024\/02\/sofia-paciente.webp 800w, https:\/\/aclinicadrpedromota.pt\/wp-content\/uploads\/2024\/02\/sofia-paciente-240x300.webp 240w, https:\/\/aclinicadrpedromota.pt\/wp-content\/uploads\/2024\/02\/sofia-paciente-768x960.webp 768w\" sizes=\"(max-width: 800px) 100vw, 800px\" \/>\t\t\t\t\t\t\t\t\t\t\t\t\t\t\t<\/div>\n\t\t\t\t<\/div>\n\t\t\t\t\t<\/div>\n\t\t<\/div>\n\t\t\t\t\t<\/div>\n\t\t<\/section>\n\t\t\t\t<\/div>\n\t\t","protected":false},"excerpt":{"rendered":"<p>Sofia Monteiro Gestionnaire de patients Je suis le lien entre le dentiste et le patient Gestora de Pacientes n&rsquo; A Cl\u00ednica Dr. Pedro Mota depuis un an, elle poss\u00e8de d\u00e9j\u00e0 une d\u00e9cennie d\u2019exp\u00e9rience dans le domaine de la sant\u00e9 et de la gestion des patients. Communicative par nature, elle a abandonn\u00e9 son premier m\u00e9tier, d\u2019auxiliaire [&hellip;]<\/p>\n","protected":false},"author":2,"featured_media":0,"parent":21316,"menu_order":0,"comment_status":"closed","ping_status":"closed","template":"","meta":{"site-sidebar-layout":"no-sidebar","site-content-layout":"page-builder","ast-site-content-layout":"default","site-content-style":"default","site-sidebar-style":"default","ast-global-header-display":"","ast-banner-title-visibility":"","ast-main-header-display":"","ast-hfb-above-header-display":"","ast-hfb-below-header-display":"","ast-hfb-mobile-header-display":"","site-post-title":"disabled","ast-breadcrumbs-content":"","ast-featured-img":"disabled","footer-sml-layout":"","ast-disable-related-posts":"","theme-transparent-header-meta":"","adv-header-id-meta":"","stick-header-meta":"","header-above-stick-meta":"","header-main-stick-meta":"","header-below-stick-meta":"","astra-migrate-meta-layouts":"default","ast-page-background-enabled":"default","ast-page-background-meta":{"desktop":{"background-color":"var(--ast-global-color-4)","background-image":"","background-repeat":"repeat","background-position":"center center","background-size":"auto","background-attachment":"scroll","background-type":"","background-media":"","overlay-type":"","overlay-color":"","overlay-opacity":"","overlay-gradient":""},"tablet":{"background-color":"","background-image":"","background-repeat":"repeat","background-position":"center center","background-size":"auto","background-attachment":"scroll","background-type":"","background-media":"","overlay-type":"","overlay-color":"","overlay-opacity":"","overlay-gradient":""},"mobile":{"background-color":"","background-image":"","background-repeat":"repeat","background-position":"center center","background-size":"auto","background-attachment":"scroll","background-type":"","background-media":"","overlay-type":"","overlay-color":"","overlay-opacity":"","overlay-gradient":""}},"ast-content-background-meta":{"desktop":{"background-color":"var(--ast-global-color-5)","background-image":"","background-repeat":"repeat","background-position":"center center","background-size":"auto","background-attachment":"scroll","background-type":"","background-media":"","overlay-type":"","overlay-color":"","overlay-opacity":"","overlay-gradient":""},"tablet":{"background-color":"var(--ast-global-color-5)","background-image":"","background-repeat":"repeat","background-position":"center center","background-size":"auto","background-attachment":"scroll","background-type":"","background-media":"","overlay-type":"","overlay-color":"","overlay-opacity":"","overlay-gradient":""},"mobile":{"background-color":"var(--ast-global-color-5)","background-image":"","background-repeat":"repeat","background-position":"center center","background-size":"auto","background-attachment":"scroll","background-type":"","background-media":"","overlay-type":"","overlay-color":"","overlay-opacity":"","overlay-gradient":""}},"_joinchat":[],"footnotes":""},"class_list":["post-21946","page","type-page","status-publish","hentry"],"_links":{"self":[{"href":"https:\/\/aclinicadrpedromota.pt\/fr\/wp-json\/wp\/v2\/pages\/21946","targetHints":{"allow":["GET"]}}],"collection":[{"href":"https:\/\/aclinicadrpedromota.pt\/fr\/wp-json\/wp\/v2\/pages"}],"about":[{"href":"https:\/\/aclinicadrpedromota.pt\/fr\/wp-json\/wp\/v2\/types\/page"}],"author":[{"embeddable":true,"href":"https:\/\/aclinicadrpedromota.pt\/fr\/wp-json\/wp\/v2\/users\/2"}],"replies":[{"embeddable":true,"href":"https:\/\/aclinicadrpedromota.pt\/fr\/wp-json\/wp\/v2\/comments?post=21946"}],"version-history":[{"count":4,"href":"https:\/\/aclinicadrpedromota.pt\/fr\/wp-json\/wp\/v2\/pages\/21946\/revisions"}],"predecessor-version":[{"id":21962,"href":"https:\/\/aclinicadrpedromota.pt\/fr\/wp-json\/wp\/v2\/pages\/21946\/revisions\/21962"}],"up":[{"embeddable":true,"href":"https:\/\/aclinicadrpedromota.pt\/fr\/wp-json\/wp\/v2\/pages\/21316"}],"wp:attachment":[{"href":"https:\/\/aclinicadrpedromota.pt\/fr\/wp-json\/wp\/v2\/media?parent=21946"}],"curies":[{"name":"wp","href":"https:\/\/api.w.org\/{rel}","templated":true}]}}