{"id":21934,"date":"2023-08-24T10:50:58","date_gmt":"2023-08-24T10:50:58","guid":{"rendered":"https:\/\/aclinicadrpedromota.pt\/equipe\/patricia-fernandes\/"},"modified":"2026-03-20T12:28:05","modified_gmt":"2026-03-20T12:28:05","slug":"patricia-fernandes","status":"publish","type":"page","link":"https:\/\/aclinicadrpedromota.pt\/fr\/equipe\/patricia-fernandes\/","title":{"rendered":"Patr\u00edcia Fernandes"},"content":{"rendered":"\t\t<div data-elementor-type=\"wp-page\" data-elementor-id=\"21934\" class=\"elementor elementor-21934 elementor-3598\" data-elementor-post-type=\"page\">\n\t\t\t\t\t\t<section class=\"elementor-section elementor-top-section elementor-element elementor-element-cc1e867 elementor-section-boxed elementor-section-height-default elementor-section-height-default\" data-id=\"cc1e867\" data-element_type=\"section\" data-e-type=\"section\">\n\t\t\t\t\t\t<div class=\"elementor-container elementor-column-gap-wider\">\n\t\t\t\t\t<div class=\"elementor-column elementor-col-33 elementor-top-column elementor-element elementor-element-f9330b6\" data-id=\"f9330b6\" data-element_type=\"column\" data-e-type=\"column\">\n\t\t\t<div class=\"elementor-widget-wrap elementor-element-populated\">\n\t\t\t\t\t\t<div class=\"elementor-element elementor-element-4cd51ef elementor-widget elementor-widget-image\" data-id=\"4cd51ef\" data-element_type=\"widget\" data-e-type=\"widget\" data-widget_type=\"image.default\">\n\t\t\t\t<div class=\"elementor-widget-container\">\n\t\t\t\t\t\t\t\t\t\t\t\t\t\t\t<img fetchpriority=\"high\" decoding=\"async\" width=\"400\" height=\"400\" src=\"https:\/\/aclinicadrpedromota.pt\/wp-content\/uploads\/2023\/12\/PATRICIAFERNANDES_PERFIL.webp\" class=\"attachment-large size-large wp-image-21314\" alt=\"Patr\u00edcia Fernandes responsable de l\u2019image et de la communication de la clinique.\" srcset=\"https:\/\/aclinicadrpedromota.pt\/wp-content\/uploads\/2023\/12\/PATRICIAFERNANDES_PERFIL.webp 400w, https:\/\/aclinicadrpedromota.pt\/wp-content\/uploads\/2023\/12\/PATRICIAFERNANDES_PERFIL-300x300.webp 300w, https:\/\/aclinicadrpedromota.pt\/wp-content\/uploads\/2023\/12\/PATRICIAFERNANDES_PERFIL-150x150.webp 150w\" sizes=\"(max-width: 400px) 100vw, 400px\" \/>\t\t\t\t\t\t\t\t\t\t\t\t\t\t\t<\/div>\n\t\t\t\t<\/div>\n\t\t\t\t<div class=\"elementor-element elementor-element-5f64ebd elementor-widget elementor-widget-heading\" data-id=\"5f64ebd\" data-element_type=\"widget\" data-e-type=\"widget\" data-widget_type=\"heading.default\">\n\t\t\t\t<div class=\"elementor-widget-container\">\n\t\t\t\t\t<h1 class=\"elementor-heading-title elementor-size-default\">Patr\u00edcia Fernandes<\/h1>\t\t\t\t<\/div>\n\t\t\t\t<\/div>\n\t\t\t\t<div class=\"elementor-element elementor-element-17cfb60 elementor-widget elementor-widget-heading\" data-id=\"17cfb60\" data-element_type=\"widget\" data-e-type=\"widget\" data-widget_type=\"heading.default\">\n\t\t\t\t<div class=\"elementor-widget-container\">\n\t\t\t\t\t<h2 class=\"elementor-heading-title elementor-size-default\">Design et communication<\/h2>\t\t\t\t<\/div>\n\t\t\t\t<\/div>\n\t\t\t\t\t<\/div>\n\t\t<\/div>\n\t\t\t\t<div class=\"elementor-column elementor-col-66 elementor-top-column elementor-element elementor-element-7ec6a62\" data-id=\"7ec6a62\" data-element_type=\"column\" data-e-type=\"column\">\n\t\t\t<div class=\"elementor-widget-wrap elementor-element-populated\">\n\t\t\t\t\t\t<div class=\"elementor-element elementor-element-50ad72a elementor-blockquote--skin-quotation elementor-blockquote--button-color-official elementor-widget elementor-widget-blockquote\" data-id=\"50ad72a\" data-element_type=\"widget\" data-e-type=\"widget\" data-widget_type=\"blockquote.default\">\n\t\t\t\t<div class=\"elementor-widget-container\">\n\t\t\t\t\t\t\t<blockquote class=\"elementor-blockquote\">\n\t\t\t<p class=\"elementor-blockquote__content\">\n\t\t\t\tJe suis le pompier de l\u2019\u00e9quipe \t\t\t<\/p>\n\t\t\t\t\t<\/blockquote>\n\t\t\t\t\t\t<\/div>\n\t\t\t\t<\/div>\n\t\t\t\t<div class=\"elementor-element elementor-element-416b5b5 elementor-widget elementor-widget-text-editor\" data-id=\"416b5b5\" data-element_type=\"widget\" data-e-type=\"widget\" data-widget_type=\"text-editor.default\">\n\t\t\t\t<div class=\"elementor-widget-container\">\n\t\t\t\t\t\t\t\t\t<p><span class=\"TextRun SCXW261200620 BCX0\" lang=\"PT-PT\" xml:lang=\"PT-PT\" data-contrast=\"auto\"><span class=\"NormalTextRun SCXW261200620 BCX0\" data-ccp-parastyle=\"normal\" data-ccp-parastyle-defn=\"{\"ObjectId\":\"94cb883a-c912-4b10-a46f-7959c6c53105|25\",\"ClassId\":1073872969,\"Properties\":[469775450,\"normal\",201340122,\"2\",134233614,\"true\",469778129,\"normal0\",335572020,\"0\",469777841,\"Arial\",469777842,\"Arial\",469777843,\"Arial\",469777844,\"Arial\",469769226,\"Arial\",335559705,\"2070\",335559740,\"276\",201341983,\"0\",335559739,\"0\"]}\">dipl\u00f4m\u00e9<\/span><span class=\"NormalTextRun SCXW261200620 BCX0\" data-ccp-parastyle=\"normal\">dipl\u00f4m\u00e9 <\/span><span class=\"NormalTextRun SCXW261200620 BCX0\" data-ccp-parastyle=\"normal\">en design graphique \u00e0 l\u2019\u00c9cole sup\u00e9rieure des arts et du design de Caldas da Rainha, de l\u2019Institut polytechnique de Leiria<br><\/span><span class=\"NormalTextRun SCXW261200620 BCX0\" data-ccp-parastyle=\"normal\">, travaille la communication<\/span><span class=\"NormalTextRun SCXW261200620 BCX0\" data-ccp-parastyle=\"normal\">\u2019A Cl\u00ednica<\/span><span class=\"NormalTextRun SCXW261200620 BCX0\" data-ccp-parastyle=\"normal\">l\u2019ancienne clinique<\/span><span class=\"NormalTextRun SCXW261200620 BCX0\" data-ccp-parastyle=\"normal\"> Dr. Pedro Mota<\/span><span class=\"NormalTextRun SCXW261200620 BCX0\" data-ccp-parastyle=\"normal\"> d\u00e8s 2017.<\/span> <span class=\"NormalTextRun SCXW261200620 BCX0\" data-ccp-parastyle=\"normal\">Et elle ne pouvait pas \u00eatre plus accomplie, \u00e9tant donn\u00e9 que<\/span><span class=\"NormalTextRun SCXW261200620 BCX0\" data-ccp-parastyle=\"normal\"> pr\u00e9c\u00e9demment<\/span><span class=\"NormalTextRun SCXW261200620 BCX0\" data-ccp-parastyle=\"normal\"> travaillait dans une entreprise de produits <\/span><span class=\"NormalTextRun SCXW261200620 BCX0\" data-ccp-parastyle=\"normal\">moins<\/span><span class=\"NormalTextRun SCXW261200620 BCX0\" data-ccp-parastyle=\"normal\"> bonne sant\u00e9, et <\/span><span class=\"NormalTextRun SCXW261200620 BCX0\" data-ccp-parastyle=\"normal\">De nos jours,<\/span><span class=\"NormalTextRun SCXW261200620 BCX0\" data-ccp-parastyle=\"normal\"> est dans un domaine enti\u00e8rement li\u00e9 \u00e0 la sant\u00e9, en particulier \u00e0 la pr\u00e9vention<\/span><span class=\"NormalTextRun SCXW261200620 BCX0\" data-ccp-parastyle=\"normal\">, o\u00f9<\/span><span class=\"NormalTextRun SCXW261200620 BCX0\" data-ccp-parastyle=\"normal\"> a pour communiquer aux gens peut faire <\/span><span class=\"NormalTextRun SCXW261200620 BCX0\" data-ccp-parastyle=\"normal\">vraiment <\/span><span class=\"NormalTextRun SCXW261200620 BCX0\" data-ccp-parastyle=\"normal\">diff\u00e9rence<\/span><span class=\"NormalTextRun SCXW261200620 BCX0\" data-ccp-parastyle=\"normal\">.  <\/span><span class=\"NormalTextRun SCXW261200620 BCX0\" data-ccp-parastyle=\"normal\">Quand il a accept\u00e9 le d\u00e9fi<\/span><span class=\"NormalTextRun SCXW261200620 BCX0\" data-ccp-parastyle=\"normal\"> de travailler \u00e0 la clinique, <\/span><span class=\"NormalTextRun SCXW261200620 BCX0\" data-ccp-parastyle=\"normal\">ne savait pas<\/span><span class=\"NormalTextRun SCXW261200620 BCX0\" data-ccp-parastyle=\"normal\"> bien<\/span><span class=\"NormalTextRun SCXW261200620 BCX0\" data-ccp-parastyle=\"normal\"> \u00e0 quoi s\u2019attendre, car<\/span><span class=\"NormalTextRun SCXW261200620 BCX0\" data-ccp-parastyle=\"normal\">deviendrait ind\u00e9pendant,<\/span> <span class=\"NormalTextRun SCXW261200620 BCX0\" data-ccp-parastyle=\"normal\">dans<\/span><span class=\"NormalTextRun SCXW261200620 BCX0\" data-ccp-parastyle=\"normal\"> travailler \u00e0 temps plein dans une clinique dentaire, ce qui dans le domaine de la communication <\/span><span class=\"NormalTextRun SCXW261200620 BCX0\" data-ccp-parastyle=\"normal\">c&rsquo;est peu <\/span><span class=\"NormalTextRun SCXW261200620 BCX0\" data-ccp-parastyle=\"normal\">habituel. <\/span><span class=\"NormalTextRun SCXW261200620 BCX0\" data-ccp-parastyle=\"normal\">Ce qui est certain,<\/span><span class=\"NormalTextRun SCXW261200620 BCX0\" data-ccp-parastyle=\"normal\">c\u2019est que<\/span><span class=\"NormalTextRun SCXW261200620 BCX0\" data-ccp-parastyle=\"normal\">jusqu\u2019\u00e0 aujourd\u2019hui<\/span><span class=\"NormalTextRun SCXW261200620 BCX0\" data-ccp-parastyle=\"normal\"> , il n\u2019a pas eu un seul jour de libre.<\/span> <span class=\"NormalTextRun SCXW261200620 BCX0\" data-ccp-parastyle=\"normal\">A commenc\u00e9 \u00e0 travailler<\/span><span class=\"NormalTextRun SCXW261200620 BCX0\" data-ccp-parastyle=\"normal\">en communication et marketing<\/span><span class=\"NormalTextRun SCXW261200620 BCX0\" data-ccp-parastyle=\"normal\"> de la clinique<\/span><span class=\"NormalTextRun SCXW261200620 BCX0\" data-ccp-parastyle=\"normal\">,  <\/span><span class=\"NormalTextRun SCXW261200620 BCX0\" data-ccp-parastyle=\"normal\">mais actuellement<\/span><span class=\"NormalTextRun SCXW261200620 BCX0\" data-ccp-parastyle=\"normal\">,  <\/span><span class=\"NormalTextRun SCXW261200620 BCX0\" data-ccp-parastyle=\"normal\">fait tout un peu. Se d\u00e9plie en  <\/span><span class=\"NormalTextRun SCXW261200620 BCX0\" data-ccp-parastyle=\"normal\">mille t\u00e2ches, aide dans tous les domaines, ils disent que c\u2019est le pompier de l\u2019\u00e9quipe!<\/span><\/span><span class=\"EOP SCXW261200620 BCX0\" data-ccp-props=\"{\"201341983\":0,\"335551550\":6,\"335551620\":6,\"335559739\":0,\"335559740\":276}\"> <\/span><\/p>\t\t\t\t\t\t\t\t<\/div>\n\t\t\t\t<\/div>\n\t\t\t\t\t<\/div>\n\t\t<\/div>\n\t\t\t\t\t<\/div>\n\t\t<\/section>\n\t\t\t\t<section class=\"elementor-section elementor-top-section elementor-element elementor-element-12b98d0 elementor-section-boxed elementor-section-height-default elementor-section-height-default\" data-id=\"12b98d0\" data-element_type=\"section\" data-e-type=\"section\">\n\t\t\t\t\t\t<div class=\"elementor-container elementor-column-gap-default\">\n\t\t\t\t\t<div class=\"elementor-column elementor-col-100 elementor-top-column elementor-element elementor-element-70ad00a\" data-id=\"70ad00a\" data-element_type=\"column\" data-e-type=\"column\">\n\t\t\t<div class=\"elementor-widget-wrap elementor-element-populated\">\n\t\t\t\t\t\t<div class=\"elementor-element elementor-element-3e7216b elementor-blockquote--skin-quotation elementor-blockquote--button-color-official elementor-widget elementor-widget-blockquote\" data-id=\"3e7216b\" data-element_type=\"widget\" data-e-type=\"widget\" data-widget_type=\"blockquote.default\">\n\t\t\t\t<div class=\"elementor-widget-container\">\n\t\t\t\t\t\t\t<blockquote class=\"elementor-blockquote\">\n\t\t\t<p class=\"elementor-blockquote__content\">\n\t\t\t\tIl semble que notre bouche est dans un <i>spa \t\t\t<\/p>\n\t\t\t\t\t<\/blockquote>\n\t\t\t\t\t\t<\/div>\n\t\t\t\t<\/div>\n\t\t\t\t<div class=\"elementor-element elementor-element-5a1be02 elementor-widget elementor-widget-text-editor\" data-id=\"5a1be02\" data-element_type=\"widget\" data-e-type=\"widget\" data-widget_type=\"text-editor.default\">\n\t\t\t\t<div class=\"elementor-widget-container\">\n\t\t\t\t\t\t\t\t\t<p><span class=\"TextRun SCXW238067933 BCX0\" lang=\"PT-PT\" xml:lang=\"PT-PT\" data-contrast=\"auto\"><span class=\"NormalTextRun SCXW238067933 BCX0\" data-ccp-parastyle=\"normal\">La m\u00e9decine dentaire \u00e9tait pr\u00e9sente dans sa vie, \u00e0 travers sa s\u0153ur, qui est hygi\u00e9niste bucco-dentaire, mais pas au point de ma\u00eetriser la th\u00e9orie. Mais depuis qu\u2019il est entr\u00e9 dans le domaine, sa relation avec la m\u00e9decine dentaire s\u2019est intensifi\u00e9e et parle actuellement de toutes les sp\u00e9cialit\u00e9s et les sujets li\u00e9s \u00e0 la pr\u00e9vention de la sant\u00e9 bucco-dentaire, comme des adultes! Si autrefois il s\u2019\u00e9vanouissait en voyant du sang, maintenant il peut assister \u00e0 des chirurgies dentaires sans se laisser affecter.<\/span><span class=\"NormalTextRun SCXW238067933 BCX0\" data-ccp-parastyle=\"normal\"> Il est tomb\u00e9 amoureux de la m\u00e9decine dentaire et c\u2019est ce sentiment qu\u2019il essaie de transmettre, \u00e0 travers sa communication.<\/span><span class=\"NormalTextRun SCXW238067933 BCX0\" data-ccp-parastyle=\"normal\"> D\u00e9fie les gens de r\u00e9fl\u00e9chir \u00e0 la fa\u00e7on dont tout commence dans la bouche : \u00ab Nous parlons, mangeons, embrassons, rongeons nos ongles&#8230;<\/span>  notre bouche souffre! Faire une hygi\u00e8ne buccale r\u00e9guli\u00e8rement, \u00e9vite des probl\u00e8mes plus graves et il semble que notre bouche est dans un spa.<\/span><\/p><p><span class=\"TextRun SCXW238067933 BCX0\" lang=\"PT-PT\" xml:lang=\"PT-PT\" data-contrast=\"auto\"><span class=\"NormalTextRun SCXW238067933 BCX0\" data-ccp-parastyle=\"normal\">Elle est fi\u00e8re que la clinique du Dr. Pedro Mota, depuis quelques ann\u00e9es, ait commenc\u00e9 \u00e0 changer d\u2019\u00e9tat d\u2019esprit, car le nombre de patients qu\u2019elle re\u00e7oit en situation de douleur est d\u00e9j\u00e0 comparable au nombre de patients qui font r\u00e9guli\u00e8rement de la pr\u00e9vention dans leur consultation d\u2019hygi\u00e8ne bucco-dentaire. Au sujet d\u2019une r\u00e9sistance qui persiste encore dans la chaise du dentiste, il se souvient d\u2019une patiente qui \u00e9tait en panique. Alors, avec son hygi\u00e9niste bucco-dentaire, ils ont mis au point une strat\u00e9gie de combat : avant la consultation et, d\u00e9j\u00e0 dans le cabinet, il fait des exercices de respiration et de relaxation. Rem\u00e8de saint!<\/span> <\/span><span class=\"EOP SCXW238067933 BCX0\" data-ccp-props=\"{\"201341983\":0,\"335551550\":6,\"335551620\":6,\"335559739\":0,\"335559740\":276}\"> <\/span><\/p>\t\t\t\t\t\t\t\t<\/div>\n\t\t\t\t<\/div>\n\t\t\t\t\t<\/div>\n\t\t<\/div>\n\t\t\t\t\t<\/div>\n\t\t<\/section>\n\t\t\t\t<section class=\"elementor-section elementor-top-section elementor-element elementor-element-182e216 elementor-section-boxed elementor-section-height-default elementor-section-height-default\" data-id=\"182e216\" data-element_type=\"section\" data-e-type=\"section\">\n\t\t\t\t\t\t<div class=\"elementor-container elementor-column-gap-default\">\n\t\t\t\t\t<div class=\"elementor-column elementor-col-50 elementor-top-column elementor-element elementor-element-0ece61c\" data-id=\"0ece61c\" data-element_type=\"column\" data-e-type=\"column\">\n\t\t\t<div class=\"elementor-widget-wrap elementor-element-populated\">\n\t\t\t\t\t\t<div class=\"elementor-element elementor-element-c61dd1a elementor-blockquote--skin-quotation elementor-blockquote--button-color-official elementor-widget elementor-widget-blockquote\" data-id=\"c61dd1a\" data-element_type=\"widget\" data-e-type=\"widget\" data-widget_type=\"blockquote.default\">\n\t\t\t\t<div class=\"elementor-widget-container\">\n\t\t\t\t\t\t\t<blockquote class=\"elementor-blockquote\">\n\t\t\t<p class=\"elementor-blockquote__content\">\n\t\t\t\tLa possibilit\u00e9 de redonner une qualit\u00e9 de vie aux patients \t\t\t<\/p>\n\t\t\t\t\t<\/blockquote>\n\t\t\t\t\t\t<\/div>\n\t\t\t\t<\/div>\n\t\t\t\t<div class=\"elementor-element elementor-element-b7ee62f elementor-widget elementor-widget-text-editor\" data-id=\"b7ee62f\" data-element_type=\"widget\" data-e-type=\"widget\" data-widget_type=\"text-editor.default\">\n\t\t\t\t<div class=\"elementor-widget-container\">\n\t\t\t\t\t\t\t\t\t<p><span data-contrast=\"auto\">Elle s\u2019est sp\u00e9cialis\u00e9e en chirurgie orale et en implantologie, des domaines qui reposent sur la capacit\u00e9 \u00e0 r\u00e9aliser des r\u00eaves, en transformant la vie de ses patients, soit par l\u2019ajout fonctionnel au sourire, soit par l\u2019esth\u00e9tique qu\u2019il offre. Avec un d\u00e9vouement total et une pers\u00e9v\u00e9rance dans l\u2019objectif, caract\u00e9ristiques qu\u2019il consid\u00e8re fondamentales dans l\u2019exercice de sa profession, dit que, en plus de changer de sourire, il a le pouvoir de redonner la qualit\u00e9 de vie aux patients, en leur offrant \u00e0 nouveau la possibilit\u00e9 de manger, de m\u00e2cher et de savourer la nourriture, comme une confiance et un estime de soi accrue.  <\/span><\/p>\t\t\t\t\t\t\t\t<\/div>\n\t\t\t\t<\/div>\n\t\t\t\t\t<\/div>\n\t\t<\/div>\n\t\t\t\t<div class=\"elementor-column elementor-col-50 elementor-top-column elementor-element elementor-element-b03e898\" data-id=\"b03e898\" data-element_type=\"column\" data-e-type=\"column\">\n\t\t\t<div class=\"elementor-widget-wrap elementor-element-populated\">\n\t\t\t\t\t\t<div class=\"elementor-element elementor-element-5d7f936 elementor-widget elementor-widget-image\" data-id=\"5d7f936\" data-element_type=\"widget\" data-e-type=\"widget\" data-widget_type=\"image.default\">\n\t\t\t\t<div class=\"elementor-widget-container\">\n\t\t\t\t\t\t\t\t\t\t\t\t\t\t\t<img decoding=\"async\" width=\"400\" height=\"400\" src=\"https:\/\/aclinicadrpedromota.pt\/wp-content\/uploads\/2024\/04\/patricia-clinica-dr-pedro-mota-mobile.webp\" class=\"attachment-large size-large wp-image-21933\" alt=\"\" srcset=\"https:\/\/aclinicadrpedromota.pt\/wp-content\/uploads\/2024\/04\/patricia-clinica-dr-pedro-mota-mobile.webp 400w, https:\/\/aclinicadrpedromota.pt\/wp-content\/uploads\/2024\/04\/patricia-clinica-dr-pedro-mota-mobile-300x300.webp 300w, https:\/\/aclinicadrpedromota.pt\/wp-content\/uploads\/2024\/04\/patricia-clinica-dr-pedro-mota-mobile-150x150.webp 150w\" sizes=\"(max-width: 400px) 100vw, 400px\" \/>\t\t\t\t\t\t\t\t\t\t\t\t\t\t\t<\/div>\n\t\t\t\t<\/div>\n\t\t\t\t\t<\/div>\n\t\t<\/div>\n\t\t\t\t\t<\/div>\n\t\t<\/section>\n\t\t\t\t<section class=\"elementor-section elementor-top-section elementor-element elementor-element-bdb48ed elementor-section-boxed elementor-section-height-default elementor-section-height-default\" data-id=\"bdb48ed\" data-element_type=\"section\" data-e-type=\"section\">\n\t\t\t\t\t\t<div class=\"elementor-container elementor-column-gap-default\">\n\t\t\t\t\t<div class=\"elementor-column elementor-col-100 elementor-top-column elementor-element elementor-element-a90eb97\" data-id=\"a90eb97\" data-element_type=\"column\" data-e-type=\"column\">\n\t\t\t<div class=\"elementor-widget-wrap elementor-element-populated\">\n\t\t\t\t\t\t<div class=\"elementor-element elementor-element-4e8af8b elementor-blockquote--skin-quotation elementor-blockquote--button-color-official elementor-widget elementor-widget-blockquote\" data-id=\"4e8af8b\" data-element_type=\"widget\" data-e-type=\"widget\" data-widget_type=\"blockquote.default\">\n\t\t\t\t<div class=\"elementor-widget-container\">\n\t\t\t\t\t\t\t<blockquote class=\"elementor-blockquote\">\n\t\t\t<p class=\"elementor-blockquote__content\">\n\t\t\t\tJ\u2019aime la musique classique depuis le <i>punk<\/i> \t\t\t<\/p>\n\t\t\t\t\t<\/blockquote>\n\t\t\t\t\t\t<\/div>\n\t\t\t\t<\/div>\n\t\t\t\t<div class=\"elementor-element elementor-element-af4d509 elementor-widget elementor-widget-text-editor\" data-id=\"af4d509\" data-element_type=\"widget\" data-e-type=\"widget\" data-widget_type=\"text-editor.default\">\n\t\t\t\t<div class=\"elementor-widget-container\">\n\t\t\t\t\t\t\t\t\t<p>Il r\u00eave encore de suivre un cours de Digital Smile Dental<span class=\"TextRun SCXW201249339 BCX0\" lang=\"PT-PT\" xml:lang=\"PT-PT\" data-contrast=\"auto\"><span class=\"NormalTextRun SCXW201249339 BCX0\" data-ccp-parastyle=\"normal\">, o\u00f9 vous pourrez allier votre formation en design \u00e0 votre passion pour la m\u00e9decine dentaire. Pour cela, il n\u2019a besoin que d\u2019un peu de temps, car ce qui reste lui pla\u00eet de le consacrer \u00e0 la famille, au partage avec ses amis en fin de journ\u00e9e, aux voyages, \u00e0 la d\u00e9couverte de nouvelles cultures et \u00e0 son autre passion&#8230; la musique! J\u2019aime d\u00e9couvrir de nouveaux groupes. J\u2019\u00e9coute toutes sortes de<\/span> musique, il n\u2019y a qu\u2019une seule exigence : ce doit \u00eatre de la bonne musique ! Et c\u2019est cette r\u00e8gle qui s\u2019applique \u00e0 <\/span>playlist qu\u2019il fait pour la clinique. C\u2019est le moment de dire : \u00ab\u00a0Montre-moi ce que tu entends, je te dirai qui tu es !<span class=\"EOP SCXW201249339 BCX0\" data-ccp-props=\"{\"201341983\":0,\"335551550\":6,\"335551620\":6,\"335559739\":0,\"335559740\":276}\"> <\/span><\/p>\t\t\t\t\t\t\t\t<\/div>\n\t\t\t\t<\/div>\n\t\t\t\t\t<\/div>\n\t\t<\/div>\n\t\t\t\t\t<\/div>\n\t\t<\/section>\n\t\t\t\t<\/div>\n\t\t","protected":false},"excerpt":{"rendered":"<p>Patr\u00edcia Fernandes Design et communication Je suis le pompier de l\u2019\u00e9quipe dipl\u00f4m\u00e9dipl\u00f4m\u00e9 en design graphique \u00e0 l\u2019\u00c9cole sup\u00e9rieure des arts et du design de Caldas da Rainha, de l\u2019Institut polytechnique de Leiria, travaille la communication\u2019A Cl\u00ednical\u2019ancienne clinique Dr. Pedro Mota d\u00e8s 2017. Et elle ne pouvait pas \u00eatre plus accomplie, \u00e9tant donn\u00e9 que pr\u00e9c\u00e9demment travaillait [&hellip;]<\/p>\n","protected":false},"author":2,"featured_media":0,"parent":21316,"menu_order":0,"comment_status":"closed","ping_status":"closed","template":"","meta":{"site-sidebar-layout":"no-sidebar","site-content-layout":"page-builder","ast-site-content-layout":"default","site-content-style":"default","site-sidebar-style":"default","ast-global-header-display":"","ast-banner-title-visibility":"","ast-main-header-display":"","ast-hfb-above-header-display":"","ast-hfb-below-header-display":"","ast-hfb-mobile-header-display":"","site-post-title":"disabled","ast-breadcrumbs-content":"","ast-featured-img":"disabled","footer-sml-layout":"","ast-disable-related-posts":"","theme-transparent-header-meta":"","adv-header-id-meta":"","stick-header-meta":"","header-above-stick-meta":"","header-main-stick-meta":"","header-below-stick-meta":"","astra-migrate-meta-layouts":"default","ast-page-background-enabled":"default","ast-page-background-meta":{"desktop":{"background-color":"var(--ast-global-color-4)","background-image":"","background-repeat":"repeat","background-position":"center center","background-size":"auto","background-attachment":"scroll","background-type":"","background-media":"","overlay-type":"","overlay-color":"","overlay-opacity":"","overlay-gradient":""},"tablet":{"background-color":"","background-image":"","background-repeat":"repeat","background-position":"center center","background-size":"auto","background-attachment":"scroll","background-type":"","background-media":"","overlay-type":"","overlay-color":"","overlay-opacity":"","overlay-gradient":""},"mobile":{"background-color":"","background-image":"","background-repeat":"repeat","background-position":"center center","background-size":"auto","background-attachment":"scroll","background-type":"","background-media":"","overlay-type":"","overlay-color":"","overlay-opacity":"","overlay-gradient":""}},"ast-content-background-meta":{"desktop":{"background-color":"var(--ast-global-color-5)","background-image":"","background-repeat":"repeat","background-position":"center center","background-size":"auto","background-attachment":"scroll","background-type":"","background-media":"","overlay-type":"","overlay-color":"","overlay-opacity":"","overlay-gradient":""},"tablet":{"background-color":"var(--ast-global-color-5)","background-image":"","background-repeat":"repeat","background-position":"center center","background-size":"auto","background-attachment":"scroll","background-type":"","background-media":"","overlay-type":"","overlay-color":"","overlay-opacity":"","overlay-gradient":""},"mobile":{"background-color":"var(--ast-global-color-5)","background-image":"","background-repeat":"repeat","background-position":"center center","background-size":"auto","background-attachment":"scroll","background-type":"","background-media":"","overlay-type":"","overlay-color":"","overlay-opacity":"","overlay-gradient":""}},"_joinchat":[],"footnotes":""},"class_list":["post-21934","page","type-page","status-publish","hentry"],"_links":{"self":[{"href":"https:\/\/aclinicadrpedromota.pt\/fr\/wp-json\/wp\/v2\/pages\/21934","targetHints":{"allow":["GET"]}}],"collection":[{"href":"https:\/\/aclinicadrpedromota.pt\/fr\/wp-json\/wp\/v2\/pages"}],"about":[{"href":"https:\/\/aclinicadrpedromota.pt\/fr\/wp-json\/wp\/v2\/types\/page"}],"author":[{"embeddable":true,"href":"https:\/\/aclinicadrpedromota.pt\/fr\/wp-json\/wp\/v2\/users\/2"}],"replies":[{"embeddable":true,"href":"https:\/\/aclinicadrpedromota.pt\/fr\/wp-json\/wp\/v2\/comments?post=21934"}],"version-history":[{"count":2,"href":"https:\/\/aclinicadrpedromota.pt\/fr\/wp-json\/wp\/v2\/pages\/21934\/revisions"}],"predecessor-version":[{"id":21939,"href":"https:\/\/aclinicadrpedromota.pt\/fr\/wp-json\/wp\/v2\/pages\/21934\/revisions\/21939"}],"up":[{"embeddable":true,"href":"https:\/\/aclinicadrpedromota.pt\/fr\/wp-json\/wp\/v2\/pages\/21316"}],"wp:attachment":[{"href":"https:\/\/aclinicadrpedromota.pt\/fr\/wp-json\/wp\/v2\/media?parent=21934"}],"curies":[{"name":"wp","href":"https:\/\/api.w.org\/{rel}","templated":true}]}}