{"id":21925,"date":"2023-08-14T16:41:41","date_gmt":"2023-08-14T16:41:41","guid":{"rendered":"https:\/\/aclinicadrpedromota.pt\/equipe\/manuela-garces\/"},"modified":"2026-03-20T12:16:28","modified_gmt":"2026-03-20T12:16:28","slug":"manuela-garces","status":"publish","type":"page","link":"https:\/\/aclinicadrpedromota.pt\/fr\/equipe\/manuela-garces\/","title":{"rendered":"Manuela Garc\u00eas"},"content":{"rendered":"\t\t<div data-elementor-type=\"wp-page\" data-elementor-id=\"21925\" class=\"elementor elementor-21925 elementor-2587\" data-elementor-post-type=\"page\">\n\t\t\t\t\t\t<section class=\"elementor-section elementor-top-section elementor-element elementor-element-adc95fd elementor-section-boxed elementor-section-height-default elementor-section-height-default\" data-id=\"adc95fd\" data-element_type=\"section\" data-e-type=\"section\">\n\t\t\t\t\t\t<div class=\"elementor-container elementor-column-gap-wider\">\n\t\t\t\t\t<div class=\"elementor-column elementor-col-33 elementor-top-column elementor-element elementor-element-6182cc3\" data-id=\"6182cc3\" data-element_type=\"column\" data-e-type=\"column\">\n\t\t\t<div class=\"elementor-widget-wrap elementor-element-populated\">\n\t\t\t\t\t\t<div class=\"elementor-element elementor-element-5d4f8f2 elementor-widget elementor-widget-image\" data-id=\"5d4f8f2\" data-element_type=\"widget\" data-e-type=\"widget\" data-widget_type=\"image.default\">\n\t\t\t\t<div class=\"elementor-widget-container\">\n\t\t\t\t\t\t\t\t\t\t\t\t\t\t\t<img fetchpriority=\"high\" decoding=\"async\" width=\"400\" height=\"400\" src=\"https:\/\/aclinicadrpedromota.pt\/wp-content\/uploads\/2023\/12\/MANUELABERTOLO_PERFIL.webp\" class=\"attachment-large size-large wp-image-21311\" alt=\"\" srcset=\"https:\/\/aclinicadrpedromota.pt\/wp-content\/uploads\/2023\/12\/MANUELABERTOLO_PERFIL.webp 400w, https:\/\/aclinicadrpedromota.pt\/wp-content\/uploads\/2023\/12\/MANUELABERTOLO_PERFIL-300x300.webp 300w, https:\/\/aclinicadrpedromota.pt\/wp-content\/uploads\/2023\/12\/MANUELABERTOLO_PERFIL-150x150.webp 150w\" sizes=\"(max-width: 400px) 100vw, 400px\" \/>\t\t\t\t\t\t\t\t\t\t\t\t\t\t\t<\/div>\n\t\t\t\t<\/div>\n\t\t\t\t<div class=\"elementor-element elementor-element-34df821 elementor-widget elementor-widget-heading\" data-id=\"34df821\" data-element_type=\"widget\" data-e-type=\"widget\" data-widget_type=\"heading.default\">\n\t\t\t\t<div class=\"elementor-widget-container\">\n\t\t\t\t\t<h1 class=\"elementor-heading-title elementor-size-default\">Manuela Garc\u00eas<\/h1>\t\t\t\t<\/div>\n\t\t\t\t<\/div>\n\t\t\t\t<div class=\"elementor-element elementor-element-914811f elementor-widget elementor-widget-heading\" data-id=\"914811f\" data-element_type=\"widget\" data-e-type=\"widget\" data-widget_type=\"heading.default\">\n\t\t\t\t<div class=\"elementor-widget-container\">\n\t\t\t\t\t<h2 class=\"elementor-heading-title elementor-size-default\">Assistante dentaire<\/h2>\t\t\t\t<\/div>\n\t\t\t\t<\/div>\n\t\t\t\t\t<\/div>\n\t\t<\/div>\n\t\t\t\t<div class=\"elementor-column elementor-col-66 elementor-top-column elementor-element elementor-element-d1423b1\" data-id=\"d1423b1\" data-element_type=\"column\" data-e-type=\"column\">\n\t\t\t<div class=\"elementor-widget-wrap elementor-element-populated\">\n\t\t\t\t\t\t<div class=\"elementor-element elementor-element-4cbbc97 elementor-blockquote--skin-quotation elementor-blockquote--button-color-official elementor-widget elementor-widget-blockquote\" data-id=\"4cbbc97\" data-element_type=\"widget\" data-e-type=\"widget\" data-widget_type=\"blockquote.default\">\n\t\t\t\t<div class=\"elementor-widget-container\">\n\t\t\t\t\t\t\t<blockquote class=\"elementor-blockquote\">\n\t\t\t<p class=\"elementor-blockquote__content\">\n\t\t\t\tJ\u2019ai d\u00e9j\u00e0 fait les noces d\u2019argent avec cette clinique \t\t\t<\/p>\n\t\t\t\t\t<\/blockquote>\n\t\t\t\t\t\t<\/div>\n\t\t\t\t<\/div>\n\t\t\t\t<div class=\"elementor-element elementor-element-974e701 elementor-widget elementor-widget-text-editor\" data-id=\"974e701\" data-element_type=\"widget\" data-e-type=\"widget\" data-widget_type=\"text-editor.default\">\n\t\t\t\t<div class=\"elementor-widget-container\">\n\t\t\t\t\t\t\t\t\t<p><span class=\"TextRun SCXW132023449 BCX0\" lang=\"PT-PT\" xml:lang=\"PT-PT\" data-contrast=\"auto\">Originaire du Mozambique, elle s\u2019est toujours int\u00e9ress\u00e9e au domaine de la sant\u00e9 et travaille comme assistante dentaire \u00e0 la clinique Dr. Pedro Mota depuis 18 ans. \u00c9tant donn\u00e9 que je travaillais d\u00e9j\u00e0 avec l\u2019ancien propri\u00e9taire, dans la m\u00eame fonction, il y a environ 12<span class=\"NormalTextRun SCXW132023449 BCX0\" data-ccp-parastyle=\"normal\">,  <\/span><span class=\"NormalTextRun SCXW132023449 BCX0\" data-ccp-parastyle=\"normal\">perfait <\/span><span class=\"NormalTextRun SCXW132023449 BCX0\" data-ccp-parastyle=\"normal\">un total de 30 ans<\/span><span class=\"NormalTextRun SCXW132023449 BCX0\" data-ccp-parastyle=\"normal\"> \u00e0 collaborer<\/span><span class=\"NormalTextRun SCXW132023449 BCX0\" data-ccp-parastyle=\"normal\">dans le domaine de la<\/span><span class=\"NormalTextRun SCXW132023449 BCX0\" data-ccp-parastyle=\"normal\"> m\u00e9decine dentaire<\/span><span class=\"NormalTextRun SCXW132023449 BCX0\" data-ccp-parastyle=\"normal\">,<\/span><span class=\"NormalTextRun SCXW132023449 BCX0\" data-ccp-parastyle=\"normal\"> \u00e0 Vila Franca de Xira. <\/span><span class=\"NormalTextRun SCXW132023449 BCX0\" data-ccp-parastyle=\"normal\">Quand il a commenc\u00e9, encore jeune,<\/span><span class=\"NormalTextRun SCXW132023449 BCX0\" data-ccp-parastyle=\"normal\"> il faisait<\/span><span class=\"NormalTextRun SCXW132023449 BCX0\" data-ccp-parastyle=\"normal\"> un peu de tout <\/span><span class=\"NormalTextRun SCXW132023449 BCX0\" data-ccp-parastyle=\"normal\">dans<\/span><span class=\"NormalTextRun SCXW132023449 BCX0\" data-ccp-parastyle=\"normal\">l\u2019ancienne clinique<\/span><span class=\"NormalTextRun SCXW132023449 BCX0\" data-ccp-parastyle=\"normal\"> (Clinique<\/span><span class=\"NormalTextRun SCXW132023449 BCX0\" data-ccp-parastyle=\"normal\"> M\u00e9decin et dentiste<\/span><span class=\"NormalTextRun SCXW132023449 BCX0\" data-ccp-parastyle=\"normal\">Candeias<\/span><span class=\"NormalTextRun SCXW132023449 BCX0\" data-ccp-parastyle=\"normal\">)<\/span><span class=\"NormalTextRun SCXW132023449 BCX0\" data-ccp-parastyle=\"normal\">, du nettoyage \u00e0 la r\u00e9ception et aux soins dentaires. <\/span><span class=\"NormalTextRun SCXW132023449 BCX0\" data-ccp-parastyle=\"normal\">C\u2019est l\u00e0 qu\u2019il a appris beaucoup de ce qu\u2019il sait. Et il le sait bien, parce que les  <\/span><span class=\"NormalTextRun SCXW132023449 BCX0\" data-ccp-parastyle=\"normal\">Les niveaux d\u2019exigence, \u00e0 la fois dans le pass\u00e9 et dans le pr\u00e9sent, ont toujours \u00e9t\u00e9 \u00e9lev\u00e9s, c\u2019est pourquoi on se consid\u00e8re comme un professionnel \u00e0 plein temps. Elle a termin\u00e9 ses \u00e9tudes secondaires en tant que travailleuse-\u00e9tudiante et est tr\u00e8s fi\u00e8re de son accomplissement. Actuellement, elle est responsable des r\u00e9ceptionnistes de la clinique et suit la m\u00eame ligne d\u2019exigence \u00e0 laquelle elle a \u00e9t\u00e9 habitu\u00e9e.<\/span> <\/span><span class=\"EOP SCXW132023449 BCX0\" data-ccp-props=\"{\"201341983\":0,\"335551550\":6,\"335551620\":6,\"335559739\":0,\"335559740\":276}\"> <\/span><\/p>\t\t\t\t\t\t\t\t<\/div>\n\t\t\t\t<\/div>\n\t\t\t\t\t<\/div>\n\t\t<\/div>\n\t\t\t\t\t<\/div>\n\t\t<\/section>\n\t\t\t\t<section class=\"elementor-section elementor-top-section elementor-element elementor-element-4b6a3ca elementor-section-boxed elementor-section-height-default elementor-section-height-default\" data-id=\"4b6a3ca\" data-element_type=\"section\" data-e-type=\"section\">\n\t\t\t\t\t\t<div class=\"elementor-container elementor-column-gap-default\">\n\t\t\t\t\t<div class=\"elementor-column elementor-col-100 elementor-top-column elementor-element elementor-element-8883d39\" data-id=\"8883d39\" data-element_type=\"column\" data-e-type=\"column\">\n\t\t\t<div class=\"elementor-widget-wrap elementor-element-populated\">\n\t\t\t\t\t\t<div class=\"elementor-element elementor-element-45f5f50 elementor-blockquote--skin-quotation elementor-blockquote--button-color-official elementor-widget elementor-widget-blockquote\" data-id=\"45f5f50\" data-element_type=\"widget\" data-e-type=\"widget\" data-widget_type=\"blockquote.default\">\n\t\t\t\t<div class=\"elementor-widget-container\">\n\t\t\t\t\t\t\t<blockquote class=\"elementor-blockquote\">\n\t\t\t<p class=\"elementor-blockquote__content\">\n\t\t\t\tJ\u2019ai l\u2019impression que cette clinique est un peu la mienne \t\t\t<\/p>\n\t\t\t\t\t<\/blockquote>\n\t\t\t\t\t\t<\/div>\n\t\t\t\t<\/div>\n\t\t\t\t<div class=\"elementor-element elementor-element-75fbb77 elementor-widget elementor-widget-text-editor\" data-id=\"75fbb77\" data-element_type=\"widget\" data-e-type=\"widget\" data-widget_type=\"text-editor.default\">\n\t\t\t\t<div class=\"elementor-widget-container\">\n\t\t\t\t\t\t\t\t\t<p><span class=\"TextRun SCXW232200004 BCX0\" lang=\"PT-PT\" xml:lang=\"PT-PT\" data-contrast=\"auto\"><span class=\"NormalTextRun SCXW232200004 BCX0\" data-ccp-parastyle=\"normal\">Depuis qu\u2019elle a quitt\u00e9 la r\u00e9ception pour se consacrer uniquement au travail d\u2019assistante dentaire, elle a re\u00e7u de nombreuses plaintes de la part des patients&#8230; parce qu\u2019ils ne la voient plus autant! C\u2019est sp\u00e9cial l\u2019affection que les patients ont pour Manuela, parce que comme elle le dit, quand on aime ce qu\u2019on fait, il est facile de \u00ab se donner \u00bb aux autres. Alors,<\/span> <span class=\"NormalTextRun SCXW232200004 BCX0\" data-ccp-parastyle=\"normal\">chaque fois qu\u2019il en a l\u2019occasion, il va dans les bureaux saluer les patients et, de temps en temps, il t\u00e9l\u00e9phone pour tuer leur nostalgie. Consid\u00e9r\u00e9e comme le bras droit du Dr. Pedro Mota &#8211; \u00ab\u00a0et le gauche, et les mains et les jambes!\u00a0\u00bb , dit par lui-m\u00eame &#8211; il s\u2019est pr\u00e9par\u00e9 jusqu\u2019\u00e0 superviser les travaux de la nouvelle clinique, et a m\u00eame sugg\u00e9r\u00e9 qu\u2019on lui fasse une petite chambre, pour une urgence. La famille, d\u2019une certaine mani\u00e8re, fait aussi partie de la clinique. La fille, quand elle \u00e9tait petite, y faisait les devoirs et le mari est parfois appel\u00e9 pour donner un coup de main dans une maintenance n\u00e9cessaire. M\u00eame pendant les vacances<\/span>, si vous \u00eates dans le coin, vous allez faire une visite, parce que la clinique est un peu la v\u00f4tre, c\u2019est un peu votre maison.<\/span><span class=\"EOP SCXW232200004 BCX0\" data-ccp-props=\"{\"201341983\":0,\"335551550\":6,\"335551620\":6,\"335559739\":0,\"335559740\":276}\"> <\/span><\/p>\t\t\t\t\t\t\t\t<\/div>\n\t\t\t\t<\/div>\n\t\t\t\t\t<\/div>\n\t\t<\/div>\n\t\t\t\t\t<\/div>\n\t\t<\/section>\n\t\t\t\t<section class=\"elementor-section elementor-top-section elementor-element elementor-element-f33b8e9 elementor-section-boxed elementor-section-height-default elementor-section-height-default\" data-id=\"f33b8e9\" data-element_type=\"section\" data-e-type=\"section\">\n\t\t\t\t\t\t<div class=\"elementor-container elementor-column-gap-default\">\n\t\t\t\t\t<div class=\"elementor-column elementor-col-50 elementor-top-column elementor-element elementor-element-de45bbc\" data-id=\"de45bbc\" data-element_type=\"column\" data-e-type=\"column\">\n\t\t\t<div class=\"elementor-widget-wrap elementor-element-populated\">\n\t\t\t\t\t\t<div class=\"elementor-element elementor-element-6853ac8 elementor-blockquote--skin-quotation elementor-blockquote--button-color-official elementor-widget elementor-widget-blockquote\" data-id=\"6853ac8\" data-element_type=\"widget\" data-e-type=\"widget\" data-widget_type=\"blockquote.default\">\n\t\t\t\t<div class=\"elementor-widget-container\">\n\t\t\t\t\t\t\t<blockquote class=\"elementor-blockquote\">\n\t\t\t<p class=\"elementor-blockquote__content\">\n\t\t\t\t\"Je suis \u00e9mu avec facilit\u00e9\" \t\t\t<\/p>\n\t\t\t\t\t<\/blockquote>\n\t\t\t\t\t\t<\/div>\n\t\t\t\t<\/div>\n\t\t\t\t<div class=\"elementor-element elementor-element-4d28f3f elementor-widget elementor-widget-text-editor\" data-id=\"4d28f3f\" data-element_type=\"widget\" data-e-type=\"widget\" data-widget_type=\"text-editor.default\">\n\t\t\t\t<div class=\"elementor-widget-container\">\n\t\t\t\t\t\t\t\t\t<p><span class=\"TextRun SCXW112762110 BCX0\" lang=\"PT-PT\" xml:lang=\"PT-PT\" data-contrast=\"auto\"><span class=\"NormalTextRun SCXW112762110 BCX0\" data-ccp-parastyle=\"normal\">\u00c0 propos de l\u2019un des cas marquants qui lui est d\u00e9j\u00e0 pass\u00e9 entre les mains, un patient totalement d\u00e9dent\u00e9 qui r\u00e9sistait aux implants, Manuela n\u2019oubliera pas le jour o\u00f9 vous avez finalement accept\u00e9 et de, comme elle a \u00e9t\u00e9 \u00e9mue par le r\u00e9sultat, t\u00e9moignant qu\u2019il pouvait enfin aller dans un restaurant avec les petits-enfants, manger des burgers sans avoir aucun probl\u00e8me. Sur ce qu\u2019il aime faire en dehors du contexte professionnel, il se divise entre la clinique et les t\u00e2ches domestiques<\/span> <span class=\"NormalTextRun SCXW112762110 BCX0\" data-ccp-parastyle=\"normal\">\u00e0 la maison. Quand il voyage, il aime visiter Ferreira do Z\u00eazere, la terre de son p\u00e8re. J\u2019aimerais avoir le temps de marcher ou de faire de l\u2019exercice, mais je n\u2019y arrive pas, parce que je quitte la maison \u00e0 l\u2019aube et que je rentre la nuit. Il faut dire que si la relation de Manuela avec la clinique \u00e9tait un film, ce serait certainement une histoire d\u2019amour !<\/span><\/span><span class=\"EOP SCXW112762110 BCX0\" data-ccp-props=\"{\"201341983\":0,\"335551550\":6,\"335551620\":6,\"335559739\":0,\"335559740\":276}\"> <\/span><\/p>\t\t\t\t\t\t\t\t<\/div>\n\t\t\t\t<\/div>\n\t\t\t\t\t<\/div>\n\t\t<\/div>\n\t\t\t\t<div class=\"elementor-column elementor-col-50 elementor-top-column elementor-element elementor-element-d07d17e\" data-id=\"d07d17e\" data-element_type=\"column\" data-e-type=\"column\">\n\t\t\t<div class=\"elementor-widget-wrap elementor-element-populated\">\n\t\t\t\t\t\t<div class=\"elementor-element elementor-element-f49bc1d elementor-widget elementor-widget-image\" data-id=\"f49bc1d\" data-element_type=\"widget\" data-e-type=\"widget\" data-widget_type=\"image.default\">\n\t\t\t\t<div class=\"elementor-widget-container\">\n\t\t\t\t\t\t\t\t\t\t\t\t\t\t\t<img decoding=\"async\" width=\"800\" height=\"1000\" src=\"https:\/\/aclinicadrpedromota.pt\/wp-content\/uploads\/2024\/02\/manuela-rececao.webp\" class=\"attachment-large size-large wp-image-21923\" alt=\"\" srcset=\"https:\/\/aclinicadrpedromota.pt\/wp-content\/uploads\/2024\/02\/manuela-rececao.webp 800w, https:\/\/aclinicadrpedromota.pt\/wp-content\/uploads\/2024\/02\/manuela-rececao-240x300.webp 240w, https:\/\/aclinicadrpedromota.pt\/wp-content\/uploads\/2024\/02\/manuela-rececao-768x960.webp 768w\" sizes=\"(max-width: 800px) 100vw, 800px\" \/>\t\t\t\t\t\t\t\t\t\t\t\t\t\t\t<\/div>\n\t\t\t\t<\/div>\n\t\t\t\t\t<\/div>\n\t\t<\/div>\n\t\t\t\t\t<\/div>\n\t\t<\/section>\n\t\t\t\t<\/div>\n\t\t","protected":false},"excerpt":{"rendered":"<p>Manuela Garc\u00eas Assistante dentaire J\u2019ai d\u00e9j\u00e0 fait les noces d\u2019argent avec cette clinique Originaire du Mozambique, elle s\u2019est toujours int\u00e9ress\u00e9e au domaine de la sant\u00e9 et travaille comme assistante dentaire \u00e0 la clinique Dr. Pedro Mota depuis 18 ans. \u00c9tant donn\u00e9 que je travaillais d\u00e9j\u00e0 avec l\u2019ancien propri\u00e9taire, dans la m\u00eame fonction, il y a [&hellip;]<\/p>\n","protected":false},"author":2,"featured_media":21924,"parent":21316,"menu_order":0,"comment_status":"closed","ping_status":"closed","template":"","meta":{"site-sidebar-layout":"no-sidebar","site-content-layout":"page-builder","ast-site-content-layout":"default","site-content-style":"default","site-sidebar-style":"default","ast-global-header-display":"","ast-banner-title-visibility":"","ast-main-header-display":"","ast-hfb-above-header-display":"","ast-hfb-below-header-display":"","ast-hfb-mobile-header-display":"","site-post-title":"disabled","ast-breadcrumbs-content":"","ast-featured-img":"disabled","footer-sml-layout":"","ast-disable-related-posts":"","theme-transparent-header-meta":"","adv-header-id-meta":"","stick-header-meta":"","header-above-stick-meta":"","header-main-stick-meta":"","header-below-stick-meta":"","astra-migrate-meta-layouts":"default","ast-page-background-enabled":"default","ast-page-background-meta":{"desktop":{"background-color":"var(--ast-global-color-4)","background-image":"","background-repeat":"repeat","background-position":"center center","background-size":"auto","background-attachment":"scroll","background-type":"","background-media":"","overlay-type":"","overlay-color":"","overlay-opacity":"","overlay-gradient":""},"tablet":{"background-color":"","background-image":"","background-repeat":"repeat","background-position":"center center","background-size":"auto","background-attachment":"scroll","background-type":"","background-media":"","overlay-type":"","overlay-color":"","overlay-opacity":"","overlay-gradient":""},"mobile":{"background-color":"","background-image":"","background-repeat":"repeat","background-position":"center center","background-size":"auto","background-attachment":"scroll","background-type":"","background-media":"","overlay-type":"","overlay-color":"","overlay-opacity":"","overlay-gradient":""}},"ast-content-background-meta":{"desktop":{"background-color":"var(--ast-global-color-5)","background-image":"","background-repeat":"repeat","background-position":"center center","background-size":"auto","background-attachment":"scroll","background-type":"","background-media":"","overlay-type":"","overlay-color":"","overlay-opacity":"","overlay-gradient":""},"tablet":{"background-color":"var(--ast-global-color-5)","background-image":"","background-repeat":"repeat","background-position":"center center","background-size":"auto","background-attachment":"scroll","background-type":"","background-media":"","overlay-type":"","overlay-color":"","overlay-opacity":"","overlay-gradient":""},"mobile":{"background-color":"var(--ast-global-color-5)","background-image":"","background-repeat":"repeat","background-position":"center center","background-size":"auto","background-attachment":"scroll","background-type":"","background-media":"","overlay-type":"","overlay-color":"","overlay-opacity":"","overlay-gradient":""}},"_joinchat":[],"footnotes":""},"class_list":["post-21925","page","type-page","status-publish","has-post-thumbnail","hentry"],"_links":{"self":[{"href":"https:\/\/aclinicadrpedromota.pt\/fr\/wp-json\/wp\/v2\/pages\/21925","targetHints":{"allow":["GET"]}}],"collection":[{"href":"https:\/\/aclinicadrpedromota.pt\/fr\/wp-json\/wp\/v2\/pages"}],"about":[{"href":"https:\/\/aclinicadrpedromota.pt\/fr\/wp-json\/wp\/v2\/types\/page"}],"author":[{"embeddable":true,"href":"https:\/\/aclinicadrpedromota.pt\/fr\/wp-json\/wp\/v2\/users\/2"}],"replies":[{"embeddable":true,"href":"https:\/\/aclinicadrpedromota.pt\/fr\/wp-json\/wp\/v2\/comments?post=21925"}],"version-history":[{"count":2,"href":"https:\/\/aclinicadrpedromota.pt\/fr\/wp-json\/wp\/v2\/pages\/21925\/revisions"}],"predecessor-version":[{"id":21931,"href":"https:\/\/aclinicadrpedromota.pt\/fr\/wp-json\/wp\/v2\/pages\/21925\/revisions\/21931"}],"up":[{"embeddable":true,"href":"https:\/\/aclinicadrpedromota.pt\/fr\/wp-json\/wp\/v2\/pages\/21316"}],"wp:featuredmedia":[{"embeddable":true,"href":"https:\/\/aclinicadrpedromota.pt\/fr\/wp-json\/wp\/v2\/media\/21924"}],"wp:attachment":[{"href":"https:\/\/aclinicadrpedromota.pt\/fr\/wp-json\/wp\/v2\/media?parent=21925"}],"curies":[{"name":"wp","href":"https:\/\/api.w.org\/{rel}","templated":true}]}}