{"id":21912,"date":"2023-08-14T13:01:05","date_gmt":"2023-08-14T13:01:05","guid":{"rendered":"https:\/\/aclinicadrpedromota.pt\/equipe\/dr-andreia-pais\/"},"modified":"2026-03-20T11:58:43","modified_gmt":"2026-03-20T11:58:43","slug":"dr-andreia-pais","status":"publish","type":"page","link":"https:\/\/aclinicadrpedromota.pt\/fr\/equipe\/dr-andreia-pais\/","title":{"rendered":"Dr Andreia Pais"},"content":{"rendered":"\t\t<div data-elementor-type=\"wp-page\" data-elementor-id=\"21912\" class=\"elementor elementor-21912 elementor-2549\" data-elementor-post-type=\"page\">\n\t\t\t\t\t\t<section class=\"elementor-section elementor-top-section elementor-element elementor-element-285c0ee elementor-section-boxed elementor-section-height-default elementor-section-height-default\" data-id=\"285c0ee\" data-element_type=\"section\" data-e-type=\"section\">\n\t\t\t\t\t\t<div class=\"elementor-container elementor-column-gap-wider\">\n\t\t\t\t\t<div class=\"elementor-column elementor-col-33 elementor-top-column elementor-element elementor-element-734f94f\" data-id=\"734f94f\" data-element_type=\"column\" data-e-type=\"column\">\n\t\t\t<div class=\"elementor-widget-wrap elementor-element-populated\">\n\t\t\t\t\t\t<div class=\"elementor-element elementor-element-3d30dec elementor-widget elementor-widget-image\" data-id=\"3d30dec\" data-element_type=\"widget\" data-e-type=\"widget\" data-widget_type=\"image.default\">\n\t\t\t\t<div class=\"elementor-widget-container\">\n\t\t\t\t\t\t\t\t\t\t\t\t\t\t\t<img fetchpriority=\"high\" decoding=\"async\" width=\"400\" height=\"400\" src=\"https:\/\/aclinicadrpedromota.pt\/wp-content\/uploads\/2023\/12\/ANDREIAPAIS_PERFIL.webp\" class=\"attachment-large size-large wp-image-21306\" alt=\"Photographie da Dra. Andreia Pais\" srcset=\"https:\/\/aclinicadrpedromota.pt\/wp-content\/uploads\/2023\/12\/ANDREIAPAIS_PERFIL.webp 400w, https:\/\/aclinicadrpedromota.pt\/wp-content\/uploads\/2023\/12\/ANDREIAPAIS_PERFIL-300x300.webp 300w, https:\/\/aclinicadrpedromota.pt\/wp-content\/uploads\/2023\/12\/ANDREIAPAIS_PERFIL-150x150.webp 150w\" sizes=\"(max-width: 400px) 100vw, 400px\" \/>\t\t\t\t\t\t\t\t\t\t\t\t\t\t\t<\/div>\n\t\t\t\t<\/div>\n\t\t\t\t<div class=\"elementor-element elementor-element-f905e36 elementor-widget elementor-widget-heading\" data-id=\"f905e36\" data-element_type=\"widget\" data-e-type=\"widget\" data-widget_type=\"heading.default\">\n\t\t\t\t<div class=\"elementor-widget-container\">\n\t\t\t\t\t<h1 class=\"elementor-heading-title elementor-size-default\">Dr Andreia Pais <\/h1>\t\t\t\t<\/div>\n\t\t\t\t<\/div>\n\t\t\t\t<div class=\"elementor-element elementor-element-6918a55 elementor-widget elementor-widget-heading\" data-id=\"6918a55\" data-element_type=\"widget\" data-e-type=\"widget\" data-widget_type=\"heading.default\">\n\t\t\t\t<div class=\"elementor-widget-container\">\n\t\t\t\t\t<h2 class=\"elementor-heading-title elementor-size-default\">M\u00e9decin dentiste | OMD N\u00ba5916<\/h2>\t\t\t\t<\/div>\n\t\t\t\t<\/div>\n\t\t\t\t<div class=\"elementor-element elementor-element-82d4a62 elementor-widget elementor-widget-text-editor\" data-id=\"82d4a62\" data-element_type=\"widget\" data-e-type=\"widget\" data-widget_type=\"text-editor.default\">\n\t\t\t\t<div class=\"elementor-widget-container\">\n\t\t\t\t\t\t\t\t\t<p><a href=\"\/servicos\/ortodontia\/\">Orthodontie<\/a><\/p>\t\t\t\t\t\t\t\t<\/div>\n\t\t\t\t<\/div>\n\t\t\t\t\t<\/div>\n\t\t<\/div>\n\t\t\t\t<div class=\"elementor-column elementor-col-66 elementor-top-column elementor-element elementor-element-eff7fa5\" data-id=\"eff7fa5\" data-element_type=\"column\" data-e-type=\"column\">\n\t\t\t<div class=\"elementor-widget-wrap elementor-element-populated\">\n\t\t\t\t\t\t<div class=\"elementor-element elementor-element-5bb96fb elementor-blockquote--skin-quotation elementor-blockquote--button-color-official elementor-widget elementor-widget-blockquote\" data-id=\"5bb96fb\" data-element_type=\"widget\" data-e-type=\"widget\" data-widget_type=\"blockquote.default\">\n\t\t\t\t<div class=\"elementor-widget-container\">\n\t\t\t\t\t\t\t<blockquote class=\"elementor-blockquote\">\n\t\t\t<p class=\"elementor-blockquote__content\">\n\t\t\t\tJe suis pass\u00e9 par les trois \u00e9tapes de la clinique \t\t\t<\/p>\n\t\t\t\t\t<\/blockquote>\n\t\t\t\t\t\t<\/div>\n\t\t\t\t<\/div>\n\t\t\t\t<div class=\"elementor-element elementor-element-f25ee28 elementor-widget elementor-widget-text-editor\" data-id=\"f25ee28\" data-element_type=\"widget\" data-e-type=\"widget\" data-widget_type=\"text-editor.default\">\n\t\t\t\t<div class=\"elementor-widget-container\">\n\t\t\t\t\t\t\t\t\t<p>Depuis 2009, le Dr. Andreia Pais fait l\u2019autoroute Lisbonne-Vila Franca de Xira, pour s\u2019occuper de la sant\u00e9 bucco-dentaire des patients de A Cl\u00ednica Dr. Pedro Mota. <\/p><p><span class=\"TextRun SCXW96987954 BCX0\" lang=\"PT-PT\" xml:lang=\"PT-PT\" data-contrast=\"auto\"><span class=\"NormalTextRun SCXW96987954 BCX0\" data-ccp-parastyle=\"normal\">Form\u00e9e \u00e0 l\u2019Institut sup\u00e9rieur des sciences de la sant\u00e9 Egas Moniz en 2007, elle a accept\u00e9 avec plaisir l\u2019invitation de son ami et coll\u00e8gue de profession, le Dr. Pedro Mota, pour faire partie de l\u2019\u00e9quipe m\u00e9dicale de sa clinique. Elle a assist\u00e9 aux diff\u00e9rentes \u00e9tapes de restructuration de la clinique et ne pouvait pas \u00eatre plus fi\u00e8re et confiante du moment propice qu\u2019elles traversent. Consid\u00e8re que la clinique r\u00e9unit d\u2019excellentes installations, une technologie de pointe et un corps clinique hautement qualifi\u00e9.<\/span> <\/span><span class=\"EOP SCXW96987954 BCX0\" data-ccp-props=\"{\"201341983\":0,\"335551550\":6,\"335551620\":6,\"335559739\":0,\"335559740\":276}\"> <\/span><\/p>\t\t\t\t\t\t\t\t<\/div>\n\t\t\t\t<\/div>\n\t\t\t\t\t<\/div>\n\t\t<\/div>\n\t\t\t\t\t<\/div>\n\t\t<\/section>\n\t\t\t\t<section class=\"elementor-section elementor-top-section elementor-element elementor-element-f89bd52 elementor-section-boxed elementor-section-height-default elementor-section-height-default\" data-id=\"f89bd52\" data-element_type=\"section\" data-e-type=\"section\">\n\t\t\t\t\t\t<div class=\"elementor-container elementor-column-gap-default\">\n\t\t\t\t\t<div class=\"elementor-column elementor-col-100 elementor-top-column elementor-element elementor-element-96a0fb4\" data-id=\"96a0fb4\" data-element_type=\"column\" data-e-type=\"column\">\n\t\t\t<div class=\"elementor-widget-wrap elementor-element-populated\">\n\t\t\t\t\t\t<div class=\"elementor-element elementor-element-ea0c210 elementor-blockquote--skin-quotation elementor-blockquote--button-color-official elementor-widget elementor-widget-blockquote\" data-id=\"ea0c210\" data-element_type=\"widget\" data-e-type=\"widget\" data-widget_type=\"blockquote.default\">\n\t\t\t\t<div class=\"elementor-widget-container\">\n\t\t\t\t\t\t\t<blockquote class=\"elementor-blockquote\">\n\t\t\t<p class=\"elementor-blockquote__content\">\n\t\t\t\tNous cr\u00e9ons des sourires sains \t\t\t<\/p>\n\t\t\t\t\t<\/blockquote>\n\t\t\t\t\t\t<\/div>\n\t\t\t\t<\/div>\n\t\t\t\t<div class=\"elementor-element elementor-element-70194a1 elementor-widget elementor-widget-text-editor\" data-id=\"70194a1\" data-element_type=\"widget\" data-e-type=\"widget\" data-widget_type=\"text-editor.default\">\n\t\t\t\t<div class=\"elementor-widget-container\">\n\t\t\t\t\t\t\t\t\t<p><span class=\"NormalTextRun SCXW200289047 BCX0\" data-ccp-parastyle=\"normal\" data-ccp-parastyle-defn=\"{\"ObjectId\":\"4861ddb4-2a08-4b0a-bee1-7143677a6f49|25\",\"ClassId\":1073872969,\"Properties\":[469775450,\"normal\",201340122,\"2\",134233614,\"true\",469778129,\"normal0\",335572020,\"0\",469777841,\"Arial\",469777842,\"Arial\",469777843,\"Arial\",469777844,\"Arial\",469769226,\"Arial\",335559705,\"2070\",335559740,\"276\",201341983,\"0\",335559739,\"0\"]}\">Bien que la plupart des patients soient encore des enfants et des jeunes, il y a d\u00e9j\u00e0 beaucoup d\u2019adultes qui s\u2019assoient dans leur chaise pour corriger le sourire \u00e0 travers l\u2019appareil orthodontique. Souligne que l\u2019appareil orthodontique ne sert pas seulement \u00e0 cr\u00e9er <\/span> <span class=\"NormalTextRun SCXW200289047 BCX0\" data-ccp-parastyle=\"normal\">beaux sourires, mais surtout des sourires sains, en corrigeant les pathologies qui peuvent entra\u00eener de graves probl\u00e8mes de sant\u00e9. Pouvoir allier la sant\u00e9 \u00e0 l\u2019art, c\u2019est ce qui lui a fait choisir le cours de m\u00e9decine dentaire. Donner vie aux sourires ondul\u00e9s, changer la vie des enfants qui seront plus jeunes et plus souriants et<\/span> aider les adultes \u00e0 d\u00e9couvrir le sourire oubli\u00e9, c\u2019est votre mission.<\/p>\t\t\t\t\t\t\t\t<\/div>\n\t\t\t\t<\/div>\n\t\t\t\t\t<\/div>\n\t\t<\/div>\n\t\t\t\t\t<\/div>\n\t\t<\/section>\n\t\t\t\t<section class=\"elementor-section elementor-top-section elementor-element elementor-element-38e9e16 elementor-section-boxed elementor-section-height-default elementor-section-height-default\" data-id=\"38e9e16\" data-element_type=\"section\" data-e-type=\"section\">\n\t\t\t\t\t\t<div class=\"elementor-container elementor-column-gap-default\">\n\t\t\t\t\t<div class=\"elementor-column elementor-col-50 elementor-top-column elementor-element elementor-element-ac1cecd\" data-id=\"ac1cecd\" data-element_type=\"column\" data-e-type=\"column\">\n\t\t\t<div class=\"elementor-widget-wrap elementor-element-populated\">\n\t\t\t\t\t\t<div class=\"elementor-element elementor-element-df86229 elementor-blockquote--skin-quotation elementor-blockquote--button-color-official elementor-widget elementor-widget-blockquote\" data-id=\"df86229\" data-element_type=\"widget\" data-e-type=\"widget\" data-widget_type=\"blockquote.default\">\n\t\t\t\t<div class=\"elementor-widget-container\">\n\t\t\t\t\t\t\t<blockquote class=\"elementor-blockquote\">\n\t\t\t<p class=\"elementor-blockquote__content\">\n\t\t\t\tNous avons beaucoup d\u2019\u00e9tudes \u00e0 faire \t\t\t<\/p>\n\t\t\t\t\t<\/blockquote>\n\t\t\t\t\t\t<\/div>\n\t\t\t\t<\/div>\n\t\t\t\t<div class=\"elementor-element elementor-element-0e3ecef elementor-widget elementor-widget-text-editor\" data-id=\"0e3ecef\" data-element_type=\"widget\" data-e-type=\"widget\" data-widget_type=\"text-editor.default\">\n\t\t\t\t<div class=\"elementor-widget-container\">\n\t\t\t\t\t\t\t\t\t<p><span class=\"TextRun SCXW146948429 BCX0\" lang=\"PT-PT\" xml:lang=\"PT-PT\" data-contrast=\"auto\">Pour que sa mission ne soit pas rat\u00e9e, il recharge ses \u00e9nergies \u00e0 la fin de chaque journ\u00e9e au sein de sa famille (nombreuse !), sans jamais oublier l\u2019\u00e9tude continue, qui est n\u00e9cessaire \u00e0 l\u2019exercice de sa fonction. C\u2019est le cas de dire : on peut quitter le travail \u00e0 la fin de la journ\u00e9e, mais le travail ne nous quitte jamais !<\/span><span class=\"EOP SCXW146948429 BCX0\" data-ccp-props=\"{\"201341983\":0,\"335551550\":6,\"335551620\":6,\"335559739\":0,\"335559740\":276}\"> <\/span><\/p>\t\t\t\t\t\t\t\t<\/div>\n\t\t\t\t<\/div>\n\t\t\t\t\t<\/div>\n\t\t<\/div>\n\t\t\t\t<div class=\"elementor-column elementor-col-50 elementor-top-column elementor-element elementor-element-30212dc\" data-id=\"30212dc\" data-element_type=\"column\" data-e-type=\"column\">\n\t\t\t<div class=\"elementor-widget-wrap elementor-element-populated\">\n\t\t\t\t\t\t<div class=\"elementor-element elementor-element-a119f1d elementor-widget elementor-widget-image\" data-id=\"a119f1d\" data-element_type=\"widget\" data-e-type=\"widget\" data-widget_type=\"image.default\">\n\t\t\t\t<div class=\"elementor-widget-container\">\n\t\t\t\t\t\t\t\t\t\t\t\t\t\t\t<img decoding=\"async\" width=\"1000\" height=\"800\" src=\"https:\/\/aclinicadrpedromota.pt\/wp-content\/uploads\/2024\/02\/dra-andreia-consulta.webp\" class=\"attachment-large size-large wp-image-21893\" alt=\"\" srcset=\"https:\/\/aclinicadrpedromota.pt\/wp-content\/uploads\/2024\/02\/dra-andreia-consulta.webp 1000w, https:\/\/aclinicadrpedromota.pt\/wp-content\/uploads\/2024\/02\/dra-andreia-consulta-300x240.webp 300w, https:\/\/aclinicadrpedromota.pt\/wp-content\/uploads\/2024\/02\/dra-andreia-consulta-768x614.webp 768w\" sizes=\"(max-width: 1000px) 100vw, 1000px\" \/>\t\t\t\t\t\t\t\t\t\t\t\t\t\t\t<\/div>\n\t\t\t\t<\/div>\n\t\t\t\t\t<\/div>\n\t\t<\/div>\n\t\t\t\t\t<\/div>\n\t\t<\/section>\n\t\t\t\t<\/div>\n\t\t","protected":false},"excerpt":{"rendered":"<p>Dr Andreia Pais M\u00e9decin dentiste | OMD N\u00ba5916 Orthodontie Je suis pass\u00e9 par les trois \u00e9tapes de la clinique Depuis 2009, le Dr. Andreia Pais fait l\u2019autoroute Lisbonne-Vila Franca de Xira, pour s\u2019occuper de la sant\u00e9 bucco-dentaire des patients de A Cl\u00ednica Dr. Pedro Mota. Form\u00e9e \u00e0 l\u2019Institut sup\u00e9rieur des sciences de la sant\u00e9 Egas [&hellip;]<\/p>\n","protected":false},"author":2,"featured_media":21306,"parent":21316,"menu_order":0,"comment_status":"closed","ping_status":"closed","template":"","meta":{"site-sidebar-layout":"no-sidebar","site-content-layout":"page-builder","ast-site-content-layout":"default","site-content-style":"default","site-sidebar-style":"default","ast-global-header-display":"","ast-banner-title-visibility":"","ast-main-header-display":"","ast-hfb-above-header-display":"","ast-hfb-below-header-display":"","ast-hfb-mobile-header-display":"","site-post-title":"disabled","ast-breadcrumbs-content":"","ast-featured-img":"disabled","footer-sml-layout":"","ast-disable-related-posts":"","theme-transparent-header-meta":"default","adv-header-id-meta":"","stick-header-meta":"","header-above-stick-meta":"","header-main-stick-meta":"","header-below-stick-meta":"","astra-migrate-meta-layouts":"default","ast-page-background-enabled":"default","ast-page-background-meta":{"desktop":{"background-color":"var(--ast-global-color-4)","background-image":"","background-repeat":"repeat","background-position":"center center","background-size":"auto","background-attachment":"scroll","background-type":"","background-media":"","overlay-type":"","overlay-color":"","overlay-opacity":"","overlay-gradient":""},"tablet":{"background-color":"","background-image":"","background-repeat":"repeat","background-position":"center center","background-size":"auto","background-attachment":"scroll","background-type":"","background-media":"","overlay-type":"","overlay-color":"","overlay-opacity":"","overlay-gradient":""},"mobile":{"background-color":"","background-image":"","background-repeat":"repeat","background-position":"center center","background-size":"auto","background-attachment":"scroll","background-type":"","background-media":"","overlay-type":"","overlay-color":"","overlay-opacity":"","overlay-gradient":""}},"ast-content-background-meta":{"desktop":{"background-color":"var(--ast-global-color-5)","background-image":"","background-repeat":"repeat","background-position":"center center","background-size":"auto","background-attachment":"scroll","background-type":"","background-media":"","overlay-type":"","overlay-color":"","overlay-opacity":"","overlay-gradient":""},"tablet":{"background-color":"var(--ast-global-color-5)","background-image":"","background-repeat":"repeat","background-position":"center center","background-size":"auto","background-attachment":"scroll","background-type":"","background-media":"","overlay-type":"","overlay-color":"","overlay-opacity":"","overlay-gradient":""},"mobile":{"background-color":"var(--ast-global-color-5)","background-image":"","background-repeat":"repeat","background-position":"center center","background-size":"auto","background-attachment":"scroll","background-type":"","background-media":"","overlay-type":"","overlay-color":"","overlay-opacity":"","overlay-gradient":""}},"_joinchat":[],"footnotes":""},"class_list":["post-21912","page","type-page","status-publish","has-post-thumbnail","hentry"],"_links":{"self":[{"href":"https:\/\/aclinicadrpedromota.pt\/fr\/wp-json\/wp\/v2\/pages\/21912","targetHints":{"allow":["GET"]}}],"collection":[{"href":"https:\/\/aclinicadrpedromota.pt\/fr\/wp-json\/wp\/v2\/pages"}],"about":[{"href":"https:\/\/aclinicadrpedromota.pt\/fr\/wp-json\/wp\/v2\/types\/page"}],"author":[{"embeddable":true,"href":"https:\/\/aclinicadrpedromota.pt\/fr\/wp-json\/wp\/v2\/users\/2"}],"replies":[{"embeddable":true,"href":"https:\/\/aclinicadrpedromota.pt\/fr\/wp-json\/wp\/v2\/comments?post=21912"}],"version-history":[{"count":2,"href":"https:\/\/aclinicadrpedromota.pt\/fr\/wp-json\/wp\/v2\/pages\/21912\/revisions"}],"predecessor-version":[{"id":21921,"href":"https:\/\/aclinicadrpedromota.pt\/fr\/wp-json\/wp\/v2\/pages\/21912\/revisions\/21921"}],"up":[{"embeddable":true,"href":"https:\/\/aclinicadrpedromota.pt\/fr\/wp-json\/wp\/v2\/pages\/21316"}],"wp:featuredmedia":[{"embeddable":true,"href":"https:\/\/aclinicadrpedromota.pt\/fr\/wp-json\/wp\/v2\/media\/21306"}],"wp:attachment":[{"href":"https:\/\/aclinicadrpedromota.pt\/fr\/wp-json\/wp\/v2\/media?parent=21912"}],"curies":[{"name":"wp","href":"https:\/\/api.w.org\/{rel}","templated":true}]}}