{"id":21873,"date":"2023-08-14T16:28:07","date_gmt":"2023-08-14T16:28:07","guid":{"rendered":"https:\/\/aclinicadrpedromota.pt\/equipe\/dr-alexandra-fernandes\/"},"modified":"2026-03-20T11:24:29","modified_gmt":"2026-03-20T11:24:29","slug":"dr-alexandra-fernandes","status":"publish","type":"page","link":"https:\/\/aclinicadrpedromota.pt\/fr\/equipe\/dr-alexandra-fernandes\/","title":{"rendered":"Dr Alexandra Fernandes"},"content":{"rendered":"\t\t<div data-elementor-type=\"wp-page\" data-elementor-id=\"21873\" class=\"elementor elementor-21873 elementor-2577\" data-elementor-post-type=\"page\">\n\t\t\t\t\t\t<section class=\"elementor-section elementor-top-section elementor-element elementor-element-355f1c9 elementor-section-boxed elementor-section-height-default elementor-section-height-default\" data-id=\"355f1c9\" data-element_type=\"section\" data-e-type=\"section\">\n\t\t\t\t\t\t<div class=\"elementor-container elementor-column-gap-wider\">\n\t\t\t\t\t<div class=\"elementor-column elementor-col-33 elementor-top-column elementor-element elementor-element-8517727\" data-id=\"8517727\" data-element_type=\"column\" data-e-type=\"column\">\n\t\t\t<div class=\"elementor-widget-wrap elementor-element-populated\">\n\t\t\t\t\t\t<div class=\"elementor-element elementor-element-b3350a0 elementor-widget elementor-widget-image\" data-id=\"b3350a0\" data-element_type=\"widget\" data-e-type=\"widget\" data-widget_type=\"image.default\">\n\t\t\t\t<div class=\"elementor-widget-container\">\n\t\t\t\t\t\t\t\t\t\t\t\t\t\t\t<img fetchpriority=\"high\" decoding=\"async\" width=\"400\" height=\"400\" src=\"https:\/\/aclinicadrpedromota.pt\/wp-content\/uploads\/2023\/12\/ALEXANDRAFERNANDES_PERFIL.webp\" class=\"attachment-large size-large wp-image-21310\" alt=\"Photographie Dra. Alexandra Fernandes\" srcset=\"https:\/\/aclinicadrpedromota.pt\/wp-content\/uploads\/2023\/12\/ALEXANDRAFERNANDES_PERFIL.webp 400w, https:\/\/aclinicadrpedromota.pt\/wp-content\/uploads\/2023\/12\/ALEXANDRAFERNANDES_PERFIL-300x300.webp 300w, https:\/\/aclinicadrpedromota.pt\/wp-content\/uploads\/2023\/12\/ALEXANDRAFERNANDES_PERFIL-150x150.webp 150w\" sizes=\"(max-width: 400px) 100vw, 400px\" \/>\t\t\t\t\t\t\t\t\t\t\t\t\t\t\t<\/div>\n\t\t\t\t<\/div>\n\t\t\t\t<div class=\"elementor-element elementor-element-03fc686 elementor-widget elementor-widget-heading\" data-id=\"03fc686\" data-element_type=\"widget\" data-e-type=\"widget\" data-widget_type=\"heading.default\">\n\t\t\t\t<div class=\"elementor-widget-container\">\n\t\t\t\t\t<h1 class=\"elementor-heading-title elementor-size-default\">Dr Alexandra Fernandes <\/h1>\t\t\t\t<\/div>\n\t\t\t\t<\/div>\n\t\t\t\t<div class=\"elementor-element elementor-element-f03fc28 elementor-widget elementor-widget-heading\" data-id=\"f03fc28\" data-element_type=\"widget\" data-e-type=\"widget\" data-widget_type=\"heading.default\">\n\t\t\t\t<div class=\"elementor-widget-container\">\n\t\t\t\t\t<h2 class=\"elementor-heading-title elementor-size-default\">Hygi\u00e9niste dentaire | C-035604085<\/h2>\t\t\t\t<\/div>\n\t\t\t\t<\/div>\n\t\t\t\t<div class=\"elementor-element elementor-element-677a152 elementor-widget elementor-widget-text-editor\" data-id=\"677a152\" data-element_type=\"widget\" data-e-type=\"widget\" data-widget_type=\"text-editor.default\">\n\t\t\t\t<div class=\"elementor-widget-container\">\n\t\t\t\t\t\t\t\t\t<p><a href=\"\/servicos\/higiene-oral\/\">Hygi\u00e8ne bucco-dentaire<\/a><\/p>\t\t\t\t\t\t\t\t<\/div>\n\t\t\t\t<\/div>\n\t\t\t\t\t<\/div>\n\t\t<\/div>\n\t\t\t\t<div class=\"elementor-column elementor-col-66 elementor-top-column elementor-element elementor-element-f6cd24c\" data-id=\"f6cd24c\" data-element_type=\"column\" data-e-type=\"column\">\n\t\t\t<div class=\"elementor-widget-wrap elementor-element-populated\">\n\t\t\t\t\t\t<div class=\"elementor-element elementor-element-b13b604 elementor-blockquote--skin-quotation elementor-blockquote--button-color-official elementor-widget elementor-widget-blockquote\" data-id=\"b13b604\" data-element_type=\"widget\" data-e-type=\"widget\" data-widget_type=\"blockquote.default\">\n\t\t\t\t<div class=\"elementor-widget-container\">\n\t\t\t\t\t\t\t<blockquote class=\"elementor-blockquote\">\n\t\t\t<p class=\"elementor-blockquote__content\">\n\t\t\t\tIci, j\u2019ai grandi en tant que personne et professionnel \t\t\t<\/p>\n\t\t\t\t\t<\/blockquote>\n\t\t\t\t\t\t<\/div>\n\t\t\t\t<\/div>\n\t\t\t\t<div class=\"elementor-element elementor-element-fc026e1 elementor-widget elementor-widget-text-editor\" data-id=\"fc026e1\" data-element_type=\"widget\" data-e-type=\"widget\" data-widget_type=\"text-editor.default\">\n\t\t\t\t<div class=\"elementor-widget-container\">\n\t\t\t\t\t\t\t\t\t<p>Le Dr Alexandra Fernandes est originaire de Lisbonne, mais avec des c\u00f4tes de l\u2019Alentejo, elle a obtenu un dipl\u00f4me en hygi\u00e8ne buccale \u00e0 la facult\u00e9 de m\u00e9decine dentaire de l\u2019universit\u00e9 de Lisbonne en 2010. <\/p><p><span class=\"TextRun SCXW55846820 BCX0\" lang=\"PT-PT\" xml:lang=\"PT-PT\" data-contrast=\"auto\"><span class=\"NormalTextRun SCXW55846820 BCX0\" data-ccp-parastyle=\"normal\">Exerce depuis 12 ans, il y en a 8 qui sont \u00e0 L\u2019Cl\u00ednica Dr. Pedro Mota, dont 7 exclusivement. Sur la raison qui l\u2019a pouss\u00e9e \u00e0 choisir ce domaine, elle ne mentionne que trois mots : sant\u00e9, pr\u00e9vention, enseignante. Une certitude pr\u00e9valait, la sant\u00e9 \u00e9tait son destin, et le domaine pr\u00e9ventif sa passion. La dentisterie est venue <\/span> \u00e0 la suggestion d\u2019un professeur de lyc\u00e9e, et aujourd\u2019hui je ne pouvais pas \u00eatre plus reconnaissante et \u00e9panouie. C\u2019est \u00e0 la Clinique Dr. Pedro Mota qui a grandi en tant que professionnel, mais aussi en tant que personne.<\/span><span class=\"EOP SCXW55846820 BCX0\" data-ccp-props=\"{\"201341983\":0,\"335551550\":6,\"335551620\":6,\"335559739\":0,\"335559740\":276}\"> <\/span><\/p>\t\t\t\t\t\t\t\t<\/div>\n\t\t\t\t<\/div>\n\t\t\t\t\t<\/div>\n\t\t<\/div>\n\t\t\t\t\t<\/div>\n\t\t<\/section>\n\t\t\t\t<section class=\"elementor-section elementor-top-section elementor-element elementor-element-ff91f0f elementor-section-boxed elementor-section-height-default elementor-section-height-default\" data-id=\"ff91f0f\" data-element_type=\"section\" data-e-type=\"section\">\n\t\t\t\t\t\t<div class=\"elementor-container elementor-column-gap-default\">\n\t\t\t\t\t<div class=\"elementor-column elementor-col-100 elementor-top-column elementor-element elementor-element-d27957a\" data-id=\"d27957a\" data-element_type=\"column\" data-e-type=\"column\">\n\t\t\t<div class=\"elementor-widget-wrap elementor-element-populated\">\n\t\t\t\t\t\t<div class=\"elementor-element elementor-element-94b6217 elementor-blockquote--skin-quotation elementor-blockquote--button-color-official elementor-widget elementor-widget-blockquote\" data-id=\"94b6217\" data-element_type=\"widget\" data-e-type=\"widget\" data-widget_type=\"blockquote.default\">\n\t\t\t\t<div class=\"elementor-widget-container\">\n\t\t\t\t\t\t\t<blockquote class=\"elementor-blockquote\">\n\t\t\t<p class=\"elementor-blockquote__content\">\n\t\t\t\tMa consultation est bien plus qu\u2019un simple nettoyage des dents \t\t\t<\/p>\n\t\t\t\t\t<\/blockquote>\n\t\t\t\t\t\t<\/div>\n\t\t\t\t<\/div>\n\t\t\t\t<div class=\"elementor-element elementor-element-994457b elementor-widget elementor-widget-text-editor\" data-id=\"994457b\" data-element_type=\"widget\" data-e-type=\"widget\" data-widget_type=\"text-editor.default\">\n\t\t\t\t<div class=\"elementor-widget-container\">\n\t\t\t\t\t\t\t\t\t<p><span class=\"TextRun SCXW14146096 BCX0\" lang=\"PT-PT\" xml:lang=\"PT-PT\" data-contrast=\"auto\"><span class=\"NormalTextRun SCXW14146096 BCX0\" data-ccp-parastyle=\"normal\" data-ccp-parastyle-defn=\"{\"ObjectId\":\"525ad49d-7169-46e2-96f0-3c05e3f3763a|16\",\"ClassId\":1073872969,\"Properties\":[469775450,\"normal\",201340122,\"2\",134233614,\"true\",469778129,\"normal0\",335572020,\"0\",469777841,\"Arial\",469777842,\"Arial\",469777843,\"Arial\",469777844,\"Arial\",469769226,\"Arial\",335559705,\"2070\",335559740,\"276\",201341983,\"0\",335559739,\"0\"]}\">Croit<\/span><span class=\"NormalTextRun SCXW14146096 BCX0\" data-ccp-parastyle=\"normal\">qu\u2019aimer les gens, parler et se connecter avec les histoires<\/span><span class=\"NormalTextRun SCXW14146096 BCX0\" data-ccp-parastyle=\"normal\"> autres<\/span><span class=\"NormalTextRun SCXW14146096 BCX0\" data-ccp-parastyle=\"normal\">, c\u2019est \u00e0 mi-chemin de marcher pour briser la glace qui peut encore exister lors de la premi\u00e8re visite chez le dentiste.<\/span> <span class=\"NormalTextRun SCXW14146096 BCX0\" data-ccp-parastyle=\"normal\">Son approche consiste \u00e0<\/span><span class=\"NormalTextRun SCXW14146096 BCX0\" data-ccp-parastyle=\"normal\">cr\u00e9er<\/span><span class=\"NormalTextRun SCXW14146096 BCX0\" data-ccp-parastyle=\"normal\">un<\/span><span class=\"NormalTextRun SCXW14146096 BCX0\" data-ccp-parastyle=\"normal\"> relation <\/span><span class=\"NormalTextRun SCXW14146096 BCX0\" data-ccp-parastyle=\"normal\">de<\/span><span class=\"NormalTextRun SCXW14146096 BCX0\" data-ccp-parastyle=\"normal\"> confiance avec le patient : \u00e9couter<\/span><span class=\"NormalTextRun SCXW14146096 BCX0\" data-ccp-parastyle=\"normal\">, rassurant tout<\/span><span class=\"NormalTextRun SCXW14146096 BCX0\" data-ccp-parastyle=\"normal\">, diagnostiquant<\/span><span class=\"NormalTextRun SCXW14146096 BCX0\" data-ccp-parastyle=\"normal\">, accompagnant<\/span><span class=\"NormalTextRun SCXW14146096 BCX0\" data-ccp-parastyle=\"normal\">et<\/span> <span class=\"NormalTextRun SCXW14146096 BCX0\" data-ccp-parastyle=\"normal\">traite. <\/span><span class=\"NormalTextRun SCXW14146096 BCX0\" data-ccp-parastyle=\"normal\">Dans<\/span><span class=\"NormalTextRun SCXW14146096 BCX0\" data-ccp-parastyle=\"normal\"> ses<\/span><span class=\"NormalTextRun SCXW14146096 BCX0\" data-ccp-parastyle=\"normal\">consultations<\/span><span class=\"NormalTextRun SCXW14146096 BCX0\" data-ccp-parastyle=\"normal\"> consulta<\/span><span class=\"NormalTextRun SCXW14146096 BCX0\" data-ccp-parastyle=\"normal\">d&rsquo;<\/span><span class=\"NormalTextRun SCXW14146096 BCX0\" data-ccp-parastyle=\"normal\"> hygi\u00e8ne bucco-dentaire<\/span><span class=\"NormalTextRun SCXW14146096 BCX0\" data-ccp-parastyle=\"normal\">, qui<\/span><span class=\"NormalTextRun SCXW14146096 BCX0\" data-ccp-parastyle=\"normal\"> durent<\/span><span class=\"NormalTextRun SCXW14146096 BCX0\" data-ccp-parastyle=\"normal\">environ<\/span><span class=\"NormalTextRun SCXW14146096 BCX0\" data-ccp-parastyle=\"normal\"> une heure, chaque minute <\/span><span class=\"NormalTextRun SCXW14146096 BCX0\" data-ccp-parastyle=\"normal\">est d\u00e9vou\u00e9 au patient et \u00e0 comprendre ce qui le d\u00e9range, ce qu\u2019il craint et ce qu\u2019il aimerait changer. C\u2019est beaucoup  <\/span><span class=\"NormalTextRun SCXW14146096 BCX0\" data-ccp-parastyle=\"normal\">plus qu\u2019un nettoyage des dents, parce que<\/span><span class=\"NormalTextRun SCXW14146096 BCX0\" data-ccp-parastyle=\"normal\">chaque patient n\u2019est pas \u00ab juste une autre bouche \u00bb, c\u2019est une personne. <\/span><span class=\"NormalTextRun SCXW14146096 BCX0\" data-ccp-parastyle=\"normal\">Ne sait pas travailler autrement et croit que c\u2019est en pariant sur la relation avec les patients que l\u2019on obtient la diff\u00e9renciation. <\/span><span class=\"NormalTextRun SCXW14146096 BCX0\" data-ccp-parastyle=\"normal\">Il ajoute que c\u2019est l\u2019approche de la clinique et son image de marque. C\u2019est une clinique qui accueille, qui embrasse, mais qui donne de l\u2019espace, qui \u00e9coute, qui rit, qui est comp\u00e9tente.  <\/span><\/span><span class=\"EOP SCXW14146096 BCX0\" data-ccp-props=\"{\"201341983\":0,\"335551550\":6,\"335551620\":6,\"335559739\":0,\"335559740\":276}\"> <\/span><\/p>\t\t\t\t\t\t\t\t<\/div>\n\t\t\t\t<\/div>\n\t\t\t\t\t<\/div>\n\t\t<\/div>\n\t\t\t\t\t<\/div>\n\t\t<\/section>\n\t\t\t\t<section class=\"elementor-section elementor-top-section elementor-element elementor-element-ee22e06 elementor-section-boxed elementor-section-height-default elementor-section-height-default\" data-id=\"ee22e06\" data-element_type=\"section\" data-e-type=\"section\">\n\t\t\t\t\t\t<div class=\"elementor-container elementor-column-gap-default\">\n\t\t\t\t\t<div class=\"elementor-column elementor-col-50 elementor-top-column elementor-element elementor-element-b23b323\" data-id=\"b23b323\" data-element_type=\"column\" data-e-type=\"column\">\n\t\t\t<div class=\"elementor-widget-wrap elementor-element-populated\">\n\t\t\t\t\t\t<div class=\"elementor-element elementor-element-9baa598 elementor-blockquote--skin-quotation elementor-blockquote--button-color-official elementor-widget elementor-widget-blockquote\" data-id=\"9baa598\" data-element_type=\"widget\" data-e-type=\"widget\" data-widget_type=\"blockquote.default\">\n\t\t\t\t<div class=\"elementor-widget-container\">\n\t\t\t\t\t\t\t<blockquote class=\"elementor-blockquote\">\n\t\t\t<p class=\"elementor-blockquote__content\">\n\t\t\t\tJ\u2019ai le plus beau sourire de la clinique \t\t\t<\/p>\n\t\t\t\t\t<\/blockquote>\n\t\t\t\t\t\t<\/div>\n\t\t\t\t<\/div>\n\t\t\t\t<div class=\"elementor-element elementor-element-32d8ee3 elementor-widget elementor-widget-text-editor\" data-id=\"32d8ee3\" data-element_type=\"widget\" data-e-type=\"widget\" data-widget_type=\"text-editor.default\">\n\t\t\t\t<div class=\"elementor-widget-container\">\n\t\t\t\t\t\t\t\t\t<p><span data-contrast=\"auto\">Amusante et au sourire contagieux, elle dit qu\u2019elle a d\u00e9j\u00e0 eu des dizaines de cas qui l\u2019ont marqu\u00e9e \u00e9motionnellement. Mais comme il aime mener la vie avec l\u00e9g\u00e8ret\u00e9 et humour, il dit qu\u2019il n\u2019oubliera pas le cas d\u2019un patient, en \u00e2ge d\u2019\u00eatre son grand-p\u00e8re, qui a voulu montrer sa gratitude en offrant un cadeau \u00e0 son hygi\u00e9niste oral. Rien de plus, rien de moins qu\u2019une alarme personnelle pour la s\u00e9curit\u00e9 de la \u00ab petite fille, qui avait \u00e9t\u00e9 si ch\u00e8re.   <\/span><span data-ccp-props=\"{\"201341983\":0,\"335551550\":6,\"335551620\":6,\"335559739\":0,\"335559740\":276}\"> <\/span><\/p><p><span data-contrast=\"auto\">En dehors du contexte professionnel, il a dans sa famille son port de refuge et c\u2019est avec elle qu\u2019il recharge. Mais il appr\u00e9cie aussi son temps de calme et de tranquillit\u00e9, pour pouvoir lire. Il aime voyager, manger, boire du vin rouge. Mais il s\u2019int\u00e9resse surtout aux gens!   <\/span><span data-ccp-props=\"{\"201341983\":0,\"335551550\":6,\"335551620\":6,\"335559739\":0,\"335559740\":276}\"> <\/span><\/p>\t\t\t\t\t\t\t\t<\/div>\n\t\t\t\t<\/div>\n\t\t\t\t\t<\/div>\n\t\t<\/div>\n\t\t\t\t<div class=\"elementor-column elementor-col-50 elementor-top-column elementor-element elementor-element-000e095\" data-id=\"000e095\" data-element_type=\"column\" data-e-type=\"column\">\n\t\t\t<div class=\"elementor-widget-wrap elementor-element-populated\">\n\t\t\t\t\t\t<div class=\"elementor-element elementor-element-dbe6021 elementor-widget elementor-widget-image\" data-id=\"dbe6021\" data-element_type=\"widget\" data-e-type=\"widget\" data-widget_type=\"image.default\">\n\t\t\t\t<div class=\"elementor-widget-container\">\n\t\t\t\t\t\t\t\t\t\t\t\t\t\t\t<img decoding=\"async\" width=\"1000\" height=\"800\" src=\"https:\/\/aclinicadrpedromota.pt\/wp-content\/uploads\/2024\/02\/dra-alexandra-consulta.webp\" class=\"attachment-large size-large wp-image-21872\" alt=\"\" srcset=\"https:\/\/aclinicadrpedromota.pt\/wp-content\/uploads\/2024\/02\/dra-alexandra-consulta.webp 1000w, https:\/\/aclinicadrpedromota.pt\/wp-content\/uploads\/2024\/02\/dra-alexandra-consulta-300x240.webp 300w, https:\/\/aclinicadrpedromota.pt\/wp-content\/uploads\/2024\/02\/dra-alexandra-consulta-768x614.webp 768w\" sizes=\"(max-width: 1000px) 100vw, 1000px\" \/>\t\t\t\t\t\t\t\t\t\t\t\t\t\t\t<\/div>\n\t\t\t\t<\/div>\n\t\t\t\t\t<\/div>\n\t\t<\/div>\n\t\t\t\t\t<\/div>\n\t\t<\/section>\n\t\t\t\t<\/div>\n\t\t","protected":false},"excerpt":{"rendered":"<p>Dr Alexandra Fernandes Hygi\u00e9niste dentaire | C-035604085 Hygi\u00e8ne bucco-dentaire Ici, j\u2019ai grandi en tant que personne et professionnel Le Dr Alexandra Fernandes est originaire de Lisbonne, mais avec des c\u00f4tes de l\u2019Alentejo, elle a obtenu un dipl\u00f4me en hygi\u00e8ne buccale \u00e0 la facult\u00e9 de m\u00e9decine dentaire de l\u2019universit\u00e9 de Lisbonne en 2010. Exerce depuis 12 [&hellip;]<\/p>\n","protected":false},"author":2,"featured_media":21310,"parent":21316,"menu_order":0,"comment_status":"closed","ping_status":"closed","template":"","meta":{"site-sidebar-layout":"no-sidebar","site-content-layout":"page-builder","ast-site-content-layout":"full-width-container","site-content-style":"unboxed","site-sidebar-style":"unboxed","ast-global-header-display":"","ast-banner-title-visibility":"","ast-main-header-display":"","ast-hfb-above-header-display":"","ast-hfb-below-header-display":"","ast-hfb-mobile-header-display":"","site-post-title":"disabled","ast-breadcrumbs-content":"","ast-featured-img":"disabled","footer-sml-layout":"","ast-disable-related-posts":"","theme-transparent-header-meta":"default","adv-header-id-meta":"","stick-header-meta":"","header-above-stick-meta":"","header-main-stick-meta":"","header-below-stick-meta":"","astra-migrate-meta-layouts":"default","ast-page-background-enabled":"default","ast-page-background-meta":{"desktop":{"background-color":"var(--ast-global-color-4)","background-image":"","background-repeat":"repeat","background-position":"center center","background-size":"auto","background-attachment":"scroll","background-type":"","background-media":"","overlay-type":"","overlay-color":"","overlay-opacity":"","overlay-gradient":""},"tablet":{"background-color":"","background-image":"","background-repeat":"repeat","background-position":"center center","background-size":"auto","background-attachment":"scroll","background-type":"","background-media":"","overlay-type":"","overlay-color":"","overlay-opacity":"","overlay-gradient":""},"mobile":{"background-color":"","background-image":"","background-repeat":"repeat","background-position":"center center","background-size":"auto","background-attachment":"scroll","background-type":"","background-media":"","overlay-type":"","overlay-color":"","overlay-opacity":"","overlay-gradient":""}},"ast-content-background-meta":{"desktop":{"background-color":"var(--ast-global-color-5)","background-image":"","background-repeat":"repeat","background-position":"center center","background-size":"auto","background-attachment":"scroll","background-type":"","background-media":"","overlay-type":"","overlay-color":"","overlay-opacity":"","overlay-gradient":""},"tablet":{"background-color":"var(--ast-global-color-5)","background-image":"","background-repeat":"repeat","background-position":"center center","background-size":"auto","background-attachment":"scroll","background-type":"","background-media":"","overlay-type":"","overlay-color":"","overlay-opacity":"","overlay-gradient":""},"mobile":{"background-color":"var(--ast-global-color-5)","background-image":"","background-repeat":"repeat","background-position":"center center","background-size":"auto","background-attachment":"scroll","background-type":"","background-media":"","overlay-type":"","overlay-color":"","overlay-opacity":"","overlay-gradient":""}},"_joinchat":[],"footnotes":""},"class_list":["post-21873","page","type-page","status-publish","has-post-thumbnail","hentry"],"_links":{"self":[{"href":"https:\/\/aclinicadrpedromota.pt\/fr\/wp-json\/wp\/v2\/pages\/21873","targetHints":{"allow":["GET"]}}],"collection":[{"href":"https:\/\/aclinicadrpedromota.pt\/fr\/wp-json\/wp\/v2\/pages"}],"about":[{"href":"https:\/\/aclinicadrpedromota.pt\/fr\/wp-json\/wp\/v2\/types\/page"}],"author":[{"embeddable":true,"href":"https:\/\/aclinicadrpedromota.pt\/fr\/wp-json\/wp\/v2\/users\/2"}],"replies":[{"embeddable":true,"href":"https:\/\/aclinicadrpedromota.pt\/fr\/wp-json\/wp\/v2\/comments?post=21873"}],"version-history":[{"count":1,"href":"https:\/\/aclinicadrpedromota.pt\/fr\/wp-json\/wp\/v2\/pages\/21873\/revisions"}],"predecessor-version":[{"id":21877,"href":"https:\/\/aclinicadrpedromota.pt\/fr\/wp-json\/wp\/v2\/pages\/21873\/revisions\/21877"}],"up":[{"embeddable":true,"href":"https:\/\/aclinicadrpedromota.pt\/fr\/wp-json\/wp\/v2\/pages\/21316"}],"wp:featuredmedia":[{"embeddable":true,"href":"https:\/\/aclinicadrpedromota.pt\/fr\/wp-json\/wp\/v2\/media\/21310"}],"wp:attachment":[{"href":"https:\/\/aclinicadrpedromota.pt\/fr\/wp-json\/wp\/v2\/media?parent=21873"}],"curies":[{"name":"wp","href":"https:\/\/api.w.org\/{rel}","templated":true}]}}