{"id":21516,"date":"2023-08-11T15:01:14","date_gmt":"2023-08-11T15:01:14","guid":{"rendered":"https:\/\/aclinicadrpedromota.pt\/financement\/"},"modified":"2026-02-27T13:13:40","modified_gmt":"2026-02-27T13:13:40","slug":"financement","status":"publish","type":"page","link":"https:\/\/aclinicadrpedromota.pt\/fr\/financement\/","title":{"rendered":"Financement"},"content":{"rendered":"\t\t<div data-elementor-type=\"wp-page\" data-elementor-id=\"21516\" class=\"elementor elementor-21516 elementor-2540\" data-elementor-post-type=\"page\">\n\t\t\t\t\t\t<section class=\"elementor-section elementor-top-section elementor-element elementor-element-7d8d5cf elementor-section-height-min-height elementor-section-boxed elementor-section-height-default elementor-section-items-middle\" data-id=\"7d8d5cf\" data-element_type=\"section\" data-e-type=\"section\" data-settings=\"{&quot;background_background&quot;:&quot;classic&quot;}\">\n\t\t\t\t\t\t\t<div class=\"elementor-background-overlay\"><\/div>\n\t\t\t\t\t\t\t<div class=\"elementor-container elementor-column-gap-default\">\n\t\t\t\t\t<div class=\"elementor-column elementor-col-100 elementor-top-column elementor-element elementor-element-c5c1867\" data-id=\"c5c1867\" data-element_type=\"column\" data-e-type=\"column\" data-settings=\"{&quot;background_background&quot;:&quot;classic&quot;}\">\n\t\t\t<div class=\"elementor-widget-wrap elementor-element-populated\">\n\t\t\t\t\t\t<div class=\"elementor-element elementor-element-3502fd1 elementor-widget elementor-widget-heading\" data-id=\"3502fd1\" data-element_type=\"widget\" data-e-type=\"widget\" data-widget_type=\"heading.default\">\n\t\t\t\t<div class=\"elementor-widget-container\">\n\t\t\t\t\t<h1 class=\"elementor-heading-title elementor-size-default\">Financement <\/h1>\t\t\t\t<\/div>\n\t\t\t\t<\/div>\n\t\t\t\t\t<\/div>\n\t\t<\/div>\n\t\t\t\t\t<\/div>\n\t\t<\/section>\n\t\t\t\t<section class=\"elementor-section elementor-top-section elementor-element elementor-element-b6f3c74 elementor-section-boxed elementor-section-height-default elementor-section-height-default\" data-id=\"b6f3c74\" data-element_type=\"section\" data-e-type=\"section\" data-settings=\"{&quot;background_background&quot;:&quot;classic&quot;}\">\n\t\t\t\t\t\t<div class=\"elementor-container elementor-column-gap-default\">\n\t\t\t\t\t<div class=\"elementor-column elementor-col-100 elementor-top-column elementor-element elementor-element-001c5d0\" data-id=\"001c5d0\" data-element_type=\"column\" data-e-type=\"column\">\n\t\t\t<div class=\"elementor-widget-wrap elementor-element-populated\">\n\t\t\t\t\t\t<div class=\"elementor-element elementor-element-c8d111e elementor-widget elementor-widget-text-editor\" data-id=\"c8d111e\" data-element_type=\"widget\" data-e-type=\"widget\" data-widget_type=\"text-editor.default\">\n\t\t\t\t<div class=\"elementor-widget-container\">\n\t\t\t\t\t\t\t\t\t<p><span class=\"TextRun SCXW122066719 BCX0\" lang=\"PT-PT\" xml:lang=\"PT-PT\" data-contrast=\"auto\"><span class=\"NormalTextRun SCXW122066719 BCX0\" data-ccp-parastyle=\"Normal (Web)\">Dans <\/span><span class=\"NormalTextRun SCXW122066719 BCX0\" data-ccp-parastyle=\"Normal (Web)\">A Cl\u00ednica Dr. Pedro Mota<\/span> tout le monde a droit \u00e0 un <span class=\"NormalTextRun SCXW122066719 BCX0\" data-ccp-parastyle=\"Normal (Web)\">sourire<\/span>! La <span class=\"NormalTextRun SCXW122066719 BCX0\" data-ccp-parastyle=\"Normal (Web)\">sant\u00e9 bucco-dentaire <\/span>ne peut pas \u00eatre un <span class=\"NormalTextRun SCXW122066719 BCX0\" data-ccp-parastyle=\"Normal (Web)\">luxe accessible seulement <\/span>\u00e0 <span class=\"NormalTextRun SCXW122066719 BCX0\" data-ccp-parastyle=\"Normal (Web)\">quelques-uns<\/span>, donc <span class=\"NormalTextRun SCXW122066719 BCX0\" data-ccp-parastyle=\"Normal (Web)\">nous vous donnons tout<\/span> le s<span class=\"NormalTextRun SCXW122066719 BCX0\" data-ccp-parastyle=\"Normal (Web)\">outien n\u00e9cessaire pour payer vos traitements<\/span>. <span class=\"NormalTextRun SCXW122066719 BCX0\" data-ccp-parastyle=\"Normal (Web)\">Les options de financement<\/span>, par le biais d\u2019une institution financi\u00e8re, sont l\u2019une des solutions pr\u00e9sent\u00e9es \u00e0 <span class=\"NormalTextRun SCXW122066719 BCX0\" data-ccp-parastyle=\"Normal (Web)\">notre population <\/span>pour qu\u2019ils puissent <span class=\"NormalTextRun SCXW122066719 BCX0\" data-ccp-parastyle=\"Normal (Web)\">prendre soin de leur sant\u00e9 bucco-dentaire<\/span> et <span class=\"NormalTextRun SCXW122066719 BCX0\" data-ccp-parastyle=\"Normal (Web)\">obtenir le sourire <\/span>qu\u2019ils d\u00e9sirent tant,<span class=\"NormalTextRun SCXW122066719 BCX0\" data-ccp-parastyle=\"Normal (Web)\"> sans compromettre leur budget familial, c\u2019est-\u00e0-dire avec facilit\u00e9 de paiement dans les traitements dentaires.<\/span> <\/span><span class=\"EOP SCXW122066719 BCX0\" data-ccp-props=\"{\"134233117\":false,\"134233118\":false,\"201341983\":0,\"335551550\":6,\"335551620\":6,\"335559738\":0,\"335559739\":0,\"335559740\":276}\"> <\/span><\/p>\t\t\t\t\t\t\t\t<\/div>\n\t\t\t\t<\/div>\n\t\t\t\t<section class=\"elementor-section elementor-inner-section elementor-element elementor-element-9d5195d elementor-section-boxed elementor-section-height-default elementor-section-height-default\" data-id=\"9d5195d\" data-element_type=\"section\" data-e-type=\"section\">\n\t\t\t\t\t\t<div class=\"elementor-container elementor-column-gap-default\">\n\t\t\t\t\t<div class=\"elementor-column elementor-col-50 elementor-inner-column elementor-element elementor-element-47c9ae2\" data-id=\"47c9ae2\" data-element_type=\"column\" data-e-type=\"column\">\n\t\t\t<div class=\"elementor-widget-wrap elementor-element-populated\">\n\t\t\t\t\t\t<div class=\"elementor-element elementor-element-3688adb elementor-widget elementor-widget-heading\" data-id=\"3688adb\" data-element_type=\"widget\" data-e-type=\"widget\" data-widget_type=\"heading.default\">\n\t\t\t\t<div class=\"elementor-widget-container\">\n\t\t\t\t\t<h2 class=\"elementor-heading-title elementor-size-default\">Comment \u00e7a marche? <\/h2>\t\t\t\t<\/div>\n\t\t\t\t<\/div>\n\t\t\t\t<div class=\"elementor-element elementor-element-6929d9b elementor-widget elementor-widget-text-editor\" data-id=\"6929d9b\" data-element_type=\"widget\" data-e-type=\"widget\" data-widget_type=\"text-editor.default\">\n\t\t\t\t<div class=\"elementor-widget-container\">\n\t\t\t\t\t\t\t\t\t<p><span data-contrast=\"auto\">Les patients viennent \u00e0 la consultation d\u2019\u00e9valuation avec leur dentiste, qui \u00e9tablit un budget en fonction du traitement \u00e0 effectuer. Par la suite, ils discutent avec notre gestionnaire de patients o\u00f9 un plan de paiement flexible et adapt\u00e9 \u00e0 vos besoins est pr\u00e9sent\u00e9. Ce plan comprend des paiements fractionn\u00e9s ajust\u00e9s \u00e0 vos revenus mensuels.   <\/span><span data-ccp-props=\"{\"134233117\":false,\"134233118\":false,\"201341983\":0,\"335551550\":6,\"335551620\":6,\"335559738\":0,\"335559739\":0,\"335559740\":276}\"> <\/span><span data-ccp-props=\"{\"134233117\":false,\"134233118\":false,\"201341983\":0,\"335551550\":6,\"335551620\":6,\"335559738\":0,\"335559739\":0,\"335559740\":276}\"> <\/span><\/p><p><span data-contrast=\"auto\">A Cl\u00ednica Dr. Pedro Mota croit qu\u2019avec ces plans de paiement donnera l\u2019accessibilit\u00e9 \u00e0 la population en g\u00e9n\u00e9ral. Nous pensons \u00e0 vous tout le temps, parce que nous ne voulons pas que votre sourire soit retard\u00e9!  <\/span><span data-ccp-props=\"{\"134233117\":false,\"134233118\":false,\"201341983\":0,\"335551550\":6,\"335551620\":6,\"335559738\":0,\"335559739\":0,\"335559740\":276}\"> <\/span><\/p><p><a href=\"https:\/\/aclinicadrpedromota.pt\/fr\/information-de-lintermediaire-de-credit\/\">*A Cl\u00ednica Dr. Pedro Mota exerce l\u2019activit\u00e9 d\u2019interm\u00e9diaire de cr\u00e9dit, avec le num\u00e9ro d\u2019enregistrement aupr\u00e8s de la Banque du Portugal : 3116.<\/a><\/p>\t\t\t\t\t\t\t\t<\/div>\n\t\t\t\t<\/div>\n\t\t\t\t\t<\/div>\n\t\t<\/div>\n\t\t\t\t<div class=\"elementor-column elementor-col-50 elementor-inner-column elementor-element elementor-element-c1eee9a\" data-id=\"c1eee9a\" data-element_type=\"column\" data-e-type=\"column\">\n\t\t\t<div class=\"elementor-widget-wrap elementor-element-populated\">\n\t\t\t\t\t\t<div class=\"elementor-element elementor-element-fd96dbc elementor-widget__width-initial elementor-widget elementor-widget-image\" data-id=\"fd96dbc\" data-element_type=\"widget\" data-e-type=\"widget\" data-widget_type=\"image.default\">\n\t\t\t\t<div class=\"elementor-widget-container\">\n\t\t\t\t\t\t\t\t\t\t\t\t\t\t\t<img fetchpriority=\"high\" decoding=\"async\" width=\"768\" height=\"1152\" src=\"https:\/\/aclinicadrpedromota.pt\/wp-content\/uploads\/2024\/03\/financiamento-gestora-pacientes-768x1152.webp\" class=\"attachment-medium_large size-medium_large wp-image-21514\" alt=\"\" srcset=\"https:\/\/aclinicadrpedromota.pt\/wp-content\/uploads\/2024\/03\/financiamento-gestora-pacientes-768x1152.webp 768w, https:\/\/aclinicadrpedromota.pt\/wp-content\/uploads\/2024\/03\/financiamento-gestora-pacientes-200x300.webp 200w, https:\/\/aclinicadrpedromota.pt\/wp-content\/uploads\/2024\/03\/financiamento-gestora-pacientes-683x1024.webp 683w, https:\/\/aclinicadrpedromota.pt\/wp-content\/uploads\/2024\/03\/financiamento-gestora-pacientes-1024x1536.webp 1024w, https:\/\/aclinicadrpedromota.pt\/wp-content\/uploads\/2024\/03\/financiamento-gestora-pacientes.webp 1200w\" sizes=\"(max-width: 768px) 100vw, 768px\" \/>\t\t\t\t\t\t\t\t\t\t\t\t\t\t\t<\/div>\n\t\t\t\t<\/div>\n\t\t\t\t\t<\/div>\n\t\t<\/div>\n\t\t\t\t\t<\/div>\n\t\t<\/section>\n\t\t\t\t\t<\/div>\n\t\t<\/div>\n\t\t\t\t\t<\/div>\n\t\t<\/section>\n\t\t\t\t<\/div>\n\t\t","protected":false},"excerpt":{"rendered":"<p>Financement Dans A Cl\u00ednica Dr. Pedro Mota tout le monde a droit \u00e0 un sourire! La sant\u00e9 bucco-dentaire ne peut pas \u00eatre un luxe accessible seulement \u00e0 quelques-uns, donc nous vous donnons tout le soutien n\u00e9cessaire pour payer vos traitements. Les options de financement, par le biais d\u2019une institution financi\u00e8re, sont l\u2019une des solutions pr\u00e9sent\u00e9es [&hellip;]<\/p>\n","protected":false},"author":2,"featured_media":0,"parent":0,"menu_order":0,"comment_status":"closed","ping_status":"closed","template":"","meta":{"site-sidebar-layout":"no-sidebar","site-content-layout":"page-builder","ast-site-content-layout":"default","site-content-style":"default","site-sidebar-style":"default","ast-global-header-display":"","ast-banner-title-visibility":"","ast-main-header-display":"","ast-hfb-above-header-display":"","ast-hfb-below-header-display":"","ast-hfb-mobile-header-display":"","site-post-title":"disabled","ast-breadcrumbs-content":"","ast-featured-img":"disabled","footer-sml-layout":"","ast-disable-related-posts":"","theme-transparent-header-meta":"","adv-header-id-meta":"","stick-header-meta":"","header-above-stick-meta":"","header-main-stick-meta":"","header-below-stick-meta":"","astra-migrate-meta-layouts":"default","ast-page-background-enabled":"default","ast-page-background-meta":{"desktop":{"background-color":"var(--ast-global-color-4)","background-image":"","background-repeat":"repeat","background-position":"center center","background-size":"auto","background-attachment":"scroll","background-type":"","background-media":"","overlay-type":"","overlay-color":"","overlay-opacity":"","overlay-gradient":""},"tablet":{"background-color":"","background-image":"","background-repeat":"repeat","background-position":"center center","background-size":"auto","background-attachment":"scroll","background-type":"","background-media":"","overlay-type":"","overlay-color":"","overlay-opacity":"","overlay-gradient":""},"mobile":{"background-color":"","background-image":"","background-repeat":"repeat","background-position":"center center","background-size":"auto","background-attachment":"scroll","background-type":"","background-media":"","overlay-type":"","overlay-color":"","overlay-opacity":"","overlay-gradient":""}},"ast-content-background-meta":{"desktop":{"background-color":"var(--ast-global-color-5)","background-image":"","background-repeat":"repeat","background-position":"center center","background-size":"auto","background-attachment":"scroll","background-type":"","background-media":"","overlay-type":"","overlay-color":"","overlay-opacity":"","overlay-gradient":""},"tablet":{"background-color":"var(--ast-global-color-5)","background-image":"","background-repeat":"repeat","background-position":"center center","background-size":"auto","background-attachment":"scroll","background-type":"","background-media":"","overlay-type":"","overlay-color":"","overlay-opacity":"","overlay-gradient":""},"mobile":{"background-color":"var(--ast-global-color-5)","background-image":"","background-repeat":"repeat","background-position":"center center","background-size":"auto","background-attachment":"scroll","background-type":"","background-media":"","overlay-type":"","overlay-color":"","overlay-opacity":"","overlay-gradient":""}},"_joinchat":[],"footnotes":""},"class_list":["post-21516","page","type-page","status-publish","hentry"],"_links":{"self":[{"href":"https:\/\/aclinicadrpedromota.pt\/fr\/wp-json\/wp\/v2\/pages\/21516","targetHints":{"allow":["GET"]}}],"collection":[{"href":"https:\/\/aclinicadrpedromota.pt\/fr\/wp-json\/wp\/v2\/pages"}],"about":[{"href":"https:\/\/aclinicadrpedromota.pt\/fr\/wp-json\/wp\/v2\/types\/page"}],"author":[{"embeddable":true,"href":"https:\/\/aclinicadrpedromota.pt\/fr\/wp-json\/wp\/v2\/users\/2"}],"replies":[{"embeddable":true,"href":"https:\/\/aclinicadrpedromota.pt\/fr\/wp-json\/wp\/v2\/comments?post=21516"}],"version-history":[{"count":0,"href":"https:\/\/aclinicadrpedromota.pt\/fr\/wp-json\/wp\/v2\/pages\/21516\/revisions"}],"wp:attachment":[{"href":"https:\/\/aclinicadrpedromota.pt\/fr\/wp-json\/wp\/v2\/media?parent=21516"}],"curies":[{"name":"wp","href":"https:\/\/api.w.org\/{rel}","templated":true}]}}