{"id":21411,"date":"2023-09-06T12:20:20","date_gmt":"2023-09-06T12:20:20","guid":{"rendered":"https:\/\/aclinicadrpedromota.pt\/information-de-lintermediaire-de-credit\/"},"modified":"2026-02-26T18:25:59","modified_gmt":"2026-02-26T18:25:59","slug":"information-de-lintermediaire-de-credit","status":"publish","type":"page","link":"https:\/\/aclinicadrpedromota.pt\/fr\/information-de-lintermediaire-de-credit\/","title":{"rendered":"Information de l\u2019interm\u00e9diaire de cr\u00e9dit"},"content":{"rendered":"\t\t<div data-elementor-type=\"wp-page\" data-elementor-id=\"21411\" class=\"elementor elementor-21411 elementor-4223\" data-elementor-post-type=\"page\">\n\t\t\t\t\t\t<section class=\"elementor-section elementor-top-section elementor-element elementor-element-fc78ca2 elementor-section-boxed elementor-section-height-default elementor-section-height-default\" data-id=\"fc78ca2\" data-element_type=\"section\" data-e-type=\"section\">\n\t\t\t\t\t\t<div class=\"elementor-container elementor-column-gap-default\">\n\t\t\t\t\t<div class=\"elementor-column elementor-col-100 elementor-top-column elementor-element elementor-element-d601835\" data-id=\"d601835\" data-element_type=\"column\" data-e-type=\"column\">\n\t\t\t<div class=\"elementor-widget-wrap elementor-element-populated\">\n\t\t\t\t\t\t<div class=\"elementor-element elementor-element-2ecf94f elementor-widget elementor-widget-heading\" data-id=\"2ecf94f\" data-element_type=\"widget\" data-e-type=\"widget\" data-widget_type=\"heading.default\">\n\t\t\t\t<div class=\"elementor-widget-container\">\n\t\t\t\t\t<h2 class=\"elementor-heading-title elementor-size-default\">INFORMATIONS DE L\u2019INTERM\u00c9DIAIRE DE CR\u00c9DIT<\/h2>\t\t\t\t<\/div>\n\t\t\t\t<\/div>\n\t\t\t\t<div class=\"elementor-element elementor-element-c6b5bd5 elementor-widget elementor-widget-text-editor\" data-id=\"c6b5bd5\" data-element_type=\"widget\" data-e-type=\"widget\" data-widget_type=\"text-editor.default\">\n\t\t\t\t<div class=\"elementor-widget-container\">\n\t\t\t\t\t\t\t\t\t<p>La soci\u00e9t\u00e9 <strong>A Cl\u00ednica Dr. Pedro Mota, Lda,<\/strong> en vertu de l\u2019article 53, paragraphe 1, informe qu\u2019elle est d\u00fbment enregistr\u00e9e aupr\u00e8s de la Banque du Portugal pour exercer les services d\u2019interm\u00e9diation de cr\u00e9dit conform\u00e9ment aux exigences \u00e9tablies par le DL 81-C\/2017 du 7 juillet.<\/p>\t\t\t\t\t\t\t\t<\/div>\n\t\t\t\t<\/div>\n\t\t\t\t<div class=\"elementor-element elementor-element-9e3600f elementor-widget elementor-widget-heading\" data-id=\"9e3600f\" data-element_type=\"widget\" data-e-type=\"widget\" data-widget_type=\"heading.default\">\n\t\t\t\t<div class=\"elementor-widget-container\">\n\t\t\t\t\t<h4 class=\"elementor-heading-title elementor-size-default\">\u00c9l\u00e9ments d'identification<\/h4>\t\t\t\t<\/div>\n\t\t\t\t<\/div>\n\t\t\t\t<div class=\"elementor-element elementor-element-34aa2cb elementor-widget elementor-widget-text-editor\" data-id=\"34aa2cb\" data-element_type=\"widget\" data-e-type=\"widget\" data-widget_type=\"text-editor.default\">\n\t\t\t\t<div class=\"elementor-widget-container\">\n\t\t\t\t\t\t\t\t\t<p><strong>D\u00e9nomination<\/strong>: A Cl\u00ednica Dr. Pedro Mota, Lda<\/p><p><strong>Si\u00e8ge social:<\/strong> Rua Curado 11 A, 2600-133 Vila Franca de Xira<\/p><p><strong>Au registre de la Banque du Portugal :<\/strong> 0003116<br>Les informations relatives aux interm\u00e9diaires de cr\u00e9dit enregistr\u00e9s aupr\u00e8s du Banco de Portugal sont disponibles \u00e0 l\u2019adresse suivante :<a href=\"https:\/\/clientebancario.bportugal.pt\/\" target=\"_blank\" rel=\"noopener\"> https:\/\/clientebancario.bportugal.pt\/<\/a><\/p><p><strong>Contact:<\/strong> +351 263 271 845 (appel\u00e9 r\u00e9seau fixe national) \/ +351 913 950 529 (appel\u00e9 r\u00e9seau mobile national)<\/p><p><strong>Email:<\/strong> <a href=\"mailto:gestao@aclinicadrpedromota.pt\">gestao@aclinicadrpedromota.pt<\/a><\/p>\t\t\t\t\t\t\t\t<\/div>\n\t\t\t\t<\/div>\n\t\t\t\t<div class=\"elementor-element elementor-element-c9da1da elementor-widget elementor-widget-heading\" data-id=\"c9da1da\" data-element_type=\"widget\" data-e-type=\"widget\" data-widget_type=\"heading.default\">\n\t\t\t\t<div class=\"elementor-widget-container\">\n\t\t\t\t\t<h4 class=\"elementor-heading-title elementor-size-default\">Description de l\u2019activit\u00e9 d\u2019interm\u00e9diation de cr\u00e9dit<\/h4>\t\t\t\t<\/div>\n\t\t\t\t<\/div>\n\t\t\t\t<div class=\"elementor-element elementor-element-14f8055 elementor-widget elementor-widget-text-editor\" data-id=\"14f8055\" data-element_type=\"widget\" data-e-type=\"widget\" data-widget_type=\"text-editor.default\">\n\t\t\t\t<div class=\"elementor-widget-container\">\n\t\t\t\t\t\t\t\t\t<p><strong>Cat\u00e9gorie d\u2019interm\u00e9diaire de cr\u00e9dit :<\/strong> Interm\u00e9diaire de cr\u00e9dit \u00e0 titre accessoire<\/p><p><strong>Pr\u00eateurs <\/strong>: ABANCA SERVICIOS FINANCIEROS, E.F.C.,S.A.-SUCURSAL EM PORTUGAL<\/p><p><strong>R\u00e9gime d\u2019exercice de l\u2019interm\u00e9diation de cr\u00e9dit <\/strong>: exercice de l\u2019activit\u00e9 d\u2019interm\u00e9diation de cr\u00e9dit en r\u00e9gime de non-exclusivit\u00e9<\/p><p><strong>Services d\u2019interm\u00e9diation de cr\u00e9dit<\/strong> : La soci\u00e9t\u00e9 <strong>A Cl\u00ednica Dr. Pedro Mota, Lda <\/strong>est autoris\u00e9e par le pr\u00eateur mentionn\u00e9 ci-dessus \u00e0 pr\u00e9senter et proposer des contrats de cr\u00e9dit aux consommateurs.<\/p><p><strong>RESPONSABILIT\u00c9 CIVILE LI\u00c9E \u00c0 L\u2019ACTIVIT\u00c9 D\u2019INTERM\u00c9DIATION DE CR\u00c9DIT<\/strong><br><strong> Organisme assureur:<\/strong> Hiscox, S.A<\/p><p><strong>Num\u00e9ro du contrat d\u2019assurance\/police :<\/strong> 2533362<br><br><strong>Valable jusqu\u2019\u00e0 :<\/strong> 31\/12\/2023<\/p><p><strong>Activit\u00e9 interdite \u00e0 l\u2019interm\u00e9diaire de cr\u00e9dit <\/strong>: La soci\u00e9t\u00e9 <strong>A Cl\u00ednica Dr. Pedro Mota<\/strong>, <strong>Lda <\/strong>n\u2019est pas autoris\u00e9e \u00e0 recevoir des montants li\u00e9s \u00e0 la formation, l\u2019ex\u00e9cution et le respect anticip\u00e9 des contrats de cr\u00e9dit.<\/p><p><strong>Autorit\u00e9 de surveillance de l\u2019interm\u00e9diation de cr\u00e9dit :<\/strong> Banco de Portugal<\/p>\t\t\t\t\t\t\t\t<\/div>\n\t\t\t\t<\/div>\n\t\t\t\t<div class=\"elementor-element elementor-element-3200fe5 elementor-widget elementor-widget-heading\" data-id=\"3200fe5\" data-element_type=\"widget\" data-e-type=\"widget\" data-widget_type=\"heading.default\">\n\t\t\t\t<div class=\"elementor-widget-container\">\n\t\t\t\t\t<h4 class=\"elementor-heading-title elementor-size-default\">Proc\u00e9dures de r\u00e9clamation et de r\u00e8glement extrajudiciaire des litiges<\/h4>\t\t\t\t<\/div>\n\t\t\t\t<\/div>\n\t\t\t\t<div class=\"elementor-element elementor-element-99849c4 elementor-widget elementor-widget-text-editor\" data-id=\"99849c4\" data-element_type=\"widget\" data-e-type=\"widget\" data-widget_type=\"text-editor.default\">\n\t\t\t\t<div class=\"elementor-widget-container\">\n\t\t\t\t\t\t\t\t\t<p>Les r\u00e9clamations relatives \u00e0 la fourniture de services d\u2019interm\u00e9diation de cr\u00e9dit peuvent \u00eatre pr\u00e9sent\u00e9es :<\/p><p><strong style=\"font-size: 30px; color: #d6a41e;\">\u203a<\/strong>Par l\u2019interm\u00e9diaire du cr\u00e9dit : en utilisant le Registre des r\u00e9clamations disponible dans les locaux de <strong>A Cl\u00ednica Dr. Pedro Mota, Lda.<\/strong><br><strong style=\"font-size: 30px; color: #d6a41e;\">\u203a<\/strong>\u00c0 travers le Registre des r\u00e9clamations \u00e9lectronique, accessible sur<a href=\"https:\/\/www.livroreclamacoes.pt\/inicio\" target=\"_new\" rel=\"noopener\"> https:\/\/www.livroreclamacoes.pt\/inicio.<\/a><br><strong style=\"font-size: 30px; color: #d6a41e;\">\u203a<\/strong>Par l\u2019interm\u00e9diaire de la Banque du Portugal : en utilisant le formulaire disponible sur le portail du client bancaire (<a href=\"https:\/\/clientebancario.bportugal.pt\/pt-pt\/formulario-nova-reclamacao\" target=\"_blank\" rel=\"noopener\">https:\/\/clientebancario.bportugal.pt\/pt-pt\/formulario-nova-reclamacao<\/a>) ou por correio, enviando a reclama\u00e7\u00e3o para Banco de Portugal, Apartado 2240, 1106-001 Lisboa.<\/p><p>Le client a la possibilit\u00e9 de soumettre des plaintes et des litiges r\u00e9sultant de l\u2019activit\u00e9 d\u2019interm\u00e9diation de cr\u00e9dit aux entit\u00e9s suivantes de r\u00e9solution extrajudiciaire des litiges, auxquelles la soci\u00e9t\u00e9<strong> A Cl\u00ednica Dr. Pedro Mota, Lda<\/strong> est li\u00e9e :<\/p><p class=\"qrShPb pXs6bb PZPZlf q8U8x aTI8gc hNKfZe\" data-dtype=\"d3ifr\" data-local-attribute=\"d3bn\" data-attrid=\"title\" data-ved=\"2ahUKEwiIl4C1-ZOBAxVrVKQEHWDKCJkQ3B0oAXoECDYQAg\"><strong>Centro de Arbitragem de Conflitos de Consumo de Lisboa<br><\/strong>Rua dos Douradores, n\u00ba 112 &#8211; 2\u00ba 1100 &#8211; 207 Lisboa<br>218 80 70 30<br><a href=\"mailto:juridico@centroarbitragemlisboa.pt\">juridico@centroarbitragemlisboa.pt<\/a><\/p><p><b><span data-contrast=\"auto\">Tribunal arbitral de la consommation<\/span><\/b><span data-ccp-props=\"{\"201341983\":0,\"335559739\":160,\"335559740\":259}\"><br><\/span><span data-contrast=\"auto\">Rua D. Afonso Henriques, n\u00ba1 \u2013 <\/span><span data-contrast=\"auto\">4700-030 Braga<\/span><span data-ccp-props=\"{\"201341983\":0,\"335559739\":160,\"335559740\":259}\"><br><\/span><span data-contrast=\"auto\">253 617 604<\/span><span data-ccp-props=\"{\"201341983\":0,\"335559739\":160,\"335559740\":259}\"><br><\/span><a href=\"mailto:geral@ciab.pt\"><span data-contrast=\"none\">geral@ciab.pt<\/span><\/a><span data-contrast=\"auto\"> <\/span><span data-ccp-props=\"{\"201341983\":0,\"335559739\":160,\"335559740\":259}\"><br><\/span><a href=\"http:\/\/www.ciab.pt\/\" target=\"_blank\" rel=\"noopener\"><span data-contrast=\"none\">www.ciab.pt<\/span><\/a><span data-ccp-props=\"{\"201341983\":0,\"335559739\":160,\"335559740\":259}\"> <\/span><\/p>\t\t\t\t\t\t\t\t<\/div>\n\t\t\t\t<\/div>\n\t\t\t\t\t<\/div>\n\t\t<\/div>\n\t\t\t\t\t<\/div>\n\t\t<\/section>\n\t\t\t\t<\/div>\n\t\t","protected":false},"excerpt":{"rendered":"<p>INFORMATIONS DE L\u2019INTERM\u00c9DIAIRE DE CR\u00c9DIT La soci\u00e9t\u00e9 A Cl\u00ednica Dr. Pedro Mota, Lda, en vertu de l\u2019article 53, paragraphe 1, informe qu\u2019elle est d\u00fbment enregistr\u00e9e aupr\u00e8s de la Banque du Portugal pour exercer les services d\u2019interm\u00e9diation de cr\u00e9dit conform\u00e9ment aux exigences \u00e9tablies par le DL 81-C\/2017 du 7 juillet. \u00c9l\u00e9ments d&rsquo;identification D\u00e9nomination: A Cl\u00ednica Dr. [&hellip;]<\/p>\n","protected":false},"author":2,"featured_media":0,"parent":0,"menu_order":0,"comment_status":"closed","ping_status":"closed","template":"","meta":{"site-sidebar-layout":"no-sidebar","site-content-layout":"page-builder","ast-site-content-layout":"full-width-container","site-content-style":"unboxed","site-sidebar-style":"unboxed","ast-global-header-display":"","ast-banner-title-visibility":"","ast-main-header-display":"","ast-hfb-above-header-display":"","ast-hfb-below-header-display":"","ast-hfb-mobile-header-display":"","site-post-title":"disabled","ast-breadcrumbs-content":"","ast-featured-img":"disabled","footer-sml-layout":"","ast-disable-related-posts":"","theme-transparent-header-meta":"","adv-header-id-meta":"","stick-header-meta":"","header-above-stick-meta":"","header-main-stick-meta":"","header-below-stick-meta":"","astra-migrate-meta-layouts":"default","ast-page-background-enabled":"default","ast-page-background-meta":{"desktop":{"background-color":"var(--ast-global-color-4)","background-image":"","background-repeat":"repeat","background-position":"center center","background-size":"auto","background-attachment":"scroll","background-type":"","background-media":"","overlay-type":"","overlay-color":"","overlay-opacity":"","overlay-gradient":""},"tablet":{"background-color":"","background-image":"","background-repeat":"repeat","background-position":"center center","background-size":"auto","background-attachment":"scroll","background-type":"","background-media":"","overlay-type":"","overlay-color":"","overlay-opacity":"","overlay-gradient":""},"mobile":{"background-color":"","background-image":"","background-repeat":"repeat","background-position":"center center","background-size":"auto","background-attachment":"scroll","background-type":"","background-media":"","overlay-type":"","overlay-color":"","overlay-opacity":"","overlay-gradient":""}},"ast-content-background-meta":{"desktop":{"background-color":"var(--ast-global-color-5)","background-image":"","background-repeat":"repeat","background-position":"center center","background-size":"auto","background-attachment":"scroll","background-type":"","background-media":"","overlay-type":"","overlay-color":"","overlay-opacity":"","overlay-gradient":""},"tablet":{"background-color":"var(--ast-global-color-5)","background-image":"","background-repeat":"repeat","background-position":"center center","background-size":"auto","background-attachment":"scroll","background-type":"","background-media":"","overlay-type":"","overlay-color":"","overlay-opacity":"","overlay-gradient":""},"mobile":{"background-color":"var(--ast-global-color-5)","background-image":"","background-repeat":"repeat","background-position":"center center","background-size":"auto","background-attachment":"scroll","background-type":"","background-media":"","overlay-type":"","overlay-color":"","overlay-opacity":"","overlay-gradient":""}},"_joinchat":[],"footnotes":""},"class_list":["post-21411","page","type-page","status-publish","hentry"],"_links":{"self":[{"href":"https:\/\/aclinicadrpedromota.pt\/fr\/wp-json\/wp\/v2\/pages\/21411","targetHints":{"allow":["GET"]}}],"collection":[{"href":"https:\/\/aclinicadrpedromota.pt\/fr\/wp-json\/wp\/v2\/pages"}],"about":[{"href":"https:\/\/aclinicadrpedromota.pt\/fr\/wp-json\/wp\/v2\/types\/page"}],"author":[{"embeddable":true,"href":"https:\/\/aclinicadrpedromota.pt\/fr\/wp-json\/wp\/v2\/users\/2"}],"replies":[{"embeddable":true,"href":"https:\/\/aclinicadrpedromota.pt\/fr\/wp-json\/wp\/v2\/comments?post=21411"}],"version-history":[{"count":0,"href":"https:\/\/aclinicadrpedromota.pt\/fr\/wp-json\/wp\/v2\/pages\/21411\/revisions"}],"wp:attachment":[{"href":"https:\/\/aclinicadrpedromota.pt\/fr\/wp-json\/wp\/v2\/media?parent=21411"}],"curies":[{"name":"wp","href":"https:\/\/api.w.org\/{rel}","templated":true}]}}