{"id":21336,"date":"2023-09-05T16:56:57","date_gmt":"2023-09-05T16:56:57","guid":{"rendered":"https:\/\/aclinicadrpedromota.pt\/resolution-de-litiges\/"},"modified":"2026-02-26T17:52:06","modified_gmt":"2026-02-26T17:52:06","slug":"resolution-de-litiges","status":"publish","type":"page","link":"https:\/\/aclinicadrpedromota.pt\/fr\/resolution-de-litiges\/","title":{"rendered":"R\u00e9solution de Litiges"},"content":{"rendered":"\t\t<div data-elementor-type=\"wp-page\" data-elementor-id=\"21336\" class=\"elementor elementor-21336 elementor-4196\" data-elementor-post-type=\"page\">\n\t\t\t\t\t\t<section class=\"elementor-section elementor-top-section elementor-element elementor-element-2ecc327 elementor-section-boxed elementor-section-height-default elementor-section-height-default\" data-id=\"2ecc327\" data-element_type=\"section\" data-e-type=\"section\">\n\t\t\t\t\t\t<div class=\"elementor-container elementor-column-gap-default\">\n\t\t\t\t\t<div class=\"elementor-column elementor-col-100 elementor-top-column elementor-element elementor-element-9e10780\" data-id=\"9e10780\" data-element_type=\"column\" data-e-type=\"column\">\n\t\t\t<div class=\"elementor-widget-wrap elementor-element-populated\">\n\t\t\t\t\t\t<div class=\"elementor-element elementor-element-2ec4f03 elementor-widget elementor-widget-heading\" data-id=\"2ec4f03\" data-element_type=\"widget\" data-e-type=\"widget\" data-widget_type=\"heading.default\">\n\t\t\t\t<div class=\"elementor-widget-container\">\n\t\t\t\t\t<h2 class=\"elementor-heading-title elementor-size-default\">R\u00e9solution de Litiges<\/h2>\t\t\t\t<\/div>\n\t\t\t\t<\/div>\n\t\t\t\t<div class=\"elementor-element elementor-element-dfb6f03 elementor-widget elementor-widget-text-editor\" data-id=\"dfb6f03\" data-element_type=\"widget\" data-e-type=\"widget\" data-widget_type=\"text-editor.default\">\n\t\t\t\t<div class=\"elementor-widget-container\">\n\t\t\t\t\t\t\t\t\t<p style=\"text-align: left;\" align=\"justify\">Conform\u00e9ment aux dispositions de<a href=\"https:\/\/nerbe.pt\/wp-content\/uploads\/2020\/12\/Res_Alternativa_de_Litigios_Lei_144.2015.pdf\" target=\"_blank\" rel=\"noopener\"> la loi n\u00b0 144\/2015, du 8 septembre<\/a>, <strong>A Cl\u00ednica Dr. Pedro Mota <\/strong>fait savoir que le patient peut, par son choix expr\u00e8s et librement, soumettre le r\u00e8glement des litiges dans les <span data-contrast=\"auto\">services fournis<\/span> par cette entreprise \u00e0 l\u2019appr\u00e9ciation d\u2019un centre d\u2019arbitrage des conflits de consommation.<\/p><p align=\"justify\"><span data-contrast=\"none\">De plus, il informe qu\u2019il a rejoint le <strong>tribunal arbitral du Centre d\u2019arbitrage des conflits de consommation de Lisbonne.<\/strong><\/span><\/p>\t\t\t\t\t\t\t\t<\/div>\n\t\t\t\t<\/div>\n\t\t\t\t<section class=\"elementor-section elementor-inner-section elementor-element elementor-element-5717eba elementor-section-boxed elementor-section-height-default elementor-section-height-default\" data-id=\"5717eba\" data-element_type=\"section\" data-e-type=\"section\" data-settings=\"{&quot;background_background&quot;:&quot;classic&quot;}\">\n\t\t\t\t\t\t<div class=\"elementor-container elementor-column-gap-default\">\n\t\t\t\t\t<div class=\"elementor-column elementor-col-33 elementor-inner-column elementor-element elementor-element-22f786a\" data-id=\"22f786a\" data-element_type=\"column\" data-e-type=\"column\" data-settings=\"{&quot;background_background&quot;:&quot;classic&quot;}\">\n\t\t\t<div class=\"elementor-widget-wrap elementor-element-populated\">\n\t\t\t\t\t\t<div class=\"elementor-element elementor-element-b212b2c elementor-widget elementor-widget-text-editor\" data-id=\"b212b2c\" data-element_type=\"widget\" data-e-type=\"widget\" data-widget_type=\"text-editor.default\">\n\t\t\t\t<div class=\"elementor-widget-container\">\n\t\t\t\t\t\t\t\t\t<p class=\"qrShPb pXs6bb PZPZlf q8U8x aTI8gc hNKfZe\" data-dtype=\"d3ifr\" data-local-attribute=\"d3bn\" data-attrid=\"title\" data-ved=\"2ahUKEwiIl4C1-ZOBAxVrVKQEHWDKCJkQ3B0oAXoECDYQAg\"><strong>Centre d\u2019arbitrage des conflits de consommation de Lisbonne (CACCL)<\/strong><\/p><p>Rua dos Douradores, n\u00ba 112 &#8211; 2\u00ba<br>1100 &#8211; 207 Lisboa<\/p><p>218 80 70 30<\/p><p><a href=\"mailto:juridico@centroarbitragemlisboa.pt\">juridico@centroarbitragemlisboa.pt<\/a><\/p>\t\t\t\t\t\t\t\t<\/div>\n\t\t\t\t<\/div>\n\t\t\t\t\t<\/div>\n\t\t<\/div>\n\t\t\t\t<div class=\"elementor-column elementor-col-33 elementor-inner-column elementor-element elementor-element-dc61098\" data-id=\"dc61098\" data-element_type=\"column\" data-e-type=\"column\" data-settings=\"{&quot;background_background&quot;:&quot;classic&quot;}\">\n\t\t\t<div class=\"elementor-widget-wrap\">\n\t\t\t\t\t\t\t<\/div>\n\t\t<\/div>\n\t\t\t\t<div class=\"elementor-column elementor-col-33 elementor-inner-column elementor-element elementor-element-d6396ab\" data-id=\"d6396ab\" data-element_type=\"column\" data-e-type=\"column\" data-settings=\"{&quot;background_background&quot;:&quot;classic&quot;}\">\n\t\t\t<div class=\"elementor-widget-wrap\">\n\t\t\t\t\t\t\t<\/div>\n\t\t<\/div>\n\t\t\t\t\t<\/div>\n\t\t<\/section>\n\t\t\t\t<div class=\"elementor-element elementor-element-9c77b1d elementor-widget elementor-widget-text-editor\" data-id=\"9c77b1d\" data-element_type=\"widget\" data-e-type=\"widget\" data-widget_type=\"text-editor.default\">\n\t\t\t\t<div class=\"elementor-widget-container\">\n\t\t\t\t\t\t\t\t\t<p>Consultez la <a href=\"https:\/\/www.consumidor.gov.pt\/ral-mapa-e-lista-de-entidades\" target=\"_blank\" rel=\"noopener\">liste compl\u00e8te des entit\u00e9s de r\u00e9solution alternative des litiges de consommation.<\/a><\/p>\t\t\t\t\t\t\t\t<\/div>\n\t\t\t\t<\/div>\n\t\t\t\t\t<\/div>\n\t\t<\/div>\n\t\t\t\t\t<\/div>\n\t\t<\/section>\n\t\t\t\t<\/div>\n\t\t","protected":false},"excerpt":{"rendered":"<p>R\u00e9solution de Litiges Conform\u00e9ment aux dispositions de la loi n\u00b0 144\/2015, du 8 septembre, A Cl\u00ednica Dr. Pedro Mota fait savoir que le patient peut, par son choix expr\u00e8s et librement, soumettre le r\u00e8glement des litiges dans les services fournis par cette entreprise \u00e0 l\u2019appr\u00e9ciation d\u2019un centre d\u2019arbitrage des conflits de consommation. De plus, il [&hellip;]<\/p>\n","protected":false},"author":2,"featured_media":0,"parent":0,"menu_order":0,"comment_status":"closed","ping_status":"closed","template":"","meta":{"site-sidebar-layout":"no-sidebar","site-content-layout":"page-builder","ast-site-content-layout":"default","site-content-style":"default","site-sidebar-style":"default","ast-global-header-display":"","ast-banner-title-visibility":"","ast-main-header-display":"","ast-hfb-above-header-display":"","ast-hfb-below-header-display":"","ast-hfb-mobile-header-display":"","site-post-title":"disabled","ast-breadcrumbs-content":"","ast-featured-img":"disabled","footer-sml-layout":"","ast-disable-related-posts":"","theme-transparent-header-meta":"","adv-header-id-meta":"","stick-header-meta":"","header-above-stick-meta":"","header-main-stick-meta":"","header-below-stick-meta":"","astra-migrate-meta-layouts":"default","ast-page-background-enabled":"default","ast-page-background-meta":{"desktop":{"background-color":"var(--ast-global-color-4)","background-image":"","background-repeat":"repeat","background-position":"center center","background-size":"auto","background-attachment":"scroll","background-type":"","background-media":"","overlay-type":"","overlay-color":"","overlay-opacity":"","overlay-gradient":""},"tablet":{"background-color":"","background-image":"","background-repeat":"repeat","background-position":"center center","background-size":"auto","background-attachment":"scroll","background-type":"","background-media":"","overlay-type":"","overlay-color":"","overlay-opacity":"","overlay-gradient":""},"mobile":{"background-color":"","background-image":"","background-repeat":"repeat","background-position":"center center","background-size":"auto","background-attachment":"scroll","background-type":"","background-media":"","overlay-type":"","overlay-color":"","overlay-opacity":"","overlay-gradient":""}},"ast-content-background-meta":{"desktop":{"background-color":"var(--ast-global-color-5)","background-image":"","background-repeat":"repeat","background-position":"center center","background-size":"auto","background-attachment":"scroll","background-type":"","background-media":"","overlay-type":"","overlay-color":"","overlay-opacity":"","overlay-gradient":""},"tablet":{"background-color":"var(--ast-global-color-5)","background-image":"","background-repeat":"repeat","background-position":"center center","background-size":"auto","background-attachment":"scroll","background-type":"","background-media":"","overlay-type":"","overlay-color":"","overlay-opacity":"","overlay-gradient":""},"mobile":{"background-color":"var(--ast-global-color-5)","background-image":"","background-repeat":"repeat","background-position":"center center","background-size":"auto","background-attachment":"scroll","background-type":"","background-media":"","overlay-type":"","overlay-color":"","overlay-opacity":"","overlay-gradient":""}},"_joinchat":[],"footnotes":""},"class_list":["post-21336","page","type-page","status-publish","hentry"],"_links":{"self":[{"href":"https:\/\/aclinicadrpedromota.pt\/fr\/wp-json\/wp\/v2\/pages\/21336","targetHints":{"allow":["GET"]}}],"collection":[{"href":"https:\/\/aclinicadrpedromota.pt\/fr\/wp-json\/wp\/v2\/pages"}],"about":[{"href":"https:\/\/aclinicadrpedromota.pt\/fr\/wp-json\/wp\/v2\/types\/page"}],"author":[{"embeddable":true,"href":"https:\/\/aclinicadrpedromota.pt\/fr\/wp-json\/wp\/v2\/users\/2"}],"replies":[{"embeddable":true,"href":"https:\/\/aclinicadrpedromota.pt\/fr\/wp-json\/wp\/v2\/comments?post=21336"}],"version-history":[{"count":0,"href":"https:\/\/aclinicadrpedromota.pt\/fr\/wp-json\/wp\/v2\/pages\/21336\/revisions"}],"wp:attachment":[{"href":"https:\/\/aclinicadrpedromota.pt\/fr\/wp-json\/wp\/v2\/media?parent=21336"}],"curies":[{"name":"wp","href":"https:\/\/api.w.org\/{rel}","templated":true}]}}