{"id":21021,"date":"2023-08-21T08:41:35","date_gmt":"2023-08-21T08:41:35","guid":{"rendered":"https:\/\/aclinicadrpedromota.pt\/clinique\/histoire-de-la-clinique\/"},"modified":"2026-02-25T11:11:25","modified_gmt":"2026-02-25T11:11:25","slug":"histoire-de-la-clinique","status":"publish","type":"page","link":"https:\/\/aclinicadrpedromota.pt\/fr\/clinique\/histoire-de-la-clinique\/","title":{"rendered":"Histoire de la clinique"},"content":{"rendered":"\t\t<div data-elementor-type=\"wp-page\" data-elementor-id=\"21021\" class=\"elementor elementor-21021 elementor-3217\" data-elementor-post-type=\"page\">\n\t\t\t\t\t\t<section class=\"elementor-section elementor-top-section elementor-element elementor-element-427e039 elementor-section-full_width elementor-section-height-min-height elementor-section-items-bottom elementor-section-height-default\" data-id=\"427e039\" data-element_type=\"section\" data-e-type=\"section\" data-settings=\"{&quot;background_background&quot;:&quot;classic&quot;}\">\n\t\t\t\t\t\t\t<div class=\"elementor-background-overlay\"><\/div>\n\t\t\t\t\t\t\t<div class=\"elementor-container elementor-column-gap-default\">\n\t\t\t\t\t<div class=\"elementor-column elementor-col-100 elementor-top-column elementor-element elementor-element-9f6abbb\" data-id=\"9f6abbb\" data-element_type=\"column\" data-e-type=\"column\" data-settings=\"{&quot;background_background&quot;:&quot;classic&quot;}\">\n\t\t\t<div class=\"elementor-widget-wrap\">\n\t\t\t\t\t\t\t<\/div>\n\t\t<\/div>\n\t\t\t\t\t<\/div>\n\t\t<\/section>\n\t\t\t\t<section class=\"elementor-section elementor-top-section elementor-element elementor-element-2cfdbbd elementor-section-boxed elementor-section-height-default elementor-section-height-default\" data-id=\"2cfdbbd\" data-element_type=\"section\" data-e-type=\"section\">\n\t\t\t\t\t\t<div class=\"elementor-container elementor-column-gap-default\">\n\t\t\t\t\t<div class=\"elementor-column elementor-col-100 elementor-top-column elementor-element elementor-element-bb99198\" data-id=\"bb99198\" data-element_type=\"column\" data-e-type=\"column\">\n\t\t\t<div class=\"elementor-widget-wrap elementor-element-populated\">\n\t\t\t\t\t\t<div class=\"elementor-element elementor-element-22a4b13 elementor-widget elementor-widget-heading\" data-id=\"22a4b13\" data-element_type=\"widget\" data-e-type=\"widget\" data-widget_type=\"heading.default\">\n\t\t\t\t<div class=\"elementor-widget-container\">\n\t\t\t\t\t<h1 class=\"elementor-heading-title elementor-size-default\">L\u2019histoire de la clinique<\/h1>\t\t\t\t<\/div>\n\t\t\t\t<\/div>\n\t\t\t\t<div class=\"elementor-element elementor-element-00bc8e7 elementor-widget elementor-widget-heading\" data-id=\"00bc8e7\" data-element_type=\"widget\" data-e-type=\"widget\" data-widget_type=\"heading.default\">\n\t\t\t\t<div class=\"elementor-widget-container\">\n\t\t\t\t\t<h2 class=\"elementor-heading-title elementor-size-default\">L\u2019ann\u00e9e 2005...<\/h2>\t\t\t\t<\/div>\n\t\t\t\t<\/div>\n\t\t\t\t<div class=\"elementor-element elementor-element-ea37c2a elementor-widget elementor-widget-text-editor\" data-id=\"ea37c2a\" data-element_type=\"widget\" data-e-type=\"widget\" data-widget_type=\"text-editor.default\">\n\t\t\t\t<div class=\"elementor-widget-container\">\n\t\t\t\t\t\t\t\t\t<p><span data-contrast=\"none\"><strong>&#8230; et un p\u00e8re avait une mission : aider son fils, tout juste dipl\u00f4m\u00e9, \u00e0 s\u2019installer.<\/strong> Et si elle le d\u00e9sirait, elle l\u2019a fait. Semaine apr\u00e8s semaine, il parcourait le cahier immobilier du journal qu\u2019il achetait habituellement \u00e0 la recherche d\u2019une r\u00e9ponse. Et comme nous n\u2019avons trouv\u00e9 que ce que nous recherchions, il \u00e9tait l\u00e0 \u00e0 l\u2019attendre : une annonce timide, perdue au milieu des g\u00e9ants, se plaignant de cl\u00e9mence. Et il a \u00e9t\u00e9 entendu, ou dans ce cas, vu! C\u2019\u00e9tait l\u2019annonce d\u2019une clinique dentaire \u00e0 Vila Franca de Xira &#8211; l\u2019ancienne Cl\u00ednica Candeias, fond\u00e9e en 1996, situ\u00e9e dans la partie sup\u00e9rieure de la ville -, qui avait besoin d\u2019un nouveau propri\u00e9taire. Anticipant que son fils pourrait aller travailler \u00e0 l\u2019ext\u00e9rieur du Portugal, le p\u00e8re a anticip\u00e9 en l\u2019invitant pour une visite de l\u2019espace.        <\/span><\/p>\t\t\t\t\t\t\t\t<\/div>\n\t\t\t\t<\/div>\n\t\t\t\t\t<\/div>\n\t\t<\/div>\n\t\t\t\t\t<\/div>\n\t\t<\/section>\n\t\t\t\t<section class=\"elementor-section elementor-top-section elementor-element elementor-element-4a3877b elementor-section-boxed elementor-section-height-default elementor-section-height-default\" data-id=\"4a3877b\" data-element_type=\"section\" data-e-type=\"section\">\n\t\t\t\t\t\t<div class=\"elementor-container elementor-column-gap-default\">\n\t\t\t\t\t<div class=\"elementor-column elementor-col-66 elementor-top-column elementor-element elementor-element-13fd48f\" data-id=\"13fd48f\" data-element_type=\"column\" data-e-type=\"column\">\n\t\t\t<div class=\"elementor-widget-wrap elementor-element-populated\">\n\t\t\t\t\t\t<div class=\"elementor-element elementor-element-7434398 elementor-widget elementor-widget-text-editor\" data-id=\"7434398\" data-element_type=\"widget\" data-e-type=\"widget\" data-widget_type=\"text-editor.default\">\n\t\t\t\t<div class=\"elementor-widget-container\">\n\t\t\t\t\t\t\t\t\t<p><span data-contrast=\"none\"><strong>Deux mois plus tard, son fils, le<a href=\"https:\/\/aclinicadrpedromota.pt\/equipa\/dr-pedro-mota\/\"> docteur Pedro Mota<\/a>, dirigeait un cabinet m\u00e9dical <\/strong>&#8211; comme il pr\u00e9f\u00e8re l\u2019appeler lui-m\u00eame &#8211; avec la sensation d\u2019avoir \u00e9t\u00e9 jet\u00e9 aux loups. Mais il \u00e9tait trop tard pour revenir en arri\u00e8re et elle lui a fait du bien, comme c\u2019est toujours le cas aujourd\u2019hui, \u00e0 l\u2019assistante dentaire qui, invit\u00e9e \u00e0 rester dans la clinique avec le nouveau propri\u00e9taire, un \u00ab gamin \u00bb tout juste sorti de l\u2019universit\u00e9 &#8211; comme on le d\u00e9crivait \u00e0 l\u2019\u00e9poque &#8211; a d\u00e9cid\u00e9 d\u2019accepter, croyant au projet.<strong> Manuela B\u00e9rtolo, comme on l\u2019appelle, est devenue tr\u00e8s t\u00f4t le bras droit du patron<\/strong>, et pas seulement, mais aussi la jambe gauche, les mains, la croyance, la d\u00e9termination, l\u2019aide indispensable pour ceux qui commencent \u00e0 z\u00e9ro. Et la clinique a grandi, montrant ce qui arrivait. \u00c0 un moment donn\u00e9, les murs ont \u00e9t\u00e9 peints de couleurs vives, car selon certains    <\/span><i><span data-contrast=\"none\">experts<\/span><\/i><span data-contrast=\"none\"> na mat\u00e9ria, as cores transmitiam sensa\u00e7\u00f5es positivas aos pacientes. At\u00e9 que, <strong>h\u00e1 8 anos, se desafia a transformar o \u201cconsult\u00f3rio\u201d<\/strong> numa cl\u00ednica de verdade, que pudesse ser <strong>uma refer\u00eancia em Vila Franca de Xira<\/strong>.<br>E assim aconteceu. <\/span> <\/p><p><span data-contrast=\"none\"><strong>Des travaux ont \u00e9t\u00e9 effectu\u00e9s, des structures modernes, de nouveaux \u00e9quipements, de nouvelles technologies, l\u2019\u00e9quipe m\u00e9dicale a grandi, plusieurs d\u00e9partements ont \u00e9t\u00e9 cr\u00e9\u00e9s.<\/strong> Cela a fait que la confiance plac\u00e9e dans la clinique a augment\u00e9, de mani\u00e8re exponentielle, en amenant toujours plus de patients, et in\u00e9vitablement en devenant petite. Il \u00e9tait urgent de chercher un nouvel espace, un plus grand espace. Mais c\u2019est alors que survient la pand\u00e9mie, et&#8230;<br><span data-ccp-props=\"{\"134233117\":false,\"134233118\":false,\"201341983\":0,\"335551550\":6,\"335551620\":6,\"335559738\":0,\"335559739\":200,\"335559740\":276}\">Pourtant, on n\u2019abandonne pas et l\u2019investissement est fait dans la clinique actuelle, situ\u00e9e en plein c\u0153ur de la ville.<\/span><\/span><\/p>\t\t\t\t\t\t\t\t<\/div>\n\t\t\t\t<\/div>\n\t\t\t\t\t<\/div>\n\t\t<\/div>\n\t\t\t\t<div class=\"elementor-column elementor-col-33 elementor-top-column elementor-element elementor-element-390ff13 elementor-hidden-tablet\" data-id=\"390ff13\" data-element_type=\"column\" data-e-type=\"column\">\n\t\t\t<div class=\"elementor-widget-wrap elementor-element-populated\">\n\t\t\t\t\t\t<div class=\"elementor-element elementor-element-3bc0f18 elementor-widget elementor-widget-image\" data-id=\"3bc0f18\" data-element_type=\"widget\" data-e-type=\"widget\" data-widget_type=\"image.default\">\n\t\t\t\t<div class=\"elementor-widget-container\">\n\t\t\t\t\t\t\t\t\t\t\t\t\t\t\t<img fetchpriority=\"high\" decoding=\"async\" width=\"1200\" height=\"2133\" src=\"https:\/\/aclinicadrpedromota.pt\/wp-content\/uploads\/2023\/08\/PedroSorrir.webp\" class=\"attachment-full size-full wp-image-21019\" alt=\"\" srcset=\"https:\/\/aclinicadrpedromota.pt\/wp-content\/uploads\/2023\/08\/PedroSorrir.webp 1200w, https:\/\/aclinicadrpedromota.pt\/wp-content\/uploads\/2023\/08\/PedroSorrir-169x300.webp 169w, https:\/\/aclinicadrpedromota.pt\/wp-content\/uploads\/2023\/08\/PedroSorrir-576x1024.webp 576w, https:\/\/aclinicadrpedromota.pt\/wp-content\/uploads\/2023\/08\/PedroSorrir-768x1365.webp 768w, https:\/\/aclinicadrpedromota.pt\/wp-content\/uploads\/2023\/08\/PedroSorrir-864x1536.webp 864w, https:\/\/aclinicadrpedromota.pt\/wp-content\/uploads\/2023\/08\/PedroSorrir-1152x2048.webp 1152w\" sizes=\"(max-width: 1200px) 100vw, 1200px\" \/>\t\t\t\t\t\t\t\t\t\t\t\t\t\t\t<\/div>\n\t\t\t\t<\/div>\n\t\t\t\t\t<\/div>\n\t\t<\/div>\n\t\t\t\t\t<\/div>\n\t\t<\/section>\n\t\t\t\t<section class=\"elementor-section elementor-top-section elementor-element elementor-element-00c7669 elementor-section-boxed elementor-section-height-default elementor-section-height-default\" data-id=\"00c7669\" data-element_type=\"section\" data-e-type=\"section\">\n\t\t\t\t\t\t<div class=\"elementor-container elementor-column-gap-default\">\n\t\t\t\t\t<div class=\"elementor-column elementor-col-100 elementor-top-column elementor-element elementor-element-582e345\" data-id=\"582e345\" data-element_type=\"column\" data-e-type=\"column\">\n\t\t\t<div class=\"elementor-widget-wrap elementor-element-populated\">\n\t\t\t\t\t\t<div class=\"elementor-element elementor-element-e27fb4c elementor-widget elementor-widget-text-editor\" data-id=\"e27fb4c\" data-element_type=\"widget\" data-e-type=\"widget\" data-widget_type=\"text-editor.default\">\n\t\t\t\t<div class=\"elementor-widget-container\">\n\t\t\t\t\t\t\t\t\t<p><span data-ccp-props=\"{\"134233117\":false,\"134233118\":false,\"201341983\":0,\"335551550\":6,\"335551620\":6,\"335559738\":0,\"335559739\":200,\"335559740\":276}\"><strong>Une clinique \u00e9quip\u00e9e de 4 bureaux,<\/strong> <strong>des salles sp\u00e9cialis\u00e9es pour le soutien technique, des salles d\u2019assistance pour les laboratoires et les chirurgies, des bureaux sp\u00e9cifiques \u00e0 l\u2019informatique et la communication, des salles pour la radiologie et la technologie 3D et 4D, des machines sp\u00e9cialis\u00e9es. On travaille par sp\u00e9cialit\u00e9s, avec un m\u00e9decin pour chaque domaine, c\u2019est la seule clinique avec une dentisterie p\u00e9diatrique et jusqu\u2019\u00e0 r\u00e9cemment, la seule qui avait une hygi\u00e9niste orale. En bref, il dispose de toute la technologie existante sur le march\u00e9, au service de la communaut\u00e9, ce qui rend inutile tout d\u00e9placement \u00e0 Lisbonne.<\/strong> <\/span><\/p><p><span data-contrast=\"none\"><strong>La clinique Dr. Pedro Mota est fi\u00e8re d\u2019avoir apport\u00e9 une valeur ajout\u00e9e \u00e0 la ville, d\u2019avoir avec elle environ 10 collaborateurs directs et environ 10 m\u00e9decins, g\u00e9n\u00e9rant ainsi des emplois pour les familles,<\/strong> et se f\u00e9licite d\u2019avoir toujours suivi les principes qui la guident : clart\u00e9, honn\u00eatet\u00e9 et empathie. M\u00eame parce que, comme le dit le Dr. Pedro Mota : \u00ab Le traitement le plus cher n\u2019est pas celui qui convient le mieux, nous ne vendons pas de plans de traitement, nous devons trouver des solutions pour les personnes, en \u00e9valuant cas par cas. <\/span><span data-ccp-props=\"{\"134233117\":false,\"134233118\":false,\"201341983\":0,\"335551550\":6,\"335551620\":6,\"335559738\":0,\"335559739\":200,\"335559740\":276}\"> <\/span><\/p><p><span data-contrast=\"none\">Il y aurait un \u00ab\u00a0The End\u00a0\u00bb ici, mais cela ne s\u2019applique pas \u00e0 cette histoire. Parce que des rumeurs de nouvelles aventures sont d\u00e9j\u00e0 apparues, donc nous avons fini&#8230; <\/span><span data-ccp-props=\"{\"134233117\":false,\"134233118\":false,\"201341983\":0,\"335551550\":6,\"335551620\":6,\"335559738\":0,\"335559739\":200,\"335559740\":276}\"> <\/span><\/p><p style=\"text-align: left; color: #d6a41e; font-size: 25px;\"><b><i><span data-contrast=\"none\">Continuer\u2026<\/span><\/i><\/b><span data-ccp-props=\"{\"134233117\":false,\"134233118\":false,\"201341983\":0,\"335559738\":0,\"335559739\":200,\"335559740\":276}\"> <\/span><\/p>\t\t\t\t\t\t\t\t<\/div>\n\t\t\t\t<\/div>\n\t\t\t\t\t<\/div>\n\t\t<\/div>\n\t\t\t\t\t<\/div>\n\t\t<\/section>\n\t\t\t\t<\/div>\n\t\t","protected":false},"excerpt":{"rendered":"<p>L\u2019histoire de la clinique L\u2019ann\u00e9e 2005&#8230; &#8230; et un p\u00e8re avait une mission : aider son fils, tout juste dipl\u00f4m\u00e9, \u00e0 s\u2019installer. Et si elle le d\u00e9sirait, elle l\u2019a fait. Semaine apr\u00e8s semaine, il parcourait le cahier immobilier du journal qu\u2019il achetait habituellement \u00e0 la recherche d\u2019une r\u00e9ponse. Et comme nous n\u2019avons trouv\u00e9 que ce [&hellip;]<\/p>\n","protected":false},"author":2,"featured_media":21020,"parent":20939,"menu_order":0,"comment_status":"closed","ping_status":"closed","template":"","meta":{"site-sidebar-layout":"no-sidebar","site-content-layout":"page-builder","ast-site-content-layout":"full-width-container","site-content-style":"unboxed","site-sidebar-style":"unboxed","ast-global-header-display":"","ast-banner-title-visibility":"","ast-main-header-display":"","ast-hfb-above-header-display":"","ast-hfb-below-header-display":"","ast-hfb-mobile-header-display":"","site-post-title":"disabled","ast-breadcrumbs-content":"","ast-featured-img":"disabled","footer-sml-layout":"","ast-disable-related-posts":"","theme-transparent-header-meta":"default","adv-header-id-meta":"","stick-header-meta":"","header-above-stick-meta":"","header-main-stick-meta":"","header-below-stick-meta":"","astra-migrate-meta-layouts":"default","ast-page-background-enabled":"default","ast-page-background-meta":{"desktop":{"background-color":"var(--ast-global-color-4)","background-image":"","background-repeat":"repeat","background-position":"center center","background-size":"auto","background-attachment":"scroll","background-type":"","background-media":"","overlay-type":"","overlay-color":"","overlay-opacity":"","overlay-gradient":""},"tablet":{"background-color":"","background-image":"","background-repeat":"repeat","background-position":"center center","background-size":"auto","background-attachment":"scroll","background-type":"","background-media":"","overlay-type":"","overlay-color":"","overlay-opacity":"","overlay-gradient":""},"mobile":{"background-color":"","background-image":"","background-repeat":"repeat","background-position":"center center","background-size":"auto","background-attachment":"scroll","background-type":"","background-media":"","overlay-type":"","overlay-color":"","overlay-opacity":"","overlay-gradient":""}},"ast-content-background-meta":{"desktop":{"background-color":"var(--ast-global-color-5)","background-image":"","background-repeat":"repeat","background-position":"center center","background-size":"auto","background-attachment":"scroll","background-type":"","background-media":"","overlay-type":"","overlay-color":"","overlay-opacity":"","overlay-gradient":""},"tablet":{"background-color":"var(--ast-global-color-5)","background-image":"","background-repeat":"repeat","background-position":"center center","background-size":"auto","background-attachment":"scroll","background-type":"","background-media":"","overlay-type":"","overlay-color":"","overlay-opacity":"","overlay-gradient":""},"mobile":{"background-color":"var(--ast-global-color-5)","background-image":"","background-repeat":"repeat","background-position":"center center","background-size":"auto","background-attachment":"scroll","background-type":"","background-media":"","overlay-type":"","overlay-color":"","overlay-opacity":"","overlay-gradient":""}},"_joinchat":[],"footnotes":""},"class_list":["post-21021","page","type-page","status-publish","has-post-thumbnail","hentry"],"_links":{"self":[{"href":"https:\/\/aclinicadrpedromota.pt\/fr\/wp-json\/wp\/v2\/pages\/21021","targetHints":{"allow":["GET"]}}],"collection":[{"href":"https:\/\/aclinicadrpedromota.pt\/fr\/wp-json\/wp\/v2\/pages"}],"about":[{"href":"https:\/\/aclinicadrpedromota.pt\/fr\/wp-json\/wp\/v2\/types\/page"}],"author":[{"embeddable":true,"href":"https:\/\/aclinicadrpedromota.pt\/fr\/wp-json\/wp\/v2\/users\/2"}],"replies":[{"embeddable":true,"href":"https:\/\/aclinicadrpedromota.pt\/fr\/wp-json\/wp\/v2\/comments?post=21021"}],"version-history":[{"count":0,"href":"https:\/\/aclinicadrpedromota.pt\/fr\/wp-json\/wp\/v2\/pages\/21021\/revisions"}],"up":[{"embeddable":true,"href":"https:\/\/aclinicadrpedromota.pt\/fr\/wp-json\/wp\/v2\/pages\/20939"}],"wp:featuredmedia":[{"embeddable":true,"href":"https:\/\/aclinicadrpedromota.pt\/fr\/wp-json\/wp\/v2\/media\/21020"}],"wp:attachment":[{"href":"https:\/\/aclinicadrpedromota.pt\/fr\/wp-json\/wp\/v2\/media?parent=21021"}],"curies":[{"name":"wp","href":"https:\/\/api.w.org\/{rel}","templated":true}]}}