{"id":21427,"date":"2023-07-28T14:29:07","date_gmt":"2023-07-28T14:29:07","guid":{"rendered":"https:\/\/aclinicadrpedromota.pt\/team\/dr-pedro-mota\/"},"modified":"2026-02-27T12:24:08","modified_gmt":"2026-02-27T12:24:08","slug":"dr-pedro-mota","status":"publish","type":"page","link":"https:\/\/aclinicadrpedromota.pt\/en\/team\/dr-pedro-mota\/","title":{"rendered":"Dr. Pedro Mota"},"content":{"rendered":"\t\t<div data-elementor-type=\"wp-page\" data-elementor-id=\"21427\" class=\"elementor elementor-21427 elementor-1432\" data-elementor-post-type=\"page\">\n\t\t\t\t\t\t<section class=\"elementor-section elementor-top-section elementor-element elementor-element-9496f82 elementor-section-boxed elementor-section-height-default elementor-section-height-default\" data-id=\"9496f82\" data-element_type=\"section\" data-e-type=\"section\">\n\t\t\t\t\t\t<div class=\"elementor-container elementor-column-gap-wider\">\n\t\t\t\t\t<div class=\"elementor-column elementor-col-33 elementor-top-column elementor-element elementor-element-ca03b02\" data-id=\"ca03b02\" data-element_type=\"column\" data-e-type=\"column\">\n\t\t\t<div class=\"elementor-widget-wrap elementor-element-populated\">\n\t\t\t\t\t\t<div class=\"elementor-element elementor-element-7fa4682 elementor-widget elementor-widget-image\" data-id=\"7fa4682\" data-element_type=\"widget\" data-e-type=\"widget\" data-widget_type=\"image.default\">\n\t\t\t\t<div class=\"elementor-widget-container\">\n\t\t\t\t\t\t\t\t\t\t\t\t\t\t\t<img fetchpriority=\"high\" decoding=\"async\" width=\"400\" height=\"400\" src=\"https:\/\/aclinicadrpedromota.pt\/wp-content\/uploads\/2023\/12\/PEDROMOTA_PERFIL.webp\" class=\"attachment-large size-large wp-image-21278\" alt=\"Photo do Dr. Pedro Mota\" srcset=\"https:\/\/aclinicadrpedromota.pt\/wp-content\/uploads\/2023\/12\/PEDROMOTA_PERFIL.webp 400w, https:\/\/aclinicadrpedromota.pt\/wp-content\/uploads\/2023\/12\/PEDROMOTA_PERFIL-300x300.webp 300w, https:\/\/aclinicadrpedromota.pt\/wp-content\/uploads\/2023\/12\/PEDROMOTA_PERFIL-150x150.webp 150w\" sizes=\"(max-width: 400px) 100vw, 400px\" \/>\t\t\t\t\t\t\t\t\t\t\t\t\t\t\t<\/div>\n\t\t\t\t<\/div>\n\t\t\t\t<div class=\"elementor-element elementor-element-0b470db elementor-widget elementor-widget-heading\" data-id=\"0b470db\" data-element_type=\"widget\" data-e-type=\"widget\" data-widget_type=\"heading.default\">\n\t\t\t\t<div class=\"elementor-widget-container\">\n\t\t\t\t\t<h1 class=\"elementor-heading-title elementor-size-default\">Dr. Pedro Mota<\/h1>\t\t\t\t<\/div>\n\t\t\t\t<\/div>\n\t\t\t\t<div class=\"elementor-element elementor-element-e150597 elementor-widget elementor-widget-heading\" data-id=\"e150597\" data-element_type=\"widget\" data-e-type=\"widget\" data-widget_type=\"heading.default\">\n\t\t\t\t<div class=\"elementor-widget-container\">\n\t\t\t\t\t<h2 class=\"elementor-heading-title elementor-size-default\">clinical director | OMD N\u00ba4724<\/h2>\t\t\t\t<\/div>\n\t\t\t\t<\/div>\n\t\t\t\t<div class=\"elementor-element elementor-element-65d7580 elementor-widget elementor-widget-text-editor\" data-id=\"65d7580\" data-element_type=\"widget\" data-e-type=\"widget\" data-widget_type=\"text-editor.default\">\n\t\t\t\t<div class=\"elementor-widget-container\">\n\t\t\t\t\t\t\t\t\t<p><a href=\"\/servicos\/implantologia\/\">Implantology<\/a>, <a href=\"\/servicos\/reabilitacao-oral\/\">oral rehabilitation<\/a> and <a href=\"\/servicos\/cirurgia-oral\/\">oral surgery<\/a><\/p>\t\t\t\t\t\t\t\t<\/div>\n\t\t\t\t<\/div>\n\t\t\t\t\t<\/div>\n\t\t<\/div>\n\t\t\t\t<div class=\"elementor-column elementor-col-66 elementor-top-column elementor-element elementor-element-337fff8\" data-id=\"337fff8\" data-element_type=\"column\" data-e-type=\"column\">\n\t\t\t<div class=\"elementor-widget-wrap elementor-element-populated\">\n\t\t\t\t\t\t<div class=\"elementor-element elementor-element-8da1a37 elementor-blockquote--skin-quotation elementor-blockquote--button-color-official elementor-widget elementor-widget-blockquote\" data-id=\"8da1a37\" data-element_type=\"widget\" data-e-type=\"widget\" data-widget_type=\"blockquote.default\">\n\t\t\t\t<div class=\"elementor-widget-container\">\n\t\t\t\t\t\t\t<blockquote class=\"elementor-blockquote\">\n\t\t\t<p class=\"elementor-blockquote__content\">\n\t\t\t\tI left my parents' house at 18 and never came back \t\t\t<\/p>\n\t\t\t\t\t<\/blockquote>\n\t\t\t\t\t\t<\/div>\n\t\t\t\t<\/div>\n\t\t\t\t<div class=\"elementor-element elementor-element-a1e6f4c elementor-widget elementor-widget-text-editor\" data-id=\"a1e6f4c\" data-element_type=\"widget\" data-e-type=\"widget\" data-widget_type=\"text-editor.default\">\n\t\t\t\t<div class=\"elementor-widget-container\">\n\t\t\t\t\t\t\t\t\t<p>Dentist, Clinical Director and Founder off A Cl\u00ednica Dr. Pedro Mota since 2005, he graduated in Dental Medicine, in 2004, at the Faculty of Dental Medicine of the University of Porto.<\/p><p><span class=\"TextRun SCXW117437826 BCX0\" lang=\"PT-PT\" xml:lang=\"PT-PT\" data-contrast=\"auto\"><span class=\"NormalTextRun SCXW117437826 BCX0\">Ribatejano de gema, <a href=\"https:\/\/www.facebook.com\/drpedromotamedicodentista\/\" target=\"_blank\" rel=\"noopener\">Dr. Pedro Mota <\/a>was born in Abrantes, but as a child he went to Macau with his parents<\/span>, <span class=\"NormalTextRun SCXW117437826 BCX0\">where he resided <\/span><span class=\"NormalTextRun SCXW117437826 BCX0\">until the age of 18<\/span>, <span class=\"NormalTextRun SCXW117437826 BCX0\">when he went to study f<\/span><span class=\"NormalTextRun SCXW117437826 BCX0\">or Porto and gained autonomy.<\/span> <\/span><\/p><p><span class=\"TextRun SCXW117437826 BCX0\" lang=\"PT-PT\" xml:lang=\"PT-PT\" data-contrast=\"auto\"><span class=\"NormalTextRun SCXW117437826 BCX0\">Despite being a very demanding course,<\/span> <span class=\"NormalTextRun SCXW117437826 BCX0\">he believes <\/span>t<span class=\"NormalTextRun SCXW117437826 BCX0\">hat academic life brought him growth, sense of responsibility<\/span> and emotional maturity. <span class=\"NormalTextRun SCXW117437826 BCX0\">After <\/span><span class=\"NormalTextRun SCXW117437826 BCX0\">graduation, he had the goal of continuing to study, but when he returned to Lisbon, he began looking for work and from then until <\/span><span class=\"NormalTextRun SCXW117437826 BCX0\">today<\/span>, <span class=\"NormalTextRun SCXW117437826 BCX0\">never stopped.<\/span> <span class=\"NormalTextRun SCXW117437826 BCX0\">I thought that I would have a more or less relaxed life in this area, but this has not happened. <\/span><span class=\"NormalTextRun SCXW117437826 BCX0\">There are, daily, many hours of work.<\/span> <span class=\"NormalTextRun SCXW117437826 BCX0\">But<\/span> the recognition, <span class=\"NormalTextRun SCXW117437826 BCX0\">accomplishment and gratitude from the patients, is worth every minute<\/span><span class=\"NormalTextRun SCXW117437826 BCX0\">.<\/span><\/span><span class=\"EOP SCXW117437826 BCX0\" data-ccp-props=\"{\"201341983\":0,\"335551550\":6,\"335551620\":6,\"335559737\":-144,\"335559739\":0,\"335559740\":276}\"> <\/span><\/p>\t\t\t\t\t\t\t\t<\/div>\n\t\t\t\t<\/div>\n\t\t\t\t\t<\/div>\n\t\t<\/div>\n\t\t\t\t\t<\/div>\n\t\t<\/section>\n\t\t\t\t<section class=\"elementor-section elementor-top-section elementor-element elementor-element-7137f4e elementor-section-boxed elementor-section-height-default elementor-section-height-default\" data-id=\"7137f4e\" data-element_type=\"section\" data-e-type=\"section\">\n\t\t\t\t\t\t<div class=\"elementor-container elementor-column-gap-default\">\n\t\t\t\t\t<div class=\"elementor-column elementor-col-100 elementor-top-column elementor-element elementor-element-dcac744\" data-id=\"dcac744\" data-element_type=\"column\" data-e-type=\"column\">\n\t\t\t<div class=\"elementor-widget-wrap elementor-element-populated\">\n\t\t\t\t\t\t<div class=\"elementor-element elementor-element-992f16a elementor-blockquote--skin-quotation elementor-blockquote--button-color-official elementor-widget elementor-widget-blockquote\" data-id=\"992f16a\" data-element_type=\"widget\" data-e-type=\"widget\" data-widget_type=\"blockquote.default\">\n\t\t\t\t<div class=\"elementor-widget-container\">\n\t\t\t\t\t\t\t<blockquote class=\"elementor-blockquote\">\n\t\t\t<p class=\"elementor-blockquote__content\">\n\t\t\t\tStop is die \t\t\t<\/p>\n\t\t\t\t\t<\/blockquote>\n\t\t\t\t\t\t<\/div>\n\t\t\t\t<\/div>\n\t\t\t\t<div class=\"elementor-element elementor-element-8b174db elementor-widget elementor-widget-text-editor\" data-id=\"8b174db\" data-element_type=\"widget\" data-e-type=\"widget\" data-widget_type=\"text-editor.default\">\n\t\t\t\t<div class=\"elementor-widget-container\">\n\t\t\t\t\t\t\t\t\t<p><span class=\"TextRun SCXW15609315 BCX0\" lang=\"PT-PT\" xml:lang=\"PT-PT\" data-contrast=\"auto\"><span class=\"NormalTextRun SCXW15609315 BCX0\">He had the dream of working outside the country,<\/span> <span class=\"NormalTextRun SCXW15609315 BCX0\">namely, Australia or Canada, countries<\/span> <span class=\"NormalTextRun SCXW15609315 BCX0\">that he considers <\/span><span class=\"NormalTextRun SCXW15609315 BCX0\">safe, civilized <\/span><span class=\"NormalTextRun SCXW15609315 BCX0\">and organized. But the father changed his rounds<\/span><span class=\"NormalTextRun SCXW15609315 BCX0\">, when <\/span><span class=\"NormalTextRun SCXW15609315 BCX0\">he started looking f<\/span>or<span class=\"NormalTextRun SCXW15609315 BCX0\"> real estate<\/span> in<span class=\"NormalTextRun SCXW15609315 BCX0\"> the newspaper <\/span><span class=\"NormalTextRun SCXW15609315 BCX0\">and <\/span>f<span class=\"NormalTextRun SCXW15609315 BCX0\">ound an advertisement <\/span><span class=\"NormalTextRun SCXW15609315 BCX0\">&#8211; <\/span>&#8220;<span class=\"NormalTextRun SCXW15609315 BCX0\">only seen at magnifying glass<\/span>&#8221; (<span class=\"NormalTextRun SCXW15609315 BCX0\">laughs<\/span>)<span class=\"NormalTextRun SCXW15609315 BCX0\"> &#8211; <\/span><span class=\"NormalTextRun SCXW15609315 BCX0\">of <\/span>a<span class=\"NormalTextRun SCXW15609315 BCX0\"> dental clinic in Vila <\/span><span class=\"NormalTextRun SCXW15609315 BCX0\">Franca de Xira,<\/span> <span class=\"NormalTextRun SCXW15609315 BCX0\">the former Cl\u00ednica M\u00e9dica e Dent\u00e1ria Candeias, which was on sale. The business<\/span> <span class=\"NormalTextRun SCXW15609315 BCX0\">came <\/span>to <span class=\"NormalTextRun SCXW15609315 BCX0\">pass and until now <\/span>has been the <span class=\"NormalTextRun SCXW15609315 BCX0\">girl of his<\/span> <span class=\"NormalTextRun SCXW15609315 BCX0\">eyes<\/span><span class=\"NormalTextRun SCXW15609315 BCX0\">.<\/span><\/span><\/p><p><span class=\"TextRun SCXW15609315 BCX0\" lang=\"PT-PT\" xml:lang=\"PT-PT\" data-contrast=\"auto\"> <span class=\"NormalTextRun SCXW15609315 BCX0\">His<\/span><span class=\"NormalTextRun SCXW15609315 BCX0\"> entrepreneurial side<\/span><span class=\"NormalTextRun SCXW15609315 BCX0\">,<\/span><span class=\"NormalTextRun SCXW15609315 BCX0\"> transmitted by the father <\/span><span class=\"NormalTextRun SCXW15609315 BCX0\">and has gained experience in other clinics and hospitals, <\/span><span class=\"NormalTextRun SCXW15609315 BCX0\">did to <\/span><span class=\"NormalTextRun SCXW15609315 BCX0\">that <\/span><span class=\"NormalTextRun SCXW15609315 BCX0\">want to be in constant evolution. <\/span><span class=\"NormalTextRun SCXW15609315 BCX0\">A Cl\u00ednic<\/span><span class=\"NormalTextRun SCXW15609315 BCX0\">a Dr. Pedro Mota is <\/span><span class=\"NormalTextRun SCXW15609315 BCX0\">the <\/span><span class=\"NormalTextRun SCXW15609315 BCX0\">result <\/span><span class=\"NormalTextRun SCXW15609315 BCX0\">this ambition, because <\/span><span class=\"NormalTextRun SCXW15609315 BCX0\">their mission is <\/span><span class=\"NormalTextRun SCXW15609315 BCX0\">offer the best service <\/span><span class=\"NormalTextRun SCXW15609315 BCX0\">to the city and surroundings <\/span><span class=\"NormalTextRun SCXW15609315 BCX0\">and thus establish a relationship of trust with patients. <\/span><span class=\"NormalTextRun SCXW15609315 BCX0\">For this,<\/span><span class=\"NormalTextRun SCXW15609315 BCX0\">it is in constant training, which allows you to keep up with all the news and launches in the field of dental surgery. <\/span><span class=\"NormalTextRun SCXW15609315 BCX0\">feels fulfilled, because it has built and added value to the city. Not only in terms of services  <\/span><span class=\"NormalTextRun SCXW15609315 BCX0\">that they <\/span>have to <span class=\"NormalTextRun SCXW15609315 BCX0\">offer<\/span>, <span class=\"NormalTextRun SCXW15609315 BCX0\">but also to the families who work <\/span><span class=\"NormalTextRun SCXW15609315 BCX0\">with Dr. Pedro <\/span><span class=\"NormalTextRun SCXW15609315 BCX0\">at <\/span>t<span class=\"NormalTextRun SCXW15609315 BCX0\">he<\/span> <span class=\"NormalTextRun SCXW15609315 BCX0\">clinic. As a dentist<\/span> <span class=\"NormalTextRun SCXW15609315 BCX0\">and <\/span><span class=\"NormalTextRun SCXW15609315 BCX0\">entrepreneur<\/span>, he feels that he has already <span class=\"NormalTextRun SCXW15609315 BCX0\">done work for the people <\/span><span class=\"NormalTextRun SCXW15609315 BCX0\">of Vila-Franca<\/span><span class=\"NormalTextRun SCXW15609315 BCX0\">, <\/span>has already <span class=\"NormalTextRun SCXW15609315 BCX0\">made <\/span>s<span class=\"NormalTextRun SCXW15609315 BCX0\">ome difference in the city<\/span>. <\/span><span class=\"EOP SCXW15609315 BCX0\" data-ccp-props=\"{\"201341983\":0,\"335551550\":6,\"335551620\":6,\"335559737\":-144,\"335559739\":0,\"335559740\":276}\"> <\/span><\/p>\t\t\t\t\t\t\t\t<\/div>\n\t\t\t\t<\/div>\n\t\t\t\t\t<\/div>\n\t\t<\/div>\n\t\t\t\t\t<\/div>\n\t\t<\/section>\n\t\t\t\t<section class=\"elementor-section elementor-top-section elementor-element elementor-element-cfa2e21 elementor-section-boxed elementor-section-height-default elementor-section-height-default\" data-id=\"cfa2e21\" data-element_type=\"section\" data-e-type=\"section\">\n\t\t\t\t\t\t<div class=\"elementor-container elementor-column-gap-default\">\n\t\t\t\t\t<div class=\"elementor-column elementor-col-50 elementor-top-column elementor-element elementor-element-8bb2b4c\" data-id=\"8bb2b4c\" data-element_type=\"column\" data-e-type=\"column\">\n\t\t\t<div class=\"elementor-widget-wrap elementor-element-populated\">\n\t\t\t\t\t\t<div class=\"elementor-element elementor-element-adbd607 elementor-blockquote--skin-quotation elementor-blockquote--button-color-official elementor-widget elementor-widget-blockquote\" data-id=\"adbd607\" data-element_type=\"widget\" data-e-type=\"widget\" data-widget_type=\"blockquote.default\">\n\t\t\t\t<div class=\"elementor-widget-container\">\n\t\t\t\t\t\t\t<blockquote class=\"elementor-blockquote\">\n\t\t\t<p class=\"elementor-blockquote__content\">\n\t\t\t\tAbility to restore quality of life to patients \t\t\t<\/p>\n\t\t\t\t\t<\/blockquote>\n\t\t\t\t\t\t<\/div>\n\t\t\t\t<\/div>\n\t\t\t\t<div class=\"elementor-element elementor-element-91a21d2 elementor-widget elementor-widget-text-editor\" data-id=\"91a21d2\" data-element_type=\"widget\" data-e-type=\"widget\" data-widget_type=\"text-editor.default\">\n\t\t\t\t<div class=\"elementor-widget-container\">\n\t\t\t\t\t\t\t\t\t<p><span data-contrast=\"auto\">She specialized in Oral Surgery and Implantology, areas that are based on the ability to realize dreams, by transforming the lives of her patients, both for the functional addition to the smile, and for the aesthetics it provides. With total dedication and persistence in the goal, characteristics that he considers fundamental in the exercise of his profession, says that besides changing smiles, it has the power to restore quality of life to patients, offering them again the possibility to eat, chew and savor food, such as increased confidence and self-esteem.  <\/span><\/p>\t\t\t\t\t\t\t\t<\/div>\n\t\t\t\t<\/div>\n\t\t\t\t\t<\/div>\n\t\t<\/div>\n\t\t\t\t<div class=\"elementor-column elementor-col-50 elementor-top-column elementor-element elementor-element-43bc713\" data-id=\"43bc713\" data-element_type=\"column\" data-e-type=\"column\">\n\t\t\t<div class=\"elementor-widget-wrap elementor-element-populated\">\n\t\t\t\t\t\t<div class=\"elementor-element elementor-element-671a0a8 elementor-widget elementor-widget-image\" data-id=\"671a0a8\" data-element_type=\"widget\" data-e-type=\"widget\" data-widget_type=\"image.default\">\n\t\t\t\t<div class=\"elementor-widget-container\">\n\t\t\t\t\t\t\t\t\t\t\t\t\t\t\t<img decoding=\"async\" width=\"1024\" height=\"683\" src=\"https:\/\/aclinicadrpedromota.pt\/wp-content\/uploads\/2024\/02\/dr-pedro-mota-implantologia-intervencao-1024x683.webp\" class=\"attachment-large size-large wp-image-21426\" alt=\"\" srcset=\"https:\/\/aclinicadrpedromota.pt\/wp-content\/uploads\/2024\/02\/dr-pedro-mota-implantologia-intervencao-1024x683.webp 1024w, https:\/\/aclinicadrpedromota.pt\/wp-content\/uploads\/2024\/02\/dr-pedro-mota-implantologia-intervencao-300x200.webp 300w, https:\/\/aclinicadrpedromota.pt\/wp-content\/uploads\/2024\/02\/dr-pedro-mota-implantologia-intervencao-768x512.webp 768w, https:\/\/aclinicadrpedromota.pt\/wp-content\/uploads\/2024\/02\/dr-pedro-mota-implantologia-intervencao.webp 1200w\" sizes=\"(max-width: 1024px) 100vw, 1024px\" \/>\t\t\t\t\t\t\t\t\t\t\t\t\t\t\t<\/div>\n\t\t\t\t<\/div>\n\t\t\t\t\t<\/div>\n\t\t<\/div>\n\t\t\t\t\t<\/div>\n\t\t<\/section>\n\t\t\t\t<section class=\"elementor-section elementor-top-section elementor-element elementor-element-ba6168e elementor-section-boxed elementor-section-height-default elementor-section-height-default\" data-id=\"ba6168e\" data-element_type=\"section\" data-e-type=\"section\" data-settings=\"{&quot;background_background&quot;:&quot;classic&quot;}\">\n\t\t\t\t\t\t<div class=\"elementor-container elementor-column-gap-default\">\n\t\t\t\t\t<div class=\"elementor-column elementor-col-100 elementor-top-column elementor-element elementor-element-34a2caa\" data-id=\"34a2caa\" data-element_type=\"column\" data-e-type=\"column\">\n\t\t\t<div class=\"elementor-widget-wrap elementor-element-populated\">\n\t\t\t\t\t\t<div class=\"elementor-element elementor-element-f940188 elementor-widget elementor-widget-text-editor\" data-id=\"f940188\" data-element_type=\"widget\" data-e-type=\"widget\" data-widget_type=\"text-editor.default\">\n\t\t\t\t<div class=\"elementor-widget-container\">\n\t\t\t\t\t\t\t\t\t<p><span data-contrast=\"auto\">Among the hundreds of cases she has had, she will not forget her first case, a patient who was traumatized because she saw the prosthesis jump from her mouth every time she sneezed, a situation that had already happened to her in two dinners.<\/span><span data-contrast=\"auto\"> Giving a new and confident smile to this patient, is something that will always be kept in your memory.<\/span><\/p><p><span data-contrast=\"auto\">He knows that there is still some resistance in regular visits to the dentist, due to the monetary factor and the fear factor. He often says to his patients:<\/span> \u201c<i><span data-contrast=\"auto\">It\u2019s not the most expensive treatment, it\u2019s the one that\u2019s right for you. We don\u2019t sell treatment products. We have to find solutions.<\/span><\/i>&#8221; <span data-contrast=\"auto\">and there is always a solution for each case. As for the less frightened, a first consultation is held in which the patient and their expectations are heard, dedramatizing and informing about the treatments to be carried out, among them the possibility of conscious sedation, in which patients<\/span> remain awake, calm and cooperative. The main goal of A Cl\u00ednica Dr. Pedro Mota is that patients <span data-contrast=\"auto\"><i>&#8220;When they enter, they are clients, but when they leave, they are friends.<\/i><\/span><span data-ccp-props=\"{\"201341983\":0,\"335551550\":6,\"335551620\":6,\"335559739\":0,\"335559740\":276}\"> <\/span><\/p>\t\t\t\t\t\t\t\t<\/div>\n\t\t\t\t<\/div>\n\t\t\t\t<div class=\"elementor-element elementor-element-21db5a9 elementor-blockquote--skin-quotation elementor-blockquote--button-color-official elementor-widget elementor-widget-blockquote\" data-id=\"21db5a9\" data-element_type=\"widget\" data-e-type=\"widget\" data-widget_type=\"blockquote.default\">\n\t\t\t\t<div class=\"elementor-widget-container\">\n\t\t\t\t\t\t\t<blockquote class=\"elementor-blockquote\">\n\t\t\t<p class=\"elementor-blockquote__content\">\n\t\t\t\tEven in the mere act of traveling, I draw inspiration for work \t\t\t<\/p>\n\t\t\t\t\t<\/blockquote>\n\t\t\t\t\t\t<\/div>\n\t\t\t\t<\/div>\n\t\t\t\t<div class=\"elementor-element elementor-element-87d1464 elementor-widget elementor-widget-text-editor\" data-id=\"87d1464\" data-element_type=\"widget\" data-e-type=\"widget\" data-widget_type=\"text-editor.default\">\n\t\t\t\t<div class=\"elementor-widget-container\">\n\t\t\t\t\t\t\t\t\t<p><span class=\"TextRun SCXW86922837 BCX0\" lang=\"PT-PT\" xml:lang=\"PT-PT\" data-contrast=\"auto\"><span class=\"NormalTextRun SCXW86922837 BCX0\">Outside the professional context, he is passionate about wine, adrenaline and travel. He does not travel as much as he would like, for lack of time<\/span>, <span class=\"NormalTextRun SCXW86922837 BCX0\">but when he does so in simple contact with people and new places, he takes inspiration from the work. He loves swimming, since he was a child, because it is the only sport that works the whole body. And the sea <\/span>itself <span class=\"NormalTextRun SCXW86922837 BCX0\">has a strong impact of disconnection <\/span><span class=\"NormalTextRun SCXW86922837 BCX0\">from the outside world.<\/span> <span class=\"NormalTextRun SCXW86922837 BCX0\">A kind of retreat in the water. However, since he has been a father &#8211; and is a father of three!<\/span> <span class=\"NormalTextRun SCXW86922837 BCX0\">&#8211;<\/span> he <span class=\"NormalTextRun SCXW86922837 BCX0\">prefers <\/span>to d<span class=\"NormalTextRun SCXW86922837 BCX0\">edicate the little time he has to his family.<\/span> <\/span><span class=\"EOP SCXW86922837 BCX0\" data-ccp-props=\"{\"201341983\":0,\"335551550\":6,\"335551620\":6,\"335559739\":0,\"335559740\":276}\"> <\/span><\/p>\t\t\t\t\t\t\t\t<\/div>\n\t\t\t\t<\/div>\n\t\t\t\t\t<\/div>\n\t\t<\/div>\n\t\t\t\t\t<\/div>\n\t\t<\/section>\n\t\t\t\t<\/div>\n\t\t","protected":false},"excerpt":{"rendered":"<p>Dr. Pedro Mota clinical director | OMD N\u00ba4724 Implantology, oral rehabilitation and oral surgery I left my parents&#8217; house at 18 and never came back Dentist, Clinical Director and Founder off A Cl\u00ednica Dr. Pedro Mota since 2005, he graduated in Dental Medicine, in 2004, at the Faculty of Dental Medicine of the University of [&hellip;]<\/p>\n","protected":false},"author":2,"featured_media":21278,"parent":21289,"menu_order":0,"comment_status":"closed","ping_status":"closed","template":"","meta":{"site-sidebar-layout":"no-sidebar","site-content-layout":"page-builder","ast-site-content-layout":"default","site-content-style":"default","site-sidebar-style":"default","ast-global-header-display":"","ast-banner-title-visibility":"","ast-main-header-display":"","ast-hfb-above-header-display":"","ast-hfb-below-header-display":"","ast-hfb-mobile-header-display":"","site-post-title":"disabled","ast-breadcrumbs-content":"","ast-featured-img":"disabled","footer-sml-layout":"","ast-disable-related-posts":"","theme-transparent-header-meta":"default","adv-header-id-meta":"","stick-header-meta":"","header-above-stick-meta":"","header-main-stick-meta":"","header-below-stick-meta":"","astra-migrate-meta-layouts":"default","ast-page-background-enabled":"default","ast-page-background-meta":{"desktop":{"background-color":"var(--ast-global-color-4)","background-image":"","background-repeat":"repeat","background-position":"center center","background-size":"auto","background-attachment":"scroll","background-type":"","background-media":"","overlay-type":"","overlay-color":"","overlay-opacity":"","overlay-gradient":""},"tablet":{"background-color":"","background-image":"","background-repeat":"repeat","background-position":"center center","background-size":"auto","background-attachment":"scroll","background-type":"","background-media":"","overlay-type":"","overlay-color":"","overlay-opacity":"","overlay-gradient":""},"mobile":{"background-color":"","background-image":"","background-repeat":"repeat","background-position":"center center","background-size":"auto","background-attachment":"scroll","background-type":"","background-media":"","overlay-type":"","overlay-color":"","overlay-opacity":"","overlay-gradient":""}},"ast-content-background-meta":{"desktop":{"background-color":"var(--ast-global-color-5)","background-image":"","background-repeat":"repeat","background-position":"center center","background-size":"auto","background-attachment":"scroll","background-type":"","background-media":"","overlay-type":"","overlay-color":"","overlay-opacity":"","overlay-gradient":""},"tablet":{"background-color":"var(--ast-global-color-5)","background-image":"","background-repeat":"repeat","background-position":"center center","background-size":"auto","background-attachment":"scroll","background-type":"","background-media":"","overlay-type":"","overlay-color":"","overlay-opacity":"","overlay-gradient":""},"mobile":{"background-color":"var(--ast-global-color-5)","background-image":"","background-repeat":"repeat","background-position":"center center","background-size":"auto","background-attachment":"scroll","background-type":"","background-media":"","overlay-type":"","overlay-color":"","overlay-opacity":"","overlay-gradient":""}},"_joinchat":[],"footnotes":""},"class_list":["post-21427","page","type-page","status-publish","has-post-thumbnail","hentry"],"_links":{"self":[{"href":"https:\/\/aclinicadrpedromota.pt\/en\/wp-json\/wp\/v2\/pages\/21427","targetHints":{"allow":["GET"]}}],"collection":[{"href":"https:\/\/aclinicadrpedromota.pt\/en\/wp-json\/wp\/v2\/pages"}],"about":[{"href":"https:\/\/aclinicadrpedromota.pt\/en\/wp-json\/wp\/v2\/types\/page"}],"author":[{"embeddable":true,"href":"https:\/\/aclinicadrpedromota.pt\/en\/wp-json\/wp\/v2\/users\/2"}],"replies":[{"embeddable":true,"href":"https:\/\/aclinicadrpedromota.pt\/en\/wp-json\/wp\/v2\/comments?post=21427"}],"version-history":[{"count":0,"href":"https:\/\/aclinicadrpedromota.pt\/en\/wp-json\/wp\/v2\/pages\/21427\/revisions"}],"up":[{"embeddable":true,"href":"https:\/\/aclinicadrpedromota.pt\/en\/wp-json\/wp\/v2\/pages\/21289"}],"wp:featuredmedia":[{"embeddable":true,"href":"https:\/\/aclinicadrpedromota.pt\/en\/wp-json\/wp\/v2\/media\/21278"}],"wp:attachment":[{"href":"https:\/\/aclinicadrpedromota.pt\/en\/wp-json\/wp\/v2\/media?parent=21427"}],"curies":[{"name":"wp","href":"https:\/\/api.w.org\/{rel}","templated":true}]}}